{"id":2557,"date":"2025-02-16T16:23:23","date_gmt":"2025-02-16T15:23:23","guid":{"rendered":"https:\/?post_type=product&#038;p=2557"},"modified":"2026-02-25T12:54:38","modified_gmt":"2026-02-25T11:54:38","slug":"smok","status":"publish","type":"product","link":"https:\/\/herbaltattoo.eu\/pl\/produkt\/smok\/","title":{"rendered":"Smok"},"content":{"rendered":"<p>Tatua\u017c ze smokiem symbolizuje si\u0142\u0119, m\u0105dro\u015b\u0107, odwag\u0119 i transformacj\u0119. Smok jest cz\u0119sto postrzegany jako pot\u0119\u017cna istota, kt\u00f3ra pokonuje przeszkody i reprezentuje energi\u0119 duchow\u0105 oraz ochron\u0119. W wielu kulturach jest tak\u017ce symbolem magii, tajemnicy i nieograniczonych mo\u017cliwo\u015bci, a tak\u017ce r\u00f3wnowagi mi\u0119dzy przeciwno\u015bciami, jak ogie\u0144 i woda.<\/p>\n","protected":false},"excerpt":{"rendered":"<p>Tatua\u017c ze smokiem symbolizuje si\u0142\u0119, m\u0105dro\u015b\u0107, odwag\u0119 i transformacj\u0119. Smok jest cz\u0119sto postrzegany jako pot\u0119\u017cna istota, kt\u00f3ra pokonuje przeszkody i reprezentuje energi\u0119 duchow\u0105 oraz ochron\u0119. W wielu kulturach jest tak\u017ce symbolem magii, tajemnicy i nieograniczonych mo\u017cliwo\u015bci, a tak\u017ce r\u00f3wnowagi mi\u0119dzy przeciwno\u015bciami, jak ogie\u0144 i woda.<\/p>\n","protected":false},"featured_media":2685,"template":"","meta":{"_monsterinsights_skip_tracking":false,"_monsterinsights_sitenote_active":false,"_monsterinsights_sitenote_note":"","_monsterinsights_sitenote_category":0,"_kadence_starter_templates_imported_post":false,"_kad_post_transparent":"default","_kad_post_title":"","_kad_post_layout":"default","_kad_post_sidebar_id":"","_kad_post_content_style":"default","_kad_post_vertical_padding":"default","_kad_post_feature":"","_kad_post_feature_position":"","_kad_post_header":false,"_kad_post_footer":false,"_kad_post_classname":""},"product_brand":[],"product_cat":[51,16],"product_tag":[],"class_list":{"0":"post-2557","1":"product","2":"type-product","3":"status-publish","4":"has-post-thumbnail","6":"product_cat-male","7":"product_cat-wszystko","9":"first","10":"instock","11":"taxable","12":"shipping-taxable","13":"purchasable","14":"product-type-simple","15":"entry","16":"content-bg","17":"loop-entry"},"jetpack_sharing_enabled":true,"_links":{"self":[{"href":"https:\/\/herbaltattoo.eu\/pl\/wp-json\/wp\/v2\/product\/2557","targetHints":{"allow":["GET"]}}],"collection":[{"href":"https:\/\/herbaltattoo.eu\/pl\/wp-json\/wp\/v2\/product"}],"about":[{"href":"https:\/\/herbaltattoo.eu\/pl\/wp-json\/wp\/v2\/types\/product"}],"wp:featuredmedia":[{"embeddable":true,"href":"https:\/\/herbaltattoo.eu\/pl\/wp-json\/wp\/v2\/media\/2685"}],"wp:attachment":[{"href":"https:\/\/herbaltattoo.eu\/pl\/wp-json\/wp\/v2\/media?parent=2557"}],"wp:term":[{"taxonomy":"product_brand","embeddable":true,"href":"https:\/\/herbaltattoo.eu\/pl\/wp-json\/wp\/v2\/product_brand?post=2557"},{"taxonomy":"product_cat","embeddable":true,"href":"https:\/\/herbaltattoo.eu\/pl\/wp-json\/wp\/v2\/product_cat?post=2557"},{"taxonomy":"product_tag","embeddable":true,"href":"https:\/\/herbaltattoo.eu\/pl\/wp-json\/wp\/v2\/product_tag?post=2557"}],"curies":[{"name":"wp","href":"https:\/\/api.w.org\/{rel}","templated":true}]}}