{"id":2467,"date":"2025-02-15T21:01:44","date_gmt":"2025-02-15T20:01:44","guid":{"rendered":"https:\/?post_type=product&#038;p=2467"},"modified":"2026-02-25T12:59:10","modified_gmt":"2026-02-25T11:59:10","slug":"memento-mori","status":"publish","type":"product","link":"https:\/\/herbaltattoo.eu\/pl\/produkt\/memento-mori\/","title":{"rendered":"Memento Mori"},"content":{"rendered":"<p>Tatua\u017c z napisem \u201eMemento Mori\u201d (\u0142ac. \u201ePami\u0119taj o \u015bmierci\u201d) przypomina o krucho\u015bci \u017cycia i nieuchronno\u015bci \u015bmierci. Jest to symbol refleksji nad przemijalno\u015bci\u0105 czasu, sk\u0142aniaj\u0105cy do doceniania tera\u017aniejszo\u015bci i \u017cyciem pe\u0142nym sensu. Mo\u017ce tak\u017ce oznacza\u0107 pokor\u0119 wobec \u015bmierci i przypomnienie o \u017cyciu zgodnym z w\u0142asnymi warto\u015bciami, niezale\u017cnie od trudno\u015bci.<\/p>\n","protected":false},"excerpt":{"rendered":"<p>Tatua\u017c z napisem \u201eMemento Mori\u201d (\u0142ac. \u201ePami\u0119taj o \u015bmierci\u201d) przypomina o krucho\u015bci \u017cycia i nieuchronno\u015bci \u015bmierci. Jest to symbol refleksji nad przemijalno\u015bci\u0105 czasu, sk\u0142aniaj\u0105cy do doceniania tera\u017aniejszo\u015bci i \u017cyciem pe\u0142nym sensu. Mo\u017ce tak\u017ce oznacza\u0107 pokor\u0119 wobec \u015bmierci i przypomnienie o \u017cyciu zgodnym z w\u0142asnymi warto\u015bciami, niezale\u017cnie od trudno\u015bci.<\/p>\n","protected":false},"featured_media":2468,"template":"","meta":{"_monsterinsights_skip_tracking":false,"_monsterinsights_sitenote_active":false,"_monsterinsights_sitenote_note":"","_monsterinsights_sitenote_category":0,"_kadence_starter_templates_imported_post":false,"_kad_post_transparent":"default","_kad_post_title":"","_kad_post_layout":"default","_kad_post_sidebar_id":"","_kad_post_content_style":"default","_kad_post_vertical_padding":"default","_kad_post_feature":"","_kad_post_feature_position":"","_kad_post_header":false,"_kad_post_footer":false,"_kad_post_classname":""},"product_brand":[],"product_cat":[49,16],"product_tag":[],"class_list":{"0":"post-2467","1":"product","2":"type-product","3":"status-publish","4":"has-post-thumbnail","6":"product_cat-pelne","7":"product_cat-wszystko","9":"first","10":"instock","11":"taxable","12":"shipping-taxable","13":"purchasable","14":"product-type-simple","15":"entry","16":"content-bg","17":"loop-entry"},"jetpack_sharing_enabled":true,"_links":{"self":[{"href":"https:\/\/herbaltattoo.eu\/pl\/wp-json\/wp\/v2\/product\/2467","targetHints":{"allow":["GET"]}}],"collection":[{"href":"https:\/\/herbaltattoo.eu\/pl\/wp-json\/wp\/v2\/product"}],"about":[{"href":"https:\/\/herbaltattoo.eu\/pl\/wp-json\/wp\/v2\/types\/product"}],"wp:featuredmedia":[{"embeddable":true,"href":"https:\/\/herbaltattoo.eu\/pl\/wp-json\/wp\/v2\/media\/2468"}],"wp:attachment":[{"href":"https:\/\/herbaltattoo.eu\/pl\/wp-json\/wp\/v2\/media?parent=2467"}],"wp:term":[{"taxonomy":"product_brand","embeddable":true,"href":"https:\/\/herbaltattoo.eu\/pl\/wp-json\/wp\/v2\/product_brand?post=2467"},{"taxonomy":"product_cat","embeddable":true,"href":"https:\/\/herbaltattoo.eu\/pl\/wp-json\/wp\/v2\/product_cat?post=2467"},{"taxonomy":"product_tag","embeddable":true,"href":"https:\/\/herbaltattoo.eu\/pl\/wp-json\/wp\/v2\/product_tag?post=2467"}],"curies":[{"name":"wp","href":"https:\/\/api.w.org\/{rel}","templated":true}]}}