{"id":2459,"date":"2025-02-15T19:42:38","date_gmt":"2025-02-15T18:42:38","guid":{"rendered":"https:\/?post_type=product&#038;p=2459"},"modified":"2026-02-25T12:59:10","modified_gmt":"2026-02-25T11:59:10","slug":"kobieta-wilk","status":"publish","type":"product","link":"https:\/\/herbaltattoo.eu\/pl\/produkt\/kobieta-wilk\/","title":{"rendered":"Kobieta wilk"},"content":{"rendered":"<p>Tatua\u017c z motywem kobiety i wilka symbolizuje si\u0142\u0119, niezale\u017cno\u015b\u0107 i dziko\u015b\u0107. Kobieta wilk mo\u017ce reprezentowa\u0107 po\u0142\u0105czenie delikatno\u015bci i mocy, \u0142\u0105cz\u0105c kobiec\u0105 intuicj\u0119 z wilcz\u0105 wolno\u015bci\u0105 i instynktem. Taki tatua\u017c mo\u017ce tak\u017ce oznacza\u0107 r\u00f3wnowag\u0119 mi\u0119dzy tym, co pierwotne, a subteln\u0105 kobieco\u015bci\u0105, a tak\u017ce niezale\u017cno\u015b\u0107 i gotowo\u015b\u0107 do stawiania czo\u0142a trudno\u015bciom w \u017cyciu.<\/p>\n","protected":false},"excerpt":{"rendered":"<p>Tatua\u017c z motywem kobiety i wilka symbolizuje si\u0142\u0119, niezale\u017cno\u015b\u0107 i dziko\u015b\u0107. Kobieta wilk mo\u017ce reprezentowa\u0107 po\u0142\u0105czenie delikatno\u015bci i mocy, \u0142\u0105cz\u0105c kobiec\u0105 intuicj\u0119 z wilcz\u0105 wolno\u015bci\u0105 i instynktem. Taki tatua\u017c mo\u017ce tak\u017ce oznacza\u0107 r\u00f3wnowag\u0119 mi\u0119dzy tym, co pierwotne, a subteln\u0105 kobieco\u015bci\u0105, a tak\u017ce niezale\u017cno\u015b\u0107 i gotowo\u015b\u0107 do stawiania czo\u0142a trudno\u015bciom w \u017cyciu.<\/p>\n","protected":false},"featured_media":2460,"template":"","meta":{"_monsterinsights_skip_tracking":false,"_monsterinsights_sitenote_active":false,"_monsterinsights_sitenote_note":"","_monsterinsights_sitenote_category":0,"_kadence_starter_templates_imported_post":false,"_kad_post_transparent":"default","_kad_post_title":"","_kad_post_layout":"default","_kad_post_sidebar_id":"","_kad_post_content_style":"default","_kad_post_vertical_padding":"default","_kad_post_feature":"","_kad_post_feature_position":"","_kad_post_header":false,"_kad_post_footer":false,"_kad_post_classname":""},"product_brand":[],"product_cat":[49,16],"product_tag":[],"class_list":{"0":"post-2459","1":"product","2":"type-product","3":"status-publish","4":"has-post-thumbnail","6":"product_cat-pelne","7":"product_cat-wszystko","9":"first","10":"outofstock","11":"taxable","12":"shipping-taxable","13":"purchasable","14":"product-type-simple","15":"entry","16":"content-bg","17":"loop-entry"},"jetpack_sharing_enabled":true,"_links":{"self":[{"href":"https:\/\/herbaltattoo.eu\/pl\/wp-json\/wp\/v2\/product\/2459","targetHints":{"allow":["GET"]}}],"collection":[{"href":"https:\/\/herbaltattoo.eu\/pl\/wp-json\/wp\/v2\/product"}],"about":[{"href":"https:\/\/herbaltattoo.eu\/pl\/wp-json\/wp\/v2\/types\/product"}],"wp:featuredmedia":[{"embeddable":true,"href":"https:\/\/herbaltattoo.eu\/pl\/wp-json\/wp\/v2\/media\/2460"}],"wp:attachment":[{"href":"https:\/\/herbaltattoo.eu\/pl\/wp-json\/wp\/v2\/media?parent=2459"}],"wp:term":[{"taxonomy":"product_brand","embeddable":true,"href":"https:\/\/herbaltattoo.eu\/pl\/wp-json\/wp\/v2\/product_brand?post=2459"},{"taxonomy":"product_cat","embeddable":true,"href":"https:\/\/herbaltattoo.eu\/pl\/wp-json\/wp\/v2\/product_cat?post=2459"},{"taxonomy":"product_tag","embeddable":true,"href":"https:\/\/herbaltattoo.eu\/pl\/wp-json\/wp\/v2\/product_tag?post=2459"}],"curies":[{"name":"wp","href":"https:\/\/api.w.org\/{rel}","templated":true}]}}