{"id":2449,"date":"2025-02-15T19:34:49","date_gmt":"2025-02-15T18:34:49","guid":{"rendered":"https:\/?post_type=product&#038;p=2449"},"modified":"2026-02-25T12:59:11","modified_gmt":"2026-02-25T11:59:11","slug":"aniolki","status":"publish","type":"product","link":"https:\/\/herbaltattoo.eu\/pl\/produkt\/aniolki\/","title":{"rendered":"Anio\u0142ki"},"content":{"rendered":"<p>Tatua\u017c z trzema anio\u0142ami mo\u017ce symbolizowa\u0107 ochron\u0119, r\u00f3wnowag\u0119 i duchowe przewodnictwo. Trzy anio\u0142y mog\u0105 reprezentowa\u0107 r\u00f3\u017cne aspekty \u017cycia, takie jak przesz\u0142o\u015b\u0107, tera\u017aniejszo\u015b\u0107 i przysz\u0142o\u015b\u0107, lub ducha, umys\u0142 i cia\u0142o. W niekt\u00f3rych interpretacjach trzy anio\u0142y to r\u00f3wnie\u017c symbol opieki nad osob\u0105, wskazuj\u0105c na wsparcie w trudnych chwilach. Taki tatua\u017c mo\u017ce wyra\u017ca\u0107 wiar\u0119 w duchow\u0105 si\u0142\u0119, harmoni\u0119 i ochron\u0119 w \u017cyciu.<\/p>\n","protected":false},"excerpt":{"rendered":"<p>Tatua\u017c z trzema anio\u0142ami mo\u017ce symbolizowa\u0107 ochron\u0119, r\u00f3wnowag\u0119 i duchowe przewodnictwo. Trzy anio\u0142y mog\u0105 reprezentowa\u0107 r\u00f3\u017cne aspekty \u017cycia, takie jak przesz\u0142o\u015b\u0107, tera\u017aniejszo\u015b\u0107 i przysz\u0142o\u015b\u0107, lub ducha, umys\u0142 i cia\u0142o. W niekt\u00f3rych interpretacjach trzy anio\u0142y to r\u00f3wnie\u017c symbol opieki nad osob\u0105, wskazuj\u0105c na wsparcie w trudnych chwilach. Taki tatua\u017c mo\u017ce wyra\u017ca\u0107 wiar\u0119 w duchow\u0105 si\u0142\u0119, harmoni\u0119&#8230;<\/p>\n","protected":false},"featured_media":2450,"template":"","meta":{"_monsterinsights_skip_tracking":false,"_monsterinsights_sitenote_active":false,"_monsterinsights_sitenote_note":"","_monsterinsights_sitenote_category":0,"_kadence_starter_templates_imported_post":false,"_kad_post_transparent":"default","_kad_post_title":"","_kad_post_layout":"default","_kad_post_sidebar_id":"","_kad_post_content_style":"default","_kad_post_vertical_padding":"default","_kad_post_feature":"","_kad_post_feature_position":"","_kad_post_header":false,"_kad_post_footer":false,"_kad_post_classname":""},"product_brand":[],"product_cat":[49,16],"product_tag":[],"class_list":{"0":"post-2449","1":"product","2":"type-product","3":"status-publish","4":"has-post-thumbnail","6":"product_cat-pelne","7":"product_cat-wszystko","9":"first","10":"instock","11":"taxable","12":"shipping-taxable","13":"purchasable","14":"product-type-simple","15":"entry","16":"content-bg","17":"loop-entry"},"jetpack_sharing_enabled":true,"_links":{"self":[{"href":"https:\/\/herbaltattoo.eu\/pl\/wp-json\/wp\/v2\/product\/2449","targetHints":{"allow":["GET"]}}],"collection":[{"href":"https:\/\/herbaltattoo.eu\/pl\/wp-json\/wp\/v2\/product"}],"about":[{"href":"https:\/\/herbaltattoo.eu\/pl\/wp-json\/wp\/v2\/types\/product"}],"wp:featuredmedia":[{"embeddable":true,"href":"https:\/\/herbaltattoo.eu\/pl\/wp-json\/wp\/v2\/media\/2450"}],"wp:attachment":[{"href":"https:\/\/herbaltattoo.eu\/pl\/wp-json\/wp\/v2\/media?parent=2449"}],"wp:term":[{"taxonomy":"product_brand","embeddable":true,"href":"https:\/\/herbaltattoo.eu\/pl\/wp-json\/wp\/v2\/product_brand?post=2449"},{"taxonomy":"product_cat","embeddable":true,"href":"https:\/\/herbaltattoo.eu\/pl\/wp-json\/wp\/v2\/product_cat?post=2449"},{"taxonomy":"product_tag","embeddable":true,"href":"https:\/\/herbaltattoo.eu\/pl\/wp-json\/wp\/v2\/product_tag?post=2449"}],"curies":[{"name":"wp","href":"https:\/\/api.w.org\/{rel}","templated":true}]}}