{"id":2405,"date":"2025-02-13T20:46:22","date_gmt":"2025-02-13T19:46:22","guid":{"rendered":"https:\/?post_type=product&#038;p=2405"},"modified":"2026-02-25T12:59:12","modified_gmt":"2026-02-25T11:59:12","slug":"tygrys","status":"publish","type":"product","link":"https:\/\/herbaltattoo.eu\/pl\/produkt\/tygrys\/","title":{"rendered":"Tygrys"},"content":{"rendered":"<p>Tatua\u017c z motywem tygrysa symbolizuje si\u0142\u0119, odwag\u0119, determinacj\u0119 i niezale\u017cno\u015b\u0107. Tygrys jest r\u00f3wnie\u017c symbolem w\u0142adzy i zmys\u0142owo\u015bci, a jego dziko\u015b\u0107 mo\u017ce wyra\u017ca\u0107 gotowo\u015b\u0107 do stawiania czo\u0142a trudno\u015bciom. Taki tatua\u017c to tak\u017ce wyraz szacunku do natury i jej dzikiej, nieokie\u0142znanej energii.<\/p>\n","protected":false},"excerpt":{"rendered":"<p>Tatua\u017c z motywem tygrysa symbolizuje si\u0142\u0119, odwag\u0119, determinacj\u0119 i niezale\u017cno\u015b\u0107. Tygrys jest r\u00f3wnie\u017c symbolem w\u0142adzy i zmys\u0142owo\u015bci, a jego dziko\u015b\u0107 mo\u017ce wyra\u017ca\u0107 gotowo\u015b\u0107 do stawiania czo\u0142a trudno\u015bciom. Taki tatua\u017c to tak\u017ce wyraz szacunku do natury i jej dzikiej, nieokie\u0142znanej energii.<\/p>\n","protected":false},"featured_media":2411,"template":"","meta":{"_monsterinsights_skip_tracking":false,"_monsterinsights_sitenote_active":false,"_monsterinsights_sitenote_note":"","_monsterinsights_sitenote_category":0,"_kadence_starter_templates_imported_post":false,"_kad_post_transparent":"default","_kad_post_title":"","_kad_post_layout":"default","_kad_post_sidebar_id":"","_kad_post_content_style":"default","_kad_post_vertical_padding":"default","_kad_post_feature":"","_kad_post_feature_position":"","_kad_post_header":false,"_kad_post_footer":false,"_kad_post_classname":""},"product_brand":[],"product_cat":[49,16],"product_tag":[],"class_list":{"0":"post-2405","1":"product","2":"type-product","3":"status-publish","4":"has-post-thumbnail","6":"product_cat-pelne","7":"product_cat-wszystko","9":"first","10":"instock","11":"taxable","12":"shipping-taxable","13":"purchasable","14":"product-type-simple","15":"entry","16":"content-bg","17":"loop-entry"},"jetpack_sharing_enabled":true,"_links":{"self":[{"href":"https:\/\/herbaltattoo.eu\/pl\/wp-json\/wp\/v2\/product\/2405","targetHints":{"allow":["GET"]}}],"collection":[{"href":"https:\/\/herbaltattoo.eu\/pl\/wp-json\/wp\/v2\/product"}],"about":[{"href":"https:\/\/herbaltattoo.eu\/pl\/wp-json\/wp\/v2\/types\/product"}],"wp:featuredmedia":[{"embeddable":true,"href":"https:\/\/herbaltattoo.eu\/pl\/wp-json\/wp\/v2\/media\/2411"}],"wp:attachment":[{"href":"https:\/\/herbaltattoo.eu\/pl\/wp-json\/wp\/v2\/media?parent=2405"}],"wp:term":[{"taxonomy":"product_brand","embeddable":true,"href":"https:\/\/herbaltattoo.eu\/pl\/wp-json\/wp\/v2\/product_brand?post=2405"},{"taxonomy":"product_cat","embeddable":true,"href":"https:\/\/herbaltattoo.eu\/pl\/wp-json\/wp\/v2\/product_cat?post=2405"},{"taxonomy":"product_tag","embeddable":true,"href":"https:\/\/herbaltattoo.eu\/pl\/wp-json\/wp\/v2\/product_tag?post=2405"}],"curies":[{"name":"wp","href":"https:\/\/api.w.org\/{rel}","templated":true}]}}