{"id":2397,"date":"2025-02-13T20:43:06","date_gmt":"2025-02-13T19:43:06","guid":{"rendered":"https:\/?post_type=product&#038;p=2397"},"modified":"2026-02-25T12:59:12","modified_gmt":"2026-02-25T11:59:12","slug":"kompas-2","status":"publish","type":"product","link":"https:\/\/herbaltattoo.eu\/pl\/produkt\/kompas-2\/","title":{"rendered":"Kompas"},"content":{"rendered":"<p>Tatua\u017c z kompasem symbolizuje kierunek, cel i orientacj\u0119 w \u017cyciu. Mo\u017ce oznacza\u0107 poszukiwanie swojej drogi, niezale\u017cno\u015b\u0107 i gotowo\u015b\u0107 do podj\u0119cia nowych wyzwa\u0144. Kompas w tatua\u017cu cz\u0119sto wyra\u017ca ch\u0119\u0107 odkrywania \u015bwiata, a tak\u017ce przypomnienie, \u017ce warto pod\u0105\u017ca\u0107 za swoimi warto\u015bciami i intuicj\u0105, niezale\u017cnie od trudno\u015bci.<\/p>\n","protected":false},"excerpt":{"rendered":"<p>Tatua\u017c z kompasem symbolizuje kierunek, cel i orientacj\u0119 w \u017cyciu. Mo\u017ce oznacza\u0107 poszukiwanie swojej drogi, niezale\u017cno\u015b\u0107 i gotowo\u015b\u0107 do podj\u0119cia nowych wyzwa\u0144. Kompas w tatua\u017cu cz\u0119sto wyra\u017ca ch\u0119\u0107 odkrywania \u015bwiata, a tak\u017ce przypomnienie, \u017ce warto pod\u0105\u017ca\u0107 za swoimi warto\u015bciami i intuicj\u0105, niezale\u017cnie od trudno\u015bci.<\/p>\n","protected":false},"featured_media":2416,"template":"","meta":{"_monsterinsights_skip_tracking":false,"_monsterinsights_sitenote_active":false,"_monsterinsights_sitenote_note":"","_monsterinsights_sitenote_category":0,"_kadence_starter_templates_imported_post":false,"_kad_post_transparent":"default","_kad_post_title":"","_kad_post_layout":"default","_kad_post_sidebar_id":"","_kad_post_content_style":"default","_kad_post_vertical_padding":"default","_kad_post_feature":"","_kad_post_feature_position":"","_kad_post_header":false,"_kad_post_footer":false,"_kad_post_classname":""},"product_brand":[],"product_cat":[49,16],"product_tag":[],"class_list":{"0":"post-2397","1":"product","2":"type-product","3":"status-publish","4":"has-post-thumbnail","6":"product_cat-pelne","7":"product_cat-wszystko","9":"first","10":"instock","11":"taxable","12":"shipping-taxable","13":"purchasable","14":"product-type-simple","15":"entry","16":"content-bg","17":"loop-entry"},"jetpack_sharing_enabled":true,"_links":{"self":[{"href":"https:\/\/herbaltattoo.eu\/pl\/wp-json\/wp\/v2\/product\/2397","targetHints":{"allow":["GET"]}}],"collection":[{"href":"https:\/\/herbaltattoo.eu\/pl\/wp-json\/wp\/v2\/product"}],"about":[{"href":"https:\/\/herbaltattoo.eu\/pl\/wp-json\/wp\/v2\/types\/product"}],"wp:featuredmedia":[{"embeddable":true,"href":"https:\/\/herbaltattoo.eu\/pl\/wp-json\/wp\/v2\/media\/2416"}],"wp:attachment":[{"href":"https:\/\/herbaltattoo.eu\/pl\/wp-json\/wp\/v2\/media?parent=2397"}],"wp:term":[{"taxonomy":"product_brand","embeddable":true,"href":"https:\/\/herbaltattoo.eu\/pl\/wp-json\/wp\/v2\/product_brand?post=2397"},{"taxonomy":"product_cat","embeddable":true,"href":"https:\/\/herbaltattoo.eu\/pl\/wp-json\/wp\/v2\/product_cat?post=2397"},{"taxonomy":"product_tag","embeddable":true,"href":"https:\/\/herbaltattoo.eu\/pl\/wp-json\/wp\/v2\/product_tag?post=2397"}],"curies":[{"name":"wp","href":"https:\/\/api.w.org\/{rel}","templated":true}]}}