{"id":2374,"date":"2025-02-13T20:28:33","date_gmt":"2025-02-13T19:28:33","guid":{"rendered":"https:\/?post_type=product&#038;p=2374"},"modified":"2026-02-25T12:59:53","modified_gmt":"2026-02-25T11:59:53","slug":"czaszka-i-kwiaty","status":"publish","type":"product","link":"https:\/\/herbaltattoo.eu\/pl\/produkt\/czaszka-i-kwiaty\/","title":{"rendered":"Czaszka i kwiaty"},"content":{"rendered":"<p>Tatua\u017c z czaszk\u0105 i kwiatami symbolizuje r\u00f3wnowag\u0119 mi\u0119dzy \u017cyciem a \u015bmierci\u0105, pi\u0119knem a przemijaniem. Czaszka cz\u0119sto odnosi si\u0119 do \u015bmierci, memento mori i przypomnienia o krucho\u015bci \u017cycia, podczas gdy kwiaty symbolizuj\u0105 \u017cycie, wzrost i pi\u0119kno. Po\u0142\u0105czenie tych element\u00f3w wyra\u017ca cykliczno\u015b\u0107 istnienia, odrodzenie oraz akceptacj\u0119 przemijania, ukazuj\u0105c jednocze\u015bnie si\u0142\u0119 i delikatno\u015b\u0107 w obliczu nieuchronnych zmian.<\/p>\n","protected":false},"excerpt":{"rendered":"<p>Tatua\u017c z czaszk\u0105 i kwiatami symbolizuje r\u00f3wnowag\u0119 mi\u0119dzy \u017cyciem a \u015bmierci\u0105, pi\u0119knem a przemijaniem. Czaszka cz\u0119sto odnosi si\u0119 do \u015bmierci, memento mori i przypomnienia o krucho\u015bci \u017cycia, podczas gdy kwiaty symbolizuj\u0105 \u017cycie, wzrost i pi\u0119kno. Po\u0142\u0105czenie tych element\u00f3w wyra\u017ca cykliczno\u015b\u0107 istnienia, odrodzenie oraz akceptacj\u0119 przemijania, ukazuj\u0105c jednocze\u015bnie si\u0142\u0119 i delikatno\u015b\u0107 w obliczu nieuchronnych zmian.<\/p>\n","protected":false},"featured_media":2425,"template":"","meta":{"_monsterinsights_skip_tracking":false,"_monsterinsights_sitenote_active":false,"_monsterinsights_sitenote_note":"","_monsterinsights_sitenote_category":0,"_kadence_starter_templates_imported_post":false,"_kad_post_transparent":"default","_kad_post_title":"","_kad_post_layout":"default","_kad_post_sidebar_id":"","_kad_post_content_style":"default","_kad_post_vertical_padding":"default","_kad_post_feature":"","_kad_post_feature_position":"","_kad_post_header":false,"_kad_post_footer":false,"_kad_post_classname":""},"product_brand":[],"product_cat":[49,16],"product_tag":[],"class_list":{"0":"post-2374","1":"product","2":"type-product","3":"status-publish","4":"has-post-thumbnail","6":"product_cat-pelne","7":"product_cat-wszystko","9":"first","10":"instock","11":"taxable","12":"shipping-taxable","13":"purchasable","14":"product-type-simple","15":"entry","16":"content-bg","17":"loop-entry"},"jetpack_sharing_enabled":true,"_links":{"self":[{"href":"https:\/\/herbaltattoo.eu\/pl\/wp-json\/wp\/v2\/product\/2374","targetHints":{"allow":["GET"]}}],"collection":[{"href":"https:\/\/herbaltattoo.eu\/pl\/wp-json\/wp\/v2\/product"}],"about":[{"href":"https:\/\/herbaltattoo.eu\/pl\/wp-json\/wp\/v2\/types\/product"}],"wp:featuredmedia":[{"embeddable":true,"href":"https:\/\/herbaltattoo.eu\/pl\/wp-json\/wp\/v2\/media\/2425"}],"wp:attachment":[{"href":"https:\/\/herbaltattoo.eu\/pl\/wp-json\/wp\/v2\/media?parent=2374"}],"wp:term":[{"taxonomy":"product_brand","embeddable":true,"href":"https:\/\/herbaltattoo.eu\/pl\/wp-json\/wp\/v2\/product_brand?post=2374"},{"taxonomy":"product_cat","embeddable":true,"href":"https:\/\/herbaltattoo.eu\/pl\/wp-json\/wp\/v2\/product_cat?post=2374"},{"taxonomy":"product_tag","embeddable":true,"href":"https:\/\/herbaltattoo.eu\/pl\/wp-json\/wp\/v2\/product_tag?post=2374"}],"curies":[{"name":"wp","href":"https:\/\/api.w.org\/{rel}","templated":true}]}}