{"id":2364,"date":"2025-02-13T20:22:59","date_gmt":"2025-02-13T19:22:59","guid":{"rendered":"https:\/?post_type=product&#038;p=2364"},"modified":"2026-02-25T12:59:53","modified_gmt":"2026-02-25T11:59:53","slug":"stitch","status":"publish","type":"product","link":"https:\/\/herbaltattoo.eu\/pl\/produkt\/stitch\/","title":{"rendered":"Stitch"},"content":{"rendered":"<p>Tatua\u017c z motywem Stitcha z <em data-start=\"27\" data-end=\"42\">Lilo &amp; Stitch<\/em> symbolizuje przyja\u017a\u0144, lojalno\u015b\u0107 i akceptacj\u0119. Stitch, mimo swojego niegrzecznego zachowania, staje si\u0119 symbolem mi\u0142o\u015bci i rodziny, pokazuj\u0105c, \u017ce ka\u017cda istota, nawet ta, kt\u00f3ra na pierwszy rzut oka wydaje si\u0119 inna, zas\u0142uguje na akceptacj\u0119 i szans\u0119 na lepsze \u017cycie. Taki tatua\u017c mo\u017ce wyra\u017ca\u0107 warto\u015b\u0107 bliskich wi\u0119zi i bycia sob\u0105, niezale\u017cnie od tego, jak jeste\u015bmy postrzegani przez innych.<\/p>\n","protected":false},"excerpt":{"rendered":"<p>Tatua\u017c z motywem Stitcha z Lilo &amp; Stitch symbolizuje przyja\u017a\u0144, lojalno\u015b\u0107 i akceptacj\u0119. Stitch, mimo swojego niegrzecznego zachowania, staje si\u0119 symbolem mi\u0142o\u015bci i rodziny, pokazuj\u0105c, \u017ce ka\u017cda istota, nawet ta, kt\u00f3ra na pierwszy rzut oka wydaje si\u0119 inna, zas\u0142uguje na akceptacj\u0119 i szans\u0119 na lepsze \u017cycie. Taki tatua\u017c mo\u017ce wyra\u017ca\u0107 warto\u015b\u0107 bliskich wi\u0119zi i bycia&#8230;<\/p>\n","protected":false},"featured_media":2432,"template":"","meta":{"_monsterinsights_skip_tracking":false,"_monsterinsights_sitenote_active":false,"_monsterinsights_sitenote_note":"","_monsterinsights_sitenote_category":0,"_kadence_starter_templates_imported_post":false,"_kad_post_transparent":"default","_kad_post_title":"","_kad_post_layout":"default","_kad_post_sidebar_id":"","_kad_post_content_style":"default","_kad_post_vertical_padding":"default","_kad_post_feature":"","_kad_post_feature_position":"","_kad_post_header":false,"_kad_post_footer":false,"_kad_post_classname":""},"product_brand":[],"product_cat":[49,16],"product_tag":[],"class_list":{"0":"post-2364","1":"product","2":"type-product","3":"status-publish","4":"has-post-thumbnail","6":"product_cat-pelne","7":"product_cat-wszystko","9":"first","10":"outofstock","11":"taxable","12":"shipping-taxable","13":"purchasable","14":"product-type-simple","15":"entry","16":"content-bg","17":"loop-entry"},"jetpack_sharing_enabled":true,"_links":{"self":[{"href":"https:\/\/herbaltattoo.eu\/pl\/wp-json\/wp\/v2\/product\/2364","targetHints":{"allow":["GET"]}}],"collection":[{"href":"https:\/\/herbaltattoo.eu\/pl\/wp-json\/wp\/v2\/product"}],"about":[{"href":"https:\/\/herbaltattoo.eu\/pl\/wp-json\/wp\/v2\/types\/product"}],"wp:featuredmedia":[{"embeddable":true,"href":"https:\/\/herbaltattoo.eu\/pl\/wp-json\/wp\/v2\/media\/2432"}],"wp:attachment":[{"href":"https:\/\/herbaltattoo.eu\/pl\/wp-json\/wp\/v2\/media?parent=2364"}],"wp:term":[{"taxonomy":"product_brand","embeddable":true,"href":"https:\/\/herbaltattoo.eu\/pl\/wp-json\/wp\/v2\/product_brand?post=2364"},{"taxonomy":"product_cat","embeddable":true,"href":"https:\/\/herbaltattoo.eu\/pl\/wp-json\/wp\/v2\/product_cat?post=2364"},{"taxonomy":"product_tag","embeddable":true,"href":"https:\/\/herbaltattoo.eu\/pl\/wp-json\/wp\/v2\/product_tag?post=2364"}],"curies":[{"name":"wp","href":"https:\/\/api.w.org\/{rel}","templated":true}]}}