{"id":22378,"date":"2026-03-09T16:30:32","date_gmt":"2026-03-09T15:30:32","guid":{"rendered":"https:\/\/herbaltattoo.eu\/produkt\/joker\/"},"modified":"2026-03-09T16:32:25","modified_gmt":"2026-03-09T15:32:25","slug":"joker","status":"publish","type":"product","link":"https:\/\/herbaltattoo.eu\/pl\/produkt\/joker\/","title":{"rendered":"Joker"},"content":{"rendered":"<p>Tatua\u017c to symbol <strong data-start=\"218\" data-end=\"260\">szale\u0144stwa, wolno\u015bci i \u017cycia bez zasad<\/strong>. Napis \u201eHA HA\u201d podkre\u015bla chaos, ironi\u0119 oraz mroczn\u0105 stron\u0119 ludzkiej natury. Ca\u0142o\u015b\u0107 oznacza bunt, nieprzewidywalno\u015b\u0107 oraz mi\u0142o\u015b\u0107 i destrukcj\u0119 splecione w jedno.<\/p>\n","protected":false},"excerpt":{"rendered":"<p>Tatua\u017c to symbol szale\u0144stwa, wolno\u015bci i \u017cycia bez zasad. Napis \u201eHA HA\u201d podkre\u015bla chaos, ironi\u0119 oraz mroczn\u0105 stron\u0119 ludzkiej natury. Ca\u0142o\u015b\u0107 oznacza bunt, nieprzewidywalno\u015b\u0107 oraz mi\u0142o\u015b\u0107 i destrukcj\u0119 splecione w jedno.<\/p>\n","protected":false},"featured_media":22377,"template":"","meta":{"_monsterinsights_skip_tracking":false,"_monsterinsights_sitenote_active":false,"_monsterinsights_sitenote_note":"","_monsterinsights_sitenote_category":0,"_kadence_starter_templates_imported_post":false,"_kad_post_transparent":"","_kad_post_title":"","_kad_post_layout":"","_kad_post_sidebar_id":"","_kad_post_content_style":"","_kad_post_vertical_padding":"","_kad_post_feature":"","_kad_post_feature_position":"","_kad_post_header":false,"_kad_post_footer":false,"_kad_post_classname":""},"product_brand":[],"product_cat":[56,16],"product_tag":[],"class_list":{"0":"post-22378","1":"product","2":"type-product","3":"status-publish","4":"has-post-thumbnail","6":"product_cat-rekawy","7":"product_cat-wszystko","9":"first","10":"instock","11":"taxable","12":"shipping-taxable","13":"purchasable","14":"product-type-simple","15":"entry","16":"content-bg","17":"loop-entry"},"jetpack_sharing_enabled":true,"_links":{"self":[{"href":"https:\/\/herbaltattoo.eu\/pl\/wp-json\/wp\/v2\/product\/22378","targetHints":{"allow":["GET"]}}],"collection":[{"href":"https:\/\/herbaltattoo.eu\/pl\/wp-json\/wp\/v2\/product"}],"about":[{"href":"https:\/\/herbaltattoo.eu\/pl\/wp-json\/wp\/v2\/types\/product"}],"wp:featuredmedia":[{"embeddable":true,"href":"https:\/\/herbaltattoo.eu\/pl\/wp-json\/wp\/v2\/media\/22377"}],"wp:attachment":[{"href":"https:\/\/herbaltattoo.eu\/pl\/wp-json\/wp\/v2\/media?parent=22378"}],"wp:term":[{"taxonomy":"product_brand","embeddable":true,"href":"https:\/\/herbaltattoo.eu\/pl\/wp-json\/wp\/v2\/product_brand?post=22378"},{"taxonomy":"product_cat","embeddable":true,"href":"https:\/\/herbaltattoo.eu\/pl\/wp-json\/wp\/v2\/product_cat?post=22378"},{"taxonomy":"product_tag","embeddable":true,"href":"https:\/\/herbaltattoo.eu\/pl\/wp-json\/wp\/v2\/product_tag?post=22378"}],"curies":[{"name":"wp","href":"https:\/\/api.w.org\/{rel}","templated":true}]}}