{"id":22374,"date":"2026-03-09T16:30:29","date_gmt":"2026-03-09T15:30:29","guid":{"rendered":"https:\/\/herbaltattoo.eu\/produkt\/cien-bestii\/"},"modified":"2026-03-09T16:32:25","modified_gmt":"2026-03-09T15:32:25","slug":"cien-bestii","status":"publish","type":"product","link":"https:\/\/herbaltattoo.eu\/pl\/produkt\/cien-bestii\/","title":{"rendered":"Cie\u0144 Bestii"},"content":{"rendered":"<p>Tatua\u017c przedstawia mroczn\u0105, drapie\u017cn\u0105 istot\u0119 z ostrym u\u015bmiechem, symbolizuj\u0105c\u0105 <strong data-start=\"237\" data-end=\"285\">ukryt\u0105 si\u0142\u0119, instynkt i wewn\u0119trcznego demona<\/strong>. Spl\u0105tane, organiczne linie oznaczaj\u0105 chaos, transformacj\u0119 i ciemn\u0105 energi\u0119, kt\u00f3ra mo\u017ce by\u0107 zar\u00f3wno zagro\u017ceniem, jak i moc\u0105. To znak osoby, kt\u00f3ra nie boi si\u0119 swojej dzikiej strony i potrafi przetrwa\u0107 nawet w mroku.<\/p>\n","protected":false},"excerpt":{"rendered":"<p>Tatua\u017c przedstawia mroczn\u0105, drapie\u017cn\u0105 istot\u0119 z ostrym u\u015bmiechem, symbolizuj\u0105c\u0105 ukryt\u0105 si\u0142\u0119, instynkt i wewn\u0119trcznego demona. Spl\u0105tane, organiczne linie oznaczaj\u0105 chaos, transformacj\u0119 i ciemn\u0105 energi\u0119, kt\u00f3ra mo\u017ce by\u0107 zar\u00f3wno zagro\u017ceniem, jak i moc\u0105. To znak osoby, kt\u00f3ra nie boi si\u0119 swojej dzikiej strony i potrafi przetrwa\u0107 nawet w mroku.<\/p>\n","protected":false},"featured_media":22373,"template":"","meta":{"_monsterinsights_skip_tracking":false,"_monsterinsights_sitenote_active":false,"_monsterinsights_sitenote_note":"","_monsterinsights_sitenote_category":0,"_kadence_starter_templates_imported_post":false,"_kad_post_transparent":"","_kad_post_title":"","_kad_post_layout":"","_kad_post_sidebar_id":"","_kad_post_content_style":"","_kad_post_vertical_padding":"","_kad_post_feature":"","_kad_post_feature_position":"","_kad_post_header":false,"_kad_post_footer":false,"_kad_post_classname":""},"product_brand":[],"product_cat":[56,16],"product_tag":[],"class_list":{"0":"post-22374","1":"product","2":"type-product","3":"status-publish","4":"has-post-thumbnail","6":"product_cat-rekawy","7":"product_cat-wszystko","9":"first","10":"instock","11":"taxable","12":"shipping-taxable","13":"purchasable","14":"product-type-simple","15":"entry","16":"content-bg","17":"loop-entry"},"jetpack_sharing_enabled":true,"_links":{"self":[{"href":"https:\/\/herbaltattoo.eu\/pl\/wp-json\/wp\/v2\/product\/22374","targetHints":{"allow":["GET"]}}],"collection":[{"href":"https:\/\/herbaltattoo.eu\/pl\/wp-json\/wp\/v2\/product"}],"about":[{"href":"https:\/\/herbaltattoo.eu\/pl\/wp-json\/wp\/v2\/types\/product"}],"wp:featuredmedia":[{"embeddable":true,"href":"https:\/\/herbaltattoo.eu\/pl\/wp-json\/wp\/v2\/media\/22373"}],"wp:attachment":[{"href":"https:\/\/herbaltattoo.eu\/pl\/wp-json\/wp\/v2\/media?parent=22374"}],"wp:term":[{"taxonomy":"product_brand","embeddable":true,"href":"https:\/\/herbaltattoo.eu\/pl\/wp-json\/wp\/v2\/product_brand?post=22374"},{"taxonomy":"product_cat","embeddable":true,"href":"https:\/\/herbaltattoo.eu\/pl\/wp-json\/wp\/v2\/product_cat?post=22374"},{"taxonomy":"product_tag","embeddable":true,"href":"https:\/\/herbaltattoo.eu\/pl\/wp-json\/wp\/v2\/product_tag?post=22374"}],"curies":[{"name":"wp","href":"https:\/\/api.w.org\/{rel}","templated":true}]}}