{"id":22372,"date":"2026-03-09T16:30:28","date_gmt":"2026-03-09T15:30:28","guid":{"rendered":"https:\/\/herbaltattoo.eu\/produkt\/katana-wojownika\/"},"modified":"2026-03-09T16:32:25","modified_gmt":"2026-03-09T15:32:25","slug":"katana-wojownika","status":"publish","type":"product","link":"https:\/\/herbaltattoo.eu\/pl\/produkt\/katana-wojownika\/","title":{"rendered":"Katana Wojownika"},"content":{"rendered":"<p>Tatua\u017c przedstawia katan\u0119, symbolizuj\u0105c\u0105 <strong data-start=\"210\" data-end=\"244\">honor, dyscyplin\u0119 i si\u0142\u0119 ducha<\/strong>. W kulturze Japonii miecz samuraja oznacza\u0142 nie tylko bro\u0144, ale tak\u017ce <strong data-start=\"315\" data-end=\"334\">dusz\u0119 wojownika<\/strong> i wierno\u015b\u0107 w\u0142asnym zasadom. Ca\u0142o\u015b\u0107 jest znakiem odwagi, ochrony oraz pod\u0105\u017cania swoj\u0105 drog\u0105 mimo przeciwno\u015bci.<\/p>\n","protected":false},"excerpt":{"rendered":"<p>Tatua\u017c przedstawia katan\u0119, symbolizuj\u0105c\u0105 honor, dyscyplin\u0119 i si\u0142\u0119 ducha. W kulturze Japonii miecz samuraja oznacza\u0142 nie tylko bro\u0144, ale tak\u017ce dusz\u0119 wojownika i wierno\u015b\u0107 w\u0142asnym zasadom. Ca\u0142o\u015b\u0107 jest znakiem odwagi, ochrony oraz pod\u0105\u017cania swoj\u0105 drog\u0105 mimo przeciwno\u015bci.<\/p>\n","protected":false},"featured_media":22371,"template":"","meta":{"_monsterinsights_skip_tracking":false,"_monsterinsights_sitenote_active":false,"_monsterinsights_sitenote_note":"","_monsterinsights_sitenote_category":0,"_kadence_starter_templates_imported_post":false,"_kad_post_transparent":"","_kad_post_title":"","_kad_post_layout":"","_kad_post_sidebar_id":"","_kad_post_content_style":"","_kad_post_vertical_padding":"","_kad_post_feature":"","_kad_post_feature_position":"","_kad_post_header":false,"_kad_post_footer":false,"_kad_post_classname":""},"product_brand":[],"product_cat":[56,16],"product_tag":[],"class_list":{"0":"post-22372","1":"product","2":"type-product","3":"status-publish","4":"has-post-thumbnail","6":"product_cat-rekawy","7":"product_cat-wszystko","9":"first","10":"instock","11":"taxable","12":"shipping-taxable","13":"purchasable","14":"product-type-simple","15":"entry","16":"content-bg","17":"loop-entry"},"jetpack_sharing_enabled":true,"_links":{"self":[{"href":"https:\/\/herbaltattoo.eu\/pl\/wp-json\/wp\/v2\/product\/22372","targetHints":{"allow":["GET"]}}],"collection":[{"href":"https:\/\/herbaltattoo.eu\/pl\/wp-json\/wp\/v2\/product"}],"about":[{"href":"https:\/\/herbaltattoo.eu\/pl\/wp-json\/wp\/v2\/types\/product"}],"wp:featuredmedia":[{"embeddable":true,"href":"https:\/\/herbaltattoo.eu\/pl\/wp-json\/wp\/v2\/media\/22371"}],"wp:attachment":[{"href":"https:\/\/herbaltattoo.eu\/pl\/wp-json\/wp\/v2\/media?parent=22372"}],"wp:term":[{"taxonomy":"product_brand","embeddable":true,"href":"https:\/\/herbaltattoo.eu\/pl\/wp-json\/wp\/v2\/product_brand?post=22372"},{"taxonomy":"product_cat","embeddable":true,"href":"https:\/\/herbaltattoo.eu\/pl\/wp-json\/wp\/v2\/product_cat?post=22372"},{"taxonomy":"product_tag","embeddable":true,"href":"https:\/\/herbaltattoo.eu\/pl\/wp-json\/wp\/v2\/product_tag?post=22372"}],"curies":[{"name":"wp","href":"https:\/\/api.w.org\/{rel}","templated":true}]}}