{"id":22370,"date":"2026-03-09T16:30:27","date_gmt":"2026-03-09T15:30:27","guid":{"rendered":"https:\/\/herbaltattoo.eu\/produkt\/otchlan-spojrzen\/"},"modified":"2026-03-09T16:32:25","modified_gmt":"2026-03-09T15:32:25","slug":"otchlan-spojrzen","status":"publish","type":"product","link":"https:\/\/herbaltattoo.eu\/pl\/produkt\/otchlan-spojrzen\/","title":{"rendered":"Otch\u0142a\u0144 Spojrze\u0144"},"content":{"rendered":"<p>Tatua\u017c przedstawia po\u0142\u0105czone oczy i usta w surrealistycznej formie, symbolizuj\u0105c <strong data-start=\"241\" data-end=\"307\">wewn\u0119trzny chaos, ukryte emocje oraz walk\u0119 z w\u0142asnymi demonami<\/strong>. Oczy oznaczaj\u0105 \u015bwiadomo\u015b\u0107 i czujno\u015b\u0107, a zdeformowane usta \u2013 strach, gniew lub niewypowiedziane my\u015bli. Ca\u0142o\u015b\u0107 jest znakiem mroku psychiki, transformacji i si\u0142y przetrwania mimo trudnych do\u015bwiadcze\u0144.<\/p>\n","protected":false},"excerpt":{"rendered":"<p>Tatua\u017c przedstawia po\u0142\u0105czone oczy i usta w surrealistycznej formie, symbolizuj\u0105c wewn\u0119trzny chaos, ukryte emocje oraz walk\u0119 z w\u0142asnymi demonami. Oczy oznaczaj\u0105 \u015bwiadomo\u015b\u0107 i czujno\u015b\u0107, a zdeformowane usta \u2013 strach, gniew lub niewypowiedziane my\u015bli. Ca\u0142o\u015b\u0107 jest znakiem mroku psychiki, transformacji i si\u0142y przetrwania mimo trudnych do\u015bwiadcze\u0144.<\/p>\n","protected":false},"featured_media":22369,"template":"","meta":{"_monsterinsights_skip_tracking":false,"_monsterinsights_sitenote_active":false,"_monsterinsights_sitenote_note":"","_monsterinsights_sitenote_category":0,"_kadence_starter_templates_imported_post":false,"_kad_post_transparent":"","_kad_post_title":"","_kad_post_layout":"","_kad_post_sidebar_id":"","_kad_post_content_style":"","_kad_post_vertical_padding":"","_kad_post_feature":"","_kad_post_feature_position":"","_kad_post_header":false,"_kad_post_footer":false,"_kad_post_classname":""},"product_brand":[],"product_cat":[56,16],"product_tag":[],"class_list":{"0":"post-22370","1":"product","2":"type-product","3":"status-publish","4":"has-post-thumbnail","6":"product_cat-rekawy","7":"product_cat-wszystko","9":"first","10":"instock","11":"taxable","12":"shipping-taxable","13":"purchasable","14":"product-type-simple","15":"entry","16":"content-bg","17":"loop-entry"},"jetpack_sharing_enabled":true,"_links":{"self":[{"href":"https:\/\/herbaltattoo.eu\/pl\/wp-json\/wp\/v2\/product\/22370","targetHints":{"allow":["GET"]}}],"collection":[{"href":"https:\/\/herbaltattoo.eu\/pl\/wp-json\/wp\/v2\/product"}],"about":[{"href":"https:\/\/herbaltattoo.eu\/pl\/wp-json\/wp\/v2\/types\/product"}],"wp:featuredmedia":[{"embeddable":true,"href":"https:\/\/herbaltattoo.eu\/pl\/wp-json\/wp\/v2\/media\/22369"}],"wp:attachment":[{"href":"https:\/\/herbaltattoo.eu\/pl\/wp-json\/wp\/v2\/media?parent=22370"}],"wp:term":[{"taxonomy":"product_brand","embeddable":true,"href":"https:\/\/herbaltattoo.eu\/pl\/wp-json\/wp\/v2\/product_brand?post=22370"},{"taxonomy":"product_cat","embeddable":true,"href":"https:\/\/herbaltattoo.eu\/pl\/wp-json\/wp\/v2\/product_cat?post=22370"},{"taxonomy":"product_tag","embeddable":true,"href":"https:\/\/herbaltattoo.eu\/pl\/wp-json\/wp\/v2\/product_tag?post=22370"}],"curies":[{"name":"wp","href":"https:\/\/api.w.org\/{rel}","templated":true}]}}