{"id":22368,"date":"2026-03-09T16:30:25","date_gmt":"2026-03-09T15:30:25","guid":{"rendered":"https:\/\/herbaltattoo.eu\/produkt\/lfuck\/"},"modified":"2026-03-09T16:31:35","modified_gmt":"2026-03-09T15:31:35","slug":"lfuck","status":"publish","type":"product","link":"https:\/\/herbaltattoo.eu\/pl\/produkt\/lfuck\/","title":{"rendered":"L(F)UCK"},"content":{"rendered":"<p>Tatua\u017c <strong data-start=\"66\" data-end=\"79\">\u201eL(F)UCK\u201d<\/strong> to prowokacyjna gra s\u0142\u00f3w \u0142\u0105cz\u0105ca <strong data-start=\"113\" data-end=\"121\">LOVE<\/strong> i <strong data-start=\"124\" data-end=\"132\">FUCK<\/strong>, pokazuj\u0105ca kontrast mi\u0119dzy mi\u0142o\u015bci\u0105 a po\u017c\u0105daniem. Wersja \u201ejednor\u0119ka\u201d (z jednym palcem\/gestem) cz\u0119sto symbolizuje <strong data-start=\"247\" data-end=\"299\">bunt, bezkompromisowo\u015b\u0107 i dystans do ocen innych<\/strong>. To znak osoby, kt\u00f3ra \u017cyje po swojemu, nie boi si\u0119 kontrowersji i pokazuje mocny charakter.<\/p>\n","protected":false},"excerpt":{"rendered":"<p>Tatua\u017c \u201eL(F)UCK\u201d to prowokacyjna gra s\u0142\u00f3w \u0142\u0105cz\u0105ca LOVE i FUCK, pokazuj\u0105ca kontrast mi\u0119dzy mi\u0142o\u015bci\u0105 a po\u017c\u0105daniem. Wersja \u201ejednor\u0119ka\u201d (z jednym palcem\/gestem) cz\u0119sto symbolizuje bunt, bezkompromisowo\u015b\u0107 i dystans do ocen innych. To znak osoby, kt\u00f3ra \u017cyje po swojemu, nie boi si\u0119 kontrowersji i pokazuje mocny charakter.<\/p>\n","protected":false},"featured_media":22367,"template":"","meta":{"_monsterinsights_skip_tracking":false,"_monsterinsights_sitenote_active":false,"_monsterinsights_sitenote_note":"","_monsterinsights_sitenote_category":0,"_kadence_starter_templates_imported_post":false,"_kad_post_transparent":"","_kad_post_title":"","_kad_post_layout":"","_kad_post_sidebar_id":"","_kad_post_content_style":"","_kad_post_vertical_padding":"","_kad_post_feature":"","_kad_post_feature_position":"","_kad_post_header":false,"_kad_post_footer":false,"_kad_post_classname":""},"product_brand":[],"product_cat":[49,16],"product_tag":[],"class_list":{"0":"post-22368","1":"product","2":"type-product","3":"status-publish","4":"has-post-thumbnail","6":"product_cat-pelne","7":"product_cat-wszystko","9":"first","10":"instock","11":"taxable","12":"shipping-taxable","13":"purchasable","14":"product-type-simple","15":"entry","16":"content-bg","17":"loop-entry"},"jetpack_sharing_enabled":true,"_links":{"self":[{"href":"https:\/\/herbaltattoo.eu\/pl\/wp-json\/wp\/v2\/product\/22368","targetHints":{"allow":["GET"]}}],"collection":[{"href":"https:\/\/herbaltattoo.eu\/pl\/wp-json\/wp\/v2\/product"}],"about":[{"href":"https:\/\/herbaltattoo.eu\/pl\/wp-json\/wp\/v2\/types\/product"}],"wp:featuredmedia":[{"embeddable":true,"href":"https:\/\/herbaltattoo.eu\/pl\/wp-json\/wp\/v2\/media\/22367"}],"wp:attachment":[{"href":"https:\/\/herbaltattoo.eu\/pl\/wp-json\/wp\/v2\/media?parent=22368"}],"wp:term":[{"taxonomy":"product_brand","embeddable":true,"href":"https:\/\/herbaltattoo.eu\/pl\/wp-json\/wp\/v2\/product_brand?post=22368"},{"taxonomy":"product_cat","embeddable":true,"href":"https:\/\/herbaltattoo.eu\/pl\/wp-json\/wp\/v2\/product_cat?post=22368"},{"taxonomy":"product_tag","embeddable":true,"href":"https:\/\/herbaltattoo.eu\/pl\/wp-json\/wp\/v2\/product_tag?post=22368"}],"curies":[{"name":"wp","href":"https:\/\/api.w.org\/{rel}","templated":true}]}}