{"id":22364,"date":"2026-03-09T16:30:22","date_gmt":"2026-03-09T15:30:22","guid":{"rendered":"https:\/\/herbaltattoo.eu\/produkt\/cien-plomienia\/"},"modified":"2026-03-09T16:31:35","modified_gmt":"2026-03-09T15:31:35","slug":"cien-plomienia","status":"publish","type":"product","link":"https:\/\/herbaltattoo.eu\/pl\/produkt\/cien-plomienia\/","title":{"rendered":"Cie\u0144 P\u0142omienia"},"content":{"rendered":"<p>Tatua\u017c przypomina p\u0142omie\u0144 lub rozdarcie wykonane poci\u0105gni\u0119ciami czarnego tuszu, symbolizuj\u0105c <strong data-start=\"266\" data-end=\"302\">energi\u0119, pasj\u0119 i wewn\u0119trzn\u0105 si\u0142\u0119<\/strong>. Dynamiczne linie oznaczaj\u0105 ruch, wolno\u015b\u0107 oraz wyj\u015bcie poza schematy. To znak osoby, kt\u00f3ra ma w sobie ogie\u0144, niezale\u017cno\u015b\u0107 i charakter, kt\u00f3rego nie da si\u0119 zatrzyma\u0107.<\/p>\n","protected":false},"excerpt":{"rendered":"<p>Tatua\u017c przypomina p\u0142omie\u0144 lub rozdarcie wykonane poci\u0105gni\u0119ciami czarnego tuszu, symbolizuj\u0105c energi\u0119, pasj\u0119 i wewn\u0119trzn\u0105 si\u0142\u0119. Dynamiczne linie oznaczaj\u0105 ruch, wolno\u015b\u0107 oraz wyj\u015bcie poza schematy. To znak osoby, kt\u00f3ra ma w sobie ogie\u0144, niezale\u017cno\u015b\u0107 i charakter, kt\u00f3rego nie da si\u0119 zatrzyma\u0107.<\/p>\n","protected":false},"featured_media":22363,"template":"","meta":{"_monsterinsights_skip_tracking":false,"_monsterinsights_sitenote_active":false,"_monsterinsights_sitenote_note":"","_monsterinsights_sitenote_category":0,"_kadence_starter_templates_imported_post":false,"_kad_post_transparent":"","_kad_post_title":"","_kad_post_layout":"","_kad_post_sidebar_id":"","_kad_post_content_style":"","_kad_post_vertical_padding":"","_kad_post_feature":"","_kad_post_feature_position":"","_kad_post_header":false,"_kad_post_footer":false,"_kad_post_classname":""},"product_brand":[],"product_cat":[49,16],"product_tag":[],"class_list":{"0":"post-22364","1":"product","2":"type-product","3":"status-publish","4":"has-post-thumbnail","6":"product_cat-pelne","7":"product_cat-wszystko","9":"first","10":"instock","11":"taxable","12":"shipping-taxable","13":"purchasable","14":"product-type-simple","15":"entry","16":"content-bg","17":"loop-entry"},"jetpack_sharing_enabled":true,"_links":{"self":[{"href":"https:\/\/herbaltattoo.eu\/pl\/wp-json\/wp\/v2\/product\/22364","targetHints":{"allow":["GET"]}}],"collection":[{"href":"https:\/\/herbaltattoo.eu\/pl\/wp-json\/wp\/v2\/product"}],"about":[{"href":"https:\/\/herbaltattoo.eu\/pl\/wp-json\/wp\/v2\/types\/product"}],"wp:featuredmedia":[{"embeddable":true,"href":"https:\/\/herbaltattoo.eu\/pl\/wp-json\/wp\/v2\/media\/22363"}],"wp:attachment":[{"href":"https:\/\/herbaltattoo.eu\/pl\/wp-json\/wp\/v2\/media?parent=22364"}],"wp:term":[{"taxonomy":"product_brand","embeddable":true,"href":"https:\/\/herbaltattoo.eu\/pl\/wp-json\/wp\/v2\/product_brand?post=22364"},{"taxonomy":"product_cat","embeddable":true,"href":"https:\/\/herbaltattoo.eu\/pl\/wp-json\/wp\/v2\/product_cat?post=22364"},{"taxonomy":"product_tag","embeddable":true,"href":"https:\/\/herbaltattoo.eu\/pl\/wp-json\/wp\/v2\/product_tag?post=22364"}],"curies":[{"name":"wp","href":"https:\/\/api.w.org\/{rel}","templated":true}]}}