{"id":22358,"date":"2026-03-09T16:30:13","date_gmt":"2026-03-09T15:30:13","guid":{"rendered":"https:\/\/herbaltattoo.eu\/produkt\/nordyckie-drzewo-zycia\/"},"modified":"2026-03-09T16:31:36","modified_gmt":"2026-03-09T15:31:36","slug":"nordyckie-drzewo-zycia","status":"publish","type":"product","link":"https:\/\/herbaltattoo.eu\/pl\/produkt\/nordyckie-drzewo-zycia\/","title":{"rendered":"Nordyckie drzewo \u017cycia"},"content":{"rendered":"<p>Tatua\u017c przedstawia mistyczne drzewo z rozga\u0142\u0119zionymi koronami i korzeniami, kt\u00f3re symbolizuje <strong data-start=\"258\" data-end=\"319\">si\u0142\u0119, po\u0142\u0105czenie \u017cycia i \u015bmierci oraz wieczny cykl natury<\/strong>. W mitologii wiking\u00f3w Yggdrasil to drzewo, kt\u00f3re \u0142\u0105czy wszystkie \u015bwiaty, oznaczaj\u0105c <strong data-start=\"404\" data-end=\"462\">stabilno\u015b\u0107, duchow\u0105 ochron\u0119 i rozw\u00f3j mimo przeciwno\u015bci<\/strong>. To znak osoby mocno zakorzenionej, ale wci\u0105\u017c d\u0105\u017c\u0105cej ku g\u00f3rze<\/p>\n","protected":false},"excerpt":{"rendered":"<p>Tatua\u017c przedstawia mistyczne drzewo z rozga\u0142\u0119zionymi koronami i korzeniami, kt\u00f3re symbolizuje si\u0142\u0119, po\u0142\u0105czenie \u017cycia i \u015bmierci oraz wieczny cykl natury. W mitologii wiking\u00f3w Yggdrasil to drzewo, kt\u00f3re \u0142\u0105czy wszystkie \u015bwiaty, oznaczaj\u0105c stabilno\u015b\u0107, duchow\u0105 ochron\u0119 i rozw\u00f3j mimo przeciwno\u015bci. To znak osoby mocno zakorzenionej, ale wci\u0105\u017c d\u0105\u017c\u0105cej ku g\u00f3rze<\/p>\n","protected":false},"featured_media":22357,"template":"","meta":{"_monsterinsights_skip_tracking":false,"_monsterinsights_sitenote_active":false,"_monsterinsights_sitenote_note":"","_monsterinsights_sitenote_category":0,"_kadence_starter_templates_imported_post":false,"_kad_post_transparent":"","_kad_post_title":"","_kad_post_layout":"","_kad_post_sidebar_id":"","_kad_post_content_style":"","_kad_post_vertical_padding":"","_kad_post_feature":"","_kad_post_feature_position":"","_kad_post_header":false,"_kad_post_footer":false,"_kad_post_classname":""},"product_brand":[],"product_cat":[49,16],"product_tag":[],"class_list":{"0":"post-22358","1":"product","2":"type-product","3":"status-publish","4":"has-post-thumbnail","6":"product_cat-pelne","7":"product_cat-wszystko","9":"first","10":"instock","11":"taxable","12":"shipping-taxable","13":"purchasable","14":"product-type-simple","15":"entry","16":"content-bg","17":"loop-entry"},"jetpack_sharing_enabled":true,"_links":{"self":[{"href":"https:\/\/herbaltattoo.eu\/pl\/wp-json\/wp\/v2\/product\/22358","targetHints":{"allow":["GET"]}}],"collection":[{"href":"https:\/\/herbaltattoo.eu\/pl\/wp-json\/wp\/v2\/product"}],"about":[{"href":"https:\/\/herbaltattoo.eu\/pl\/wp-json\/wp\/v2\/types\/product"}],"wp:featuredmedia":[{"embeddable":true,"href":"https:\/\/herbaltattoo.eu\/pl\/wp-json\/wp\/v2\/media\/22357"}],"wp:attachment":[{"href":"https:\/\/herbaltattoo.eu\/pl\/wp-json\/wp\/v2\/media?parent=22358"}],"wp:term":[{"taxonomy":"product_brand","embeddable":true,"href":"https:\/\/herbaltattoo.eu\/pl\/wp-json\/wp\/v2\/product_brand?post=22358"},{"taxonomy":"product_cat","embeddable":true,"href":"https:\/\/herbaltattoo.eu\/pl\/wp-json\/wp\/v2\/product_cat?post=22358"},{"taxonomy":"product_tag","embeddable":true,"href":"https:\/\/herbaltattoo.eu\/pl\/wp-json\/wp\/v2\/product_tag?post=22358"}],"curies":[{"name":"wp","href":"https:\/\/api.w.org\/{rel}","templated":true}]}}