{"id":22356,"date":"2026-03-09T16:30:10","date_gmt":"2026-03-09T15:30:10","guid":{"rendered":"https:\/\/herbaltattoo.eu\/produkt\/waz-i-miecz\/"},"modified":"2026-03-09T16:31:36","modified_gmt":"2026-03-09T15:31:36","slug":"waz-i-miecz","status":"publish","type":"product","link":"https:\/\/herbaltattoo.eu\/pl\/produkt\/waz-i-miecz\/","title":{"rendered":"W\u0105\u017c i miecz"},"content":{"rendered":"<p>Tatua\u017c <strong data-start=\"56\" data-end=\"73\">w\u0119\u017ca i miecza<\/strong> symbolizuje walk\u0119 mi\u0119dzy zagro\u017ceniem a si\u0142\u0105, sprytem a odwag\u0105. W\u0105\u017c oznacza transformacj\u0119, pokus\u0119 i m\u0105dro\u015b\u0107, a miecz \u2013 ochron\u0119, honor oraz gotowo\u015b\u0107 do obrony swoich warto\u015bci. Razem tworz\u0105 znak wewn\u0119trznej si\u0142y i zwyci\u0119stwa nad trudno\u015bciami.<\/p>\n","protected":false},"excerpt":{"rendered":"<p>Tatua\u017c w\u0119\u017ca i miecza symbolizuje walk\u0119 mi\u0119dzy zagro\u017ceniem a si\u0142\u0105, sprytem a odwag\u0105. W\u0105\u017c oznacza transformacj\u0119, pokus\u0119 i m\u0105dro\u015b\u0107, a miecz \u2013 ochron\u0119, honor oraz gotowo\u015b\u0107 do obrony swoich warto\u015bci. Razem tworz\u0105 znak wewn\u0119trznej si\u0142y i zwyci\u0119stwa nad trudno\u015bciami.<\/p>\n","protected":false},"featured_media":22355,"template":"","meta":{"_monsterinsights_skip_tracking":false,"_monsterinsights_sitenote_active":false,"_monsterinsights_sitenote_note":"","_monsterinsights_sitenote_category":0,"_kadence_starter_templates_imported_post":false,"_kad_post_transparent":"","_kad_post_title":"","_kad_post_layout":"","_kad_post_sidebar_id":"","_kad_post_content_style":"","_kad_post_vertical_padding":"","_kad_post_feature":"","_kad_post_feature_position":"","_kad_post_header":false,"_kad_post_footer":false,"_kad_post_classname":""},"product_brand":[],"product_cat":[49,16],"product_tag":[],"class_list":{"0":"post-22356","1":"product","2":"type-product","3":"status-publish","4":"has-post-thumbnail","6":"product_cat-pelne","7":"product_cat-wszystko","9":"first","10":"instock","11":"taxable","12":"shipping-taxable","13":"purchasable","14":"product-type-simple","15":"entry","16":"content-bg","17":"loop-entry"},"jetpack_sharing_enabled":true,"_links":{"self":[{"href":"https:\/\/herbaltattoo.eu\/pl\/wp-json\/wp\/v2\/product\/22356","targetHints":{"allow":["GET"]}}],"collection":[{"href":"https:\/\/herbaltattoo.eu\/pl\/wp-json\/wp\/v2\/product"}],"about":[{"href":"https:\/\/herbaltattoo.eu\/pl\/wp-json\/wp\/v2\/types\/product"}],"wp:featuredmedia":[{"embeddable":true,"href":"https:\/\/herbaltattoo.eu\/pl\/wp-json\/wp\/v2\/media\/22355"}],"wp:attachment":[{"href":"https:\/\/herbaltattoo.eu\/pl\/wp-json\/wp\/v2\/media?parent=22356"}],"wp:term":[{"taxonomy":"product_brand","embeddable":true,"href":"https:\/\/herbaltattoo.eu\/pl\/wp-json\/wp\/v2\/product_brand?post=22356"},{"taxonomy":"product_cat","embeddable":true,"href":"https:\/\/herbaltattoo.eu\/pl\/wp-json\/wp\/v2\/product_cat?post=22356"},{"taxonomy":"product_tag","embeddable":true,"href":"https:\/\/herbaltattoo.eu\/pl\/wp-json\/wp\/v2\/product_tag?post=22356"}],"curies":[{"name":"wp","href":"https:\/\/api.w.org\/{rel}","templated":true}]}}