{"id":22354,"date":"2026-03-09T16:30:08","date_gmt":"2026-03-09T15:30:08","guid":{"rendered":"https:\/\/herbaltattoo.eu\/produkt\/zaufaj-sobie\/"},"modified":"2026-03-09T16:31:36","modified_gmt":"2026-03-09T15:31:36","slug":"zaufaj-sobie","status":"publish","type":"product","link":"https:\/\/herbaltattoo.eu\/pl\/produkt\/zaufaj-sobie\/","title":{"rendered":"Zaufaj sobie"},"content":{"rendered":"<p>Tatua\u017c <strong data-start=\"59\" data-end=\"77\">\u201eZaufaj sobie\u201d<\/strong> symbolizuje wiar\u0119 w siebie, odwag\u0119 i niezale\u017cno\u015b\u0107. Jest przypomnieniem, \u017ce najwa\u017cniejsze odpowiedzi s\u0105 w \u015brodku i warto s\u0142ucha\u0107 w\u0142asnej intuicji. To znak si\u0142y, samorozwoju i pod\u0105\u017cania w\u0142asn\u0105 drog\u0105.<\/p>\n","protected":false},"excerpt":{"rendered":"<p>Tatua\u017c \u201eZaufaj sobie\u201d symbolizuje wiar\u0119 w siebie, odwag\u0119 i niezale\u017cno\u015b\u0107. Jest przypomnieniem, \u017ce najwa\u017cniejsze odpowiedzi s\u0105 w \u015brodku i warto s\u0142ucha\u0107 w\u0142asnej intuicji. To znak si\u0142y, samorozwoju i pod\u0105\u017cania w\u0142asn\u0105 drog\u0105.<\/p>\n","protected":false},"featured_media":22353,"template":"","meta":{"_monsterinsights_skip_tracking":false,"_monsterinsights_sitenote_active":false,"_monsterinsights_sitenote_note":"","_monsterinsights_sitenote_category":0,"_kadence_starter_templates_imported_post":false,"_kad_post_transparent":"","_kad_post_title":"","_kad_post_layout":"","_kad_post_sidebar_id":"","_kad_post_content_style":"","_kad_post_vertical_padding":"","_kad_post_feature":"","_kad_post_feature_position":"","_kad_post_header":false,"_kad_post_footer":false,"_kad_post_classname":""},"product_brand":[],"product_cat":[49,16],"product_tag":[],"class_list":{"0":"post-22354","1":"product","2":"type-product","3":"status-publish","4":"has-post-thumbnail","6":"product_cat-pelne","7":"product_cat-wszystko","9":"first","10":"instock","11":"taxable","12":"shipping-taxable","13":"purchasable","14":"product-type-simple","15":"entry","16":"content-bg","17":"loop-entry"},"jetpack_sharing_enabled":true,"_links":{"self":[{"href":"https:\/\/herbaltattoo.eu\/pl\/wp-json\/wp\/v2\/product\/22354","targetHints":{"allow":["GET"]}}],"collection":[{"href":"https:\/\/herbaltattoo.eu\/pl\/wp-json\/wp\/v2\/product"}],"about":[{"href":"https:\/\/herbaltattoo.eu\/pl\/wp-json\/wp\/v2\/types\/product"}],"wp:featuredmedia":[{"embeddable":true,"href":"https:\/\/herbaltattoo.eu\/pl\/wp-json\/wp\/v2\/media\/22353"}],"wp:attachment":[{"href":"https:\/\/herbaltattoo.eu\/pl\/wp-json\/wp\/v2\/media?parent=22354"}],"wp:term":[{"taxonomy":"product_brand","embeddable":true,"href":"https:\/\/herbaltattoo.eu\/pl\/wp-json\/wp\/v2\/product_brand?post=22354"},{"taxonomy":"product_cat","embeddable":true,"href":"https:\/\/herbaltattoo.eu\/pl\/wp-json\/wp\/v2\/product_cat?post=22354"},{"taxonomy":"product_tag","embeddable":true,"href":"https:\/\/herbaltattoo.eu\/pl\/wp-json\/wp\/v2\/product_tag?post=22354"}],"curies":[{"name":"wp","href":"https:\/\/api.w.org\/{rel}","templated":true}]}}