{"id":22350,"date":"2026-03-09T16:30:04","date_gmt":"2026-03-09T15:30:04","guid":{"rendered":"https:\/\/herbaltattoo.eu\/produkt\/siatka\/"},"modified":"2026-03-09T16:31:36","modified_gmt":"2026-03-09T15:31:36","slug":"siatka","status":"publish","type":"product","link":"https:\/\/herbaltattoo.eu\/pl\/produkt\/siatka\/","title":{"rendered":"Siatka"},"content":{"rendered":"<p>Tatua\u017c <strong data-start=\"51\" data-end=\"61\">siatki<\/strong> symbolizuje po\u0142\u0105czenia, struktur\u0119 i to, \u017ce wszystko w \u017cyciu jest ze sob\u0105 powi\u0105zane. Mo\u017ce oznacza\u0107 tak\u017ce ochron\u0119, zamkni\u0119cie w pewnych granicach albo drog\u0119 przez trudno\u015bci jak przez \u201esie\u0107\u201d do\u015bwiadcze\u0144. Cz\u0119sto jest te\u017c znakiem nowoczesno\u015bci, porz\u0105dku i wewn\u0119trznej kontroli.<\/p>\n","protected":false},"excerpt":{"rendered":"<p>Tatua\u017c siatki symbolizuje po\u0142\u0105czenia, struktur\u0119 i to, \u017ce wszystko w \u017cyciu jest ze sob\u0105 powi\u0105zane. Mo\u017ce oznacza\u0107 tak\u017ce ochron\u0119, zamkni\u0119cie w pewnych granicach albo drog\u0119 przez trudno\u015bci jak przez \u201esie\u0107\u201d do\u015bwiadcze\u0144. Cz\u0119sto jest te\u017c znakiem nowoczesno\u015bci, porz\u0105dku i wewn\u0119trznej kontroli.<\/p>\n","protected":false},"featured_media":22349,"template":"","meta":{"_monsterinsights_skip_tracking":false,"_monsterinsights_sitenote_active":false,"_monsterinsights_sitenote_note":"","_monsterinsights_sitenote_category":0,"_kadence_starter_templates_imported_post":false,"_kad_post_transparent":"","_kad_post_title":"","_kad_post_layout":"","_kad_post_sidebar_id":"","_kad_post_content_style":"","_kad_post_vertical_padding":"","_kad_post_feature":"","_kad_post_feature_position":"","_kad_post_header":false,"_kad_post_footer":false,"_kad_post_classname":""},"product_brand":[],"product_cat":[49,16],"product_tag":[],"class_list":{"0":"post-22350","1":"product","2":"type-product","3":"status-publish","4":"has-post-thumbnail","6":"product_cat-pelne","7":"product_cat-wszystko","9":"first","10":"instock","11":"taxable","12":"shipping-taxable","13":"purchasable","14":"product-type-simple","15":"entry","16":"content-bg","17":"loop-entry"},"jetpack_sharing_enabled":true,"_links":{"self":[{"href":"https:\/\/herbaltattoo.eu\/pl\/wp-json\/wp\/v2\/product\/22350","targetHints":{"allow":["GET"]}}],"collection":[{"href":"https:\/\/herbaltattoo.eu\/pl\/wp-json\/wp\/v2\/product"}],"about":[{"href":"https:\/\/herbaltattoo.eu\/pl\/wp-json\/wp\/v2\/types\/product"}],"wp:featuredmedia":[{"embeddable":true,"href":"https:\/\/herbaltattoo.eu\/pl\/wp-json\/wp\/v2\/media\/22349"}],"wp:attachment":[{"href":"https:\/\/herbaltattoo.eu\/pl\/wp-json\/wp\/v2\/media?parent=22350"}],"wp:term":[{"taxonomy":"product_brand","embeddable":true,"href":"https:\/\/herbaltattoo.eu\/pl\/wp-json\/wp\/v2\/product_brand?post=22350"},{"taxonomy":"product_cat","embeddable":true,"href":"https:\/\/herbaltattoo.eu\/pl\/wp-json\/wp\/v2\/product_cat?post=22350"},{"taxonomy":"product_tag","embeddable":true,"href":"https:\/\/herbaltattoo.eu\/pl\/wp-json\/wp\/v2\/product_tag?post=22350"}],"curies":[{"name":"wp","href":"https:\/\/api.w.org\/{rel}","templated":true}]}}