{"id":22348,"date":"2026-03-09T16:30:03","date_gmt":"2026-03-09T15:30:03","guid":{"rendered":"https:\/\/herbaltattoo.eu\/produkt\/palmy-2\/"},"modified":"2026-03-09T16:31:36","modified_gmt":"2026-03-09T15:31:36","slug":"palmy-2","status":"publish","type":"product","link":"https:\/\/herbaltattoo.eu\/pl\/produkt\/palmy-2\/","title":{"rendered":"Palmy"},"content":{"rendered":"<p>Tatua\u017c <strong data-start=\"50\" data-end=\"58\">palm<\/strong> symbolizuje wolno\u015b\u0107, spok\u00f3j i marzenie o \u017cyciu bez stresu. Kojarzy si\u0119 z podr\u00f3\u017cami, wakacjami oraz tropikalnym stylem \u017cycia pe\u0142nym luzu. Cz\u0119sto oznacza te\u017c pragnienie szcz\u0119\u015bcia, harmonii i ucieczki od codziennych problem\u00f3w.<\/p>\n","protected":false},"excerpt":{"rendered":"<p>Tatua\u017c palm symbolizuje wolno\u015b\u0107, spok\u00f3j i marzenie o \u017cyciu bez stresu. Kojarzy si\u0119 z podr\u00f3\u017cami, wakacjami oraz tropikalnym stylem \u017cycia pe\u0142nym luzu. Cz\u0119sto oznacza te\u017c pragnienie szcz\u0119\u015bcia, harmonii i ucieczki od codziennych problem\u00f3w.<\/p>\n","protected":false},"featured_media":22347,"template":"","meta":{"_monsterinsights_skip_tracking":false,"_monsterinsights_sitenote_active":false,"_monsterinsights_sitenote_note":"","_monsterinsights_sitenote_category":0,"_kadence_starter_templates_imported_post":false,"_kad_post_transparent":"","_kad_post_title":"","_kad_post_layout":"","_kad_post_sidebar_id":"","_kad_post_content_style":"","_kad_post_vertical_padding":"","_kad_post_feature":"","_kad_post_feature_position":"","_kad_post_header":false,"_kad_post_footer":false,"_kad_post_classname":""},"product_brand":[],"product_cat":[49,16],"product_tag":[],"class_list":{"0":"post-22348","1":"product","2":"type-product","3":"status-publish","4":"has-post-thumbnail","6":"product_cat-pelne","7":"product_cat-wszystko","9":"first","10":"instock","11":"taxable","12":"shipping-taxable","13":"purchasable","14":"product-type-simple","15":"entry","16":"content-bg","17":"loop-entry"},"jetpack_sharing_enabled":true,"_links":{"self":[{"href":"https:\/\/herbaltattoo.eu\/pl\/wp-json\/wp\/v2\/product\/22348","targetHints":{"allow":["GET"]}}],"collection":[{"href":"https:\/\/herbaltattoo.eu\/pl\/wp-json\/wp\/v2\/product"}],"about":[{"href":"https:\/\/herbaltattoo.eu\/pl\/wp-json\/wp\/v2\/types\/product"}],"wp:featuredmedia":[{"embeddable":true,"href":"https:\/\/herbaltattoo.eu\/pl\/wp-json\/wp\/v2\/media\/22347"}],"wp:attachment":[{"href":"https:\/\/herbaltattoo.eu\/pl\/wp-json\/wp\/v2\/media?parent=22348"}],"wp:term":[{"taxonomy":"product_brand","embeddable":true,"href":"https:\/\/herbaltattoo.eu\/pl\/wp-json\/wp\/v2\/product_brand?post=22348"},{"taxonomy":"product_cat","embeddable":true,"href":"https:\/\/herbaltattoo.eu\/pl\/wp-json\/wp\/v2\/product_cat?post=22348"},{"taxonomy":"product_tag","embeddable":true,"href":"https:\/\/herbaltattoo.eu\/pl\/wp-json\/wp\/v2\/product_tag?post=22348"}],"curies":[{"name":"wp","href":"https:\/\/api.w.org\/{rel}","templated":true}]}}