{"id":22346,"date":"2026-03-09T16:30:01","date_gmt":"2026-03-09T15:30:01","guid":{"rendered":"https:\/\/herbaltattoo.eu\/produkt\/ksiezycowe-oko\/"},"modified":"2026-03-09T16:31:36","modified_gmt":"2026-03-09T15:31:36","slug":"ksiezycowe-oko","status":"publish","type":"product","link":"https:\/\/herbaltattoo.eu\/pl\/produkt\/ksiezycowe-oko\/","title":{"rendered":"Ksi\u0119\u017cycowe Oko"},"content":{"rendered":"<div class=\"flex flex-col text-sm pb-25\">\n<article class=\"text-token-text-primary w-full focus:outline-none [--shadow-height:45px] has-data-writing-block:pointer-events-none has-data-writing-block:-mt-(--shadow-height) has-data-writing-block:pt-(--shadow-height) [&amp;:has([data-writing-block])&gt;*]:pointer-events-auto scroll-mt-[calc(var(--header-height)+min(200px,max(70px,20svh)))]\" dir=\"auto\" tabindex=\"-1\" data-turn-id=\"request-698390c8-a3e4-8396-aac0-1b9adbe4dbd8-11\" data-testid=\"conversation-turn-70\" data-scroll-anchor=\"true\" data-turn=\"assistant\">\n<div class=\"text-base my-auto mx-auto pb-10 [--thread-content-margin:--spacing(4)] @w-sm\/main:[--thread-content-margin:--spacing(6)] @w-lg\/main:[--thread-content-margin:--spacing(16)] px-(--thread-content-margin)\">\n<div class=\"[--thread-content-max-width:40rem] @w-lg\/main:[--thread-content-max-width:48rem] mx-auto max-w-(--thread-content-max-width) flex-1 group\/turn-messages focus-visible:outline-hidden relative flex w-full min-w-0 flex-col agent-turn\" tabindex=\"-1\">\n<div class=\"flex max-w-full flex-col grow\">\n<div class=\"min-h-8 text-message relative flex w-full flex-col items-end gap-2 text-start break-words whitespace-normal [.text-message+&amp;]:mt-1\" dir=\"auto\" data-message-author-role=\"assistant\" data-message-id=\"8aa61da7-0141-43e5-b038-ef9efa9d723b\" data-message-model-slug=\"gpt-5-2\">\n<div class=\"flex w-full flex-col gap-1 empty:hidden first:pt-[1px]\">\n<div class=\"markdown prose dark:prose-invert w-full wrap-break-word light markdown-new-styling\">\n<p data-start=\"54\" data-end=\"328\" data-is-last-node=\"\" data-is-only-node=\"\">Tatua\u017c <strong data-start=\"61\" data-end=\"81\">\u201eKsi\u0119\u017cycowe Oko\u201d<\/strong> symbolizuje intuicj\u0119, tajemnic\u0119 i duchow\u0105 \u015bwiadomo\u015b\u0107. \u0141\u0105czy energi\u0119 ksi\u0119\u017cyca z motywem oka, oznaczaj\u0105c wewn\u0119trzne widzenie oraz ochron\u0119 przed z\u0142em. To znak osoby, kt\u00f3ra kieruje si\u0119 emocjami, m\u0105dro\u015bci\u0105 i pod\u0105\u017ca za swoim \u015bwiat\u0142em nawet w ciemno\u015bci.<\/p>\n<\/div>\n<\/div>\n<\/div>\n<\/div>\n<div class=\"z-0 flex min-h-[46px] justify-start\"><\/div>\n<div class=\"mt-3 w-full empty:hidden\">\n<div class=\"text-center\"><\/div>\n<\/div>\n<\/div>\n<\/div>\n<\/article>\n<\/div>\n<div class=\"pointer-events-none h-px w-px absolute bottom-0\" aria-hidden=\"true\" data-edge=\"true\"><\/div>\n","protected":false},"excerpt":{"rendered":"<p>Tatua\u017c \u201eKsi\u0119\u017cycowe Oko\u201d symbolizuje intuicj\u0119, tajemnic\u0119 i duchow\u0105 \u015bwiadomo\u015b\u0107. \u0141\u0105czy energi\u0119 ksi\u0119\u017cyca z motywem oka, oznaczaj\u0105c wewn\u0119trzne widzenie oraz ochron\u0119 przed z\u0142em. To znak osoby, kt\u00f3ra kieruje si\u0119 emocjami, m\u0105dro\u015bci\u0105 i pod\u0105\u017ca za swoim \u015bwiat\u0142em nawet w ciemno\u015bci.<\/p>\n","protected":false},"featured_media":22345,"template":"","meta":{"_monsterinsights_skip_tracking":false,"_monsterinsights_sitenote_active":false,"_monsterinsights_sitenote_note":"","_monsterinsights_sitenote_category":0,"_kadence_starter_templates_imported_post":false,"_kad_post_transparent":"","_kad_post_title":"","_kad_post_layout":"","_kad_post_sidebar_id":"","_kad_post_content_style":"","_kad_post_vertical_padding":"","_kad_post_feature":"","_kad_post_feature_position":"","_kad_post_header":false,"_kad_post_footer":false,"_kad_post_classname":""},"product_brand":[],"product_cat":[49,16],"product_tag":[],"class_list":{"0":"post-22346","1":"product","2":"type-product","3":"status-publish","4":"has-post-thumbnail","6":"product_cat-pelne","7":"product_cat-wszystko","9":"first","10":"instock","11":"taxable","12":"shipping-taxable","13":"purchasable","14":"product-type-simple","15":"entry","16":"content-bg","17":"loop-entry"},"jetpack_sharing_enabled":true,"_links":{"self":[{"href":"https:\/\/herbaltattoo.eu\/pl\/wp-json\/wp\/v2\/product\/22346","targetHints":{"allow":["GET"]}}],"collection":[{"href":"https:\/\/herbaltattoo.eu\/pl\/wp-json\/wp\/v2\/product"}],"about":[{"href":"https:\/\/herbaltattoo.eu\/pl\/wp-json\/wp\/v2\/types\/product"}],"wp:featuredmedia":[{"embeddable":true,"href":"https:\/\/herbaltattoo.eu\/pl\/wp-json\/wp\/v2\/media\/22345"}],"wp:attachment":[{"href":"https:\/\/herbaltattoo.eu\/pl\/wp-json\/wp\/v2\/media?parent=22346"}],"wp:term":[{"taxonomy":"product_brand","embeddable":true,"href":"https:\/\/herbaltattoo.eu\/pl\/wp-json\/wp\/v2\/product_brand?post=22346"},{"taxonomy":"product_cat","embeddable":true,"href":"https:\/\/herbaltattoo.eu\/pl\/wp-json\/wp\/v2\/product_cat?post=22346"},{"taxonomy":"product_tag","embeddable":true,"href":"https:\/\/herbaltattoo.eu\/pl\/wp-json\/wp\/v2\/product_tag?post=22346"}],"curies":[{"name":"wp","href":"https:\/\/api.w.org\/{rel}","templated":true}]}}