{"id":22344,"date":"2026-03-09T16:29:59","date_gmt":"2026-03-09T15:29:59","guid":{"rendered":"https:\/\/herbaltattoo.eu\/produkt\/octopus\/"},"modified":"2026-03-09T16:31:36","modified_gmt":"2026-03-09T15:31:36","slug":"octopus","status":"publish","type":"product","link":"https:\/\/herbaltattoo.eu\/pl\/produkt\/octopus\/","title":{"rendered":"Octopus"},"content":{"rendered":"<p>Tatua\u017c <strong data-start=\"65\" data-end=\"79\">o\u015bmiornicy<\/strong> symbolizuje <strong data-start=\"92\" data-end=\"140\">inteligencj\u0119, tajemnic\u0119 i zdolno\u015b\u0107 adaptacji<\/strong>. Oznacza osob\u0119, kt\u00f3ra potrafi poradzi\u0107 sobie w ka\u017cdej sytuacji i ma wiele \u201eramion\u201d do dzia\u0142ania. Cz\u0119sto jest te\u017c znakiem si\u0142y, przetrwania oraz g\u0142\u0119bi emocji ukrytej pod powierzchni\u0105.<\/p>\n","protected":false},"excerpt":{"rendered":"<p>Tatua\u017c o\u015bmiornicy symbolizuje inteligencj\u0119, tajemnic\u0119 i zdolno\u015b\u0107 adaptacji. Oznacza osob\u0119, kt\u00f3ra potrafi poradzi\u0107 sobie w ka\u017cdej sytuacji i ma wiele \u201eramion\u201d do dzia\u0142ania. Cz\u0119sto jest te\u017c znakiem si\u0142y, przetrwania oraz g\u0142\u0119bi emocji ukrytej pod powierzchni\u0105.<\/p>\n","protected":false},"featured_media":22343,"template":"","meta":{"_monsterinsights_skip_tracking":false,"_monsterinsights_sitenote_active":false,"_monsterinsights_sitenote_note":"","_monsterinsights_sitenote_category":0,"_kadence_starter_templates_imported_post":false,"_kad_post_transparent":"","_kad_post_title":"","_kad_post_layout":"","_kad_post_sidebar_id":"","_kad_post_content_style":"","_kad_post_vertical_padding":"","_kad_post_feature":"","_kad_post_feature_position":"","_kad_post_header":false,"_kad_post_footer":false,"_kad_post_classname":""},"product_brand":[],"product_cat":[49,16],"product_tag":[],"class_list":{"0":"post-22344","1":"product","2":"type-product","3":"status-publish","4":"has-post-thumbnail","6":"product_cat-pelne","7":"product_cat-wszystko","9":"first","10":"instock","11":"taxable","12":"shipping-taxable","13":"purchasable","14":"product-type-simple","15":"entry","16":"content-bg","17":"loop-entry"},"jetpack_sharing_enabled":true,"_links":{"self":[{"href":"https:\/\/herbaltattoo.eu\/pl\/wp-json\/wp\/v2\/product\/22344","targetHints":{"allow":["GET"]}}],"collection":[{"href":"https:\/\/herbaltattoo.eu\/pl\/wp-json\/wp\/v2\/product"}],"about":[{"href":"https:\/\/herbaltattoo.eu\/pl\/wp-json\/wp\/v2\/types\/product"}],"wp:featuredmedia":[{"embeddable":true,"href":"https:\/\/herbaltattoo.eu\/pl\/wp-json\/wp\/v2\/media\/22343"}],"wp:attachment":[{"href":"https:\/\/herbaltattoo.eu\/pl\/wp-json\/wp\/v2\/media?parent=22344"}],"wp:term":[{"taxonomy":"product_brand","embeddable":true,"href":"https:\/\/herbaltattoo.eu\/pl\/wp-json\/wp\/v2\/product_brand?post=22344"},{"taxonomy":"product_cat","embeddable":true,"href":"https:\/\/herbaltattoo.eu\/pl\/wp-json\/wp\/v2\/product_cat?post=22344"},{"taxonomy":"product_tag","embeddable":true,"href":"https:\/\/herbaltattoo.eu\/pl\/wp-json\/wp\/v2\/product_tag?post=22344"}],"curies":[{"name":"wp","href":"https:\/\/api.w.org\/{rel}","templated":true}]}}