{"id":22335,"date":"2026-03-09T16:24:25","date_gmt":"2026-03-09T15:24:25","guid":{"rendered":"https:\/\/herbaltattoo.eu\/produkt\/love-mom\/"},"modified":"2026-03-09T16:27:16","modified_gmt":"2026-03-09T15:27:16","slug":"love-mom","status":"publish","type":"product","link":"https:\/\/herbaltattoo.eu\/pl\/produkt\/love-mom\/","title":{"rendered":"LOVE MOM"},"content":{"rendered":"<p>Tatua\u017c <strong data-start=\"55\" data-end=\"69\">\u201eLOVE MOM\u201d<\/strong> to prosty, ale bardzo mocny symbol <strong data-start=\"105\" data-end=\"150\">mi\u0142o\u015bci, wdzi\u0119czno\u015bci i szacunku dla mamy<\/strong>. Oznacza siln\u0105 wi\u0119\u017a rodzinn\u0105 oraz docenienie osoby, kt\u00f3ra by\u0142a wsparciem i fundamentem w \u017cyciu. Cz\u0119sto jest te\u017c znakiem pami\u0119ci, ochrony i mi\u0142o\u015bci na zawsze.<\/p>\n","protected":false},"excerpt":{"rendered":"<p>Tatua\u017c \u201eLOVE MOM\u201d to prosty, ale bardzo mocny symbol mi\u0142o\u015bci, wdzi\u0119czno\u015bci i szacunku dla mamy. Oznacza siln\u0105 wi\u0119\u017a rodzinn\u0105 oraz docenienie osoby, kt\u00f3ra by\u0142a wsparciem i fundamentem w \u017cyciu. Cz\u0119sto jest te\u017c znakiem pami\u0119ci, ochrony i mi\u0142o\u015bci na zawsze.<\/p>\n","protected":false},"featured_media":22334,"template":"","meta":{"_monsterinsights_skip_tracking":false,"_monsterinsights_sitenote_active":false,"_monsterinsights_sitenote_note":"","_monsterinsights_sitenote_category":0,"_kadence_starter_templates_imported_post":false,"_kad_post_transparent":"","_kad_post_title":"","_kad_post_layout":"","_kad_post_sidebar_id":"","_kad_post_content_style":"","_kad_post_vertical_padding":"","_kad_post_feature":"","_kad_post_feature_position":"","_kad_post_header":false,"_kad_post_footer":false,"_kad_post_classname":""},"product_brand":[],"product_cat":[49,16],"product_tag":[],"class_list":{"0":"post-22335","1":"product","2":"type-product","3":"status-publish","4":"has-post-thumbnail","6":"product_cat-pelne","7":"product_cat-wszystko","9":"first","10":"instock","11":"taxable","12":"shipping-taxable","13":"purchasable","14":"product-type-simple","15":"entry","16":"content-bg","17":"loop-entry"},"jetpack_sharing_enabled":true,"_links":{"self":[{"href":"https:\/\/herbaltattoo.eu\/pl\/wp-json\/wp\/v2\/product\/22335","targetHints":{"allow":["GET"]}}],"collection":[{"href":"https:\/\/herbaltattoo.eu\/pl\/wp-json\/wp\/v2\/product"}],"about":[{"href":"https:\/\/herbaltattoo.eu\/pl\/wp-json\/wp\/v2\/types\/product"}],"wp:featuredmedia":[{"embeddable":true,"href":"https:\/\/herbaltattoo.eu\/pl\/wp-json\/wp\/v2\/media\/22334"}],"wp:attachment":[{"href":"https:\/\/herbaltattoo.eu\/pl\/wp-json\/wp\/v2\/media?parent=22335"}],"wp:term":[{"taxonomy":"product_brand","embeddable":true,"href":"https:\/\/herbaltattoo.eu\/pl\/wp-json\/wp\/v2\/product_brand?post=22335"},{"taxonomy":"product_cat","embeddable":true,"href":"https:\/\/herbaltattoo.eu\/pl\/wp-json\/wp\/v2\/product_cat?post=22335"},{"taxonomy":"product_tag","embeddable":true,"href":"https:\/\/herbaltattoo.eu\/pl\/wp-json\/wp\/v2\/product_tag?post=22335"}],"curies":[{"name":"wp","href":"https:\/\/api.w.org\/{rel}","templated":true}]}}