{"id":22329,"date":"2026-03-09T16:24:18","date_gmt":"2026-03-09T15:24:18","guid":{"rendered":"https:\/\/herbaltattoo.eu\/produkt\/anubis\/"},"modified":"2026-03-09T16:27:16","modified_gmt":"2026-03-09T15:27:16","slug":"anubis","status":"publish","type":"product","link":"https:\/\/herbaltattoo.eu\/pl\/produkt\/anubis\/","title":{"rendered":"Anubis"},"content":{"rendered":"<p><strong data-start=\"44\" data-end=\"54\">Anubis<\/strong> to egipski b\u00f3g z g\u0142ow\u0105 szakala, opiekun zmar\u0142ych i przewodnik dusz w za\u015bwiatach. Tatua\u017c Anubisa symbolizuje <strong data-start=\"163\" data-end=\"238\" data-is-only-node=\"\">ochron\u0119, tajemnic\u0119, si\u0142\u0119 oraz przej\u015bcie przez zmiany i nowe etapy \u017cycia<\/strong>. Cz\u0119sto oznacza te\u017c respekt wobec \u017cycia i \u015bmierci oraz duchow\u0105 czujno\u015b\u0107.<\/p>\n","protected":false},"excerpt":{"rendered":"<p>Anubis to egipski b\u00f3g z g\u0142ow\u0105 szakala, opiekun zmar\u0142ych i przewodnik dusz w za\u015bwiatach. Tatua\u017c Anubisa symbolizuje ochron\u0119, tajemnic\u0119, si\u0142\u0119 oraz przej\u015bcie przez zmiany i nowe etapy \u017cycia. Cz\u0119sto oznacza te\u017c respekt wobec \u017cycia i \u015bmierci oraz duchow\u0105 czujno\u015b\u0107.<\/p>\n","protected":false},"featured_media":22328,"template":"","meta":{"_monsterinsights_skip_tracking":false,"_monsterinsights_sitenote_active":false,"_monsterinsights_sitenote_note":"","_monsterinsights_sitenote_category":0,"_kadence_starter_templates_imported_post":false,"_kad_post_transparent":"","_kad_post_title":"","_kad_post_layout":"","_kad_post_sidebar_id":"","_kad_post_content_style":"","_kad_post_vertical_padding":"","_kad_post_feature":"","_kad_post_feature_position":"","_kad_post_header":false,"_kad_post_footer":false,"_kad_post_classname":""},"product_brand":[],"product_cat":[49,16],"product_tag":[],"class_list":{"0":"post-22329","1":"product","2":"type-product","3":"status-publish","4":"has-post-thumbnail","6":"product_cat-pelne","7":"product_cat-wszystko","9":"first","10":"instock","11":"taxable","12":"shipping-taxable","13":"purchasable","14":"product-type-simple","15":"entry","16":"content-bg","17":"loop-entry"},"jetpack_sharing_enabled":true,"_links":{"self":[{"href":"https:\/\/herbaltattoo.eu\/pl\/wp-json\/wp\/v2\/product\/22329","targetHints":{"allow":["GET"]}}],"collection":[{"href":"https:\/\/herbaltattoo.eu\/pl\/wp-json\/wp\/v2\/product"}],"about":[{"href":"https:\/\/herbaltattoo.eu\/pl\/wp-json\/wp\/v2\/types\/product"}],"wp:featuredmedia":[{"embeddable":true,"href":"https:\/\/herbaltattoo.eu\/pl\/wp-json\/wp\/v2\/media\/22328"}],"wp:attachment":[{"href":"https:\/\/herbaltattoo.eu\/pl\/wp-json\/wp\/v2\/media?parent=22329"}],"wp:term":[{"taxonomy":"product_brand","embeddable":true,"href":"https:\/\/herbaltattoo.eu\/pl\/wp-json\/wp\/v2\/product_brand?post=22329"},{"taxonomy":"product_cat","embeddable":true,"href":"https:\/\/herbaltattoo.eu\/pl\/wp-json\/wp\/v2\/product_cat?post=22329"},{"taxonomy":"product_tag","embeddable":true,"href":"https:\/\/herbaltattoo.eu\/pl\/wp-json\/wp\/v2\/product_tag?post=22329"}],"curies":[{"name":"wp","href":"https:\/\/api.w.org\/{rel}","templated":true}]}}