{"id":22325,"date":"2026-03-09T16:24:14","date_gmt":"2026-03-09T15:24:14","guid":{"rendered":"https:\/\/herbaltattoo.eu\/produkt\/zolwik\/"},"modified":"2026-03-09T16:26:17","modified_gmt":"2026-03-09T15:26:17","slug":"zolwik","status":"publish","type":"product","link":"https:\/\/herbaltattoo.eu\/pl\/produkt\/zolwik\/","title":{"rendered":"\u017b\u00f3\u0142wik"},"content":{"rendered":"<p><strong data-start=\"56\" data-end=\"64\">\u017b\u00f3\u0142w<\/strong> jako tatua\u017c symbolizuje <strong data-start=\"89\" data-end=\"129\">spok\u00f3j, cierpliwo\u015b\u0107 i d\u0142ugowieczno\u015b\u0107<\/strong>. Jest znakiem osoby, kt\u00f3ra idzie przez \u017cycie powoli, ale pewnie, nie poddaj\u0105c si\u0119 przeciwno\u015bciom. Cz\u0119sto oznacza te\u017c <strong data-start=\"247\" data-end=\"280\" data-is-only-node=\"\">ochron\u0119, stabilno\u015b\u0107 i m\u0105dro\u015b\u0107<\/strong>.<\/p>\n","protected":false},"excerpt":{"rendered":"<p>\u017b\u00f3\u0142w jako tatua\u017c symbolizuje spok\u00f3j, cierpliwo\u015b\u0107 i d\u0142ugowieczno\u015b\u0107. Jest znakiem osoby, kt\u00f3ra idzie przez \u017cycie powoli, ale pewnie, nie poddaj\u0105c si\u0119 przeciwno\u015bciom. Cz\u0119sto oznacza te\u017c ochron\u0119, stabilno\u015b\u0107 i m\u0105dro\u015b\u0107.<\/p>\n","protected":false},"featured_media":22324,"template":"","meta":{"_monsterinsights_skip_tracking":false,"_monsterinsights_sitenote_active":false,"_monsterinsights_sitenote_note":"","_monsterinsights_sitenote_category":0,"_kadence_starter_templates_imported_post":false,"_kad_post_transparent":"","_kad_post_title":"","_kad_post_layout":"","_kad_post_sidebar_id":"","_kad_post_content_style":"","_kad_post_vertical_padding":"","_kad_post_feature":"","_kad_post_feature_position":"","_kad_post_header":false,"_kad_post_footer":false,"_kad_post_classname":""},"product_brand":[],"product_cat":[51,16],"product_tag":[],"class_list":{"0":"post-22325","1":"product","2":"type-product","3":"status-publish","4":"has-post-thumbnail","6":"product_cat-male","7":"product_cat-wszystko","9":"first","10":"instock","11":"taxable","12":"shipping-taxable","13":"purchasable","14":"product-type-simple","15":"entry","16":"content-bg","17":"loop-entry"},"jetpack_sharing_enabled":true,"_links":{"self":[{"href":"https:\/\/herbaltattoo.eu\/pl\/wp-json\/wp\/v2\/product\/22325","targetHints":{"allow":["GET"]}}],"collection":[{"href":"https:\/\/herbaltattoo.eu\/pl\/wp-json\/wp\/v2\/product"}],"about":[{"href":"https:\/\/herbaltattoo.eu\/pl\/wp-json\/wp\/v2\/types\/product"}],"wp:featuredmedia":[{"embeddable":true,"href":"https:\/\/herbaltattoo.eu\/pl\/wp-json\/wp\/v2\/media\/22324"}],"wp:attachment":[{"href":"https:\/\/herbaltattoo.eu\/pl\/wp-json\/wp\/v2\/media?parent=22325"}],"wp:term":[{"taxonomy":"product_brand","embeddable":true,"href":"https:\/\/herbaltattoo.eu\/pl\/wp-json\/wp\/v2\/product_brand?post=22325"},{"taxonomy":"product_cat","embeddable":true,"href":"https:\/\/herbaltattoo.eu\/pl\/wp-json\/wp\/v2\/product_cat?post=22325"},{"taxonomy":"product_tag","embeddable":true,"href":"https:\/\/herbaltattoo.eu\/pl\/wp-json\/wp\/v2\/product_tag?post=22325"}],"curies":[{"name":"wp","href":"https:\/\/api.w.org\/{rel}","templated":true}]}}