{"id":22323,"date":"2026-03-09T16:24:13","date_gmt":"2026-03-09T15:24:13","guid":{"rendered":"https:\/\/herbaltattoo.eu\/produkt\/kompas-wikingow\/"},"modified":"2026-03-09T16:26:17","modified_gmt":"2026-03-09T15:26:17","slug":"kompas-wikingow","status":"publish","type":"product","link":"https:\/\/herbaltattoo.eu\/pl\/produkt\/kompas-wikingow\/","title":{"rendered":"Kompas Wiking\u00f3w"},"content":{"rendered":"<p>Vegv\u00edsir oznacza <strong data-start=\"214\" data-end=\"248\">drogowskaz i ochron\u0119 w podr\u00f3\u017cy<\/strong> \u2014 wed\u0142ug tradycji mia\u0142 pomaga\u0107 odnale\u017a\u0107 w\u0142a\u015bciw\u0105 drog\u0119 nawet w burzy i chaosie. Symbolizuje <strong data-start=\"341\" data-end=\"385\">si\u0142\u0119, przetrwanie, prowadzenie przez los<\/strong> oraz duchow\u0105 ochron\u0119. To znak osoby, kt\u00f3ra idzie swoj\u0105 \u015bcie\u017ck\u0105 mimo trudno\u015bci.<\/p>\n","protected":false},"excerpt":{"rendered":"<p>Vegv\u00edsir oznacza drogowskaz i ochron\u0119 w podr\u00f3\u017cy \u2014 wed\u0142ug tradycji mia\u0142 pomaga\u0107 odnale\u017a\u0107 w\u0142a\u015bciw\u0105 drog\u0119 nawet w burzy i chaosie. Symbolizuje si\u0142\u0119, przetrwanie, prowadzenie przez los oraz duchow\u0105 ochron\u0119. To znak osoby, kt\u00f3ra idzie swoj\u0105 \u015bcie\u017ck\u0105 mimo trudno\u015bci.<\/p>\n","protected":false},"featured_media":22322,"template":"","meta":{"_monsterinsights_skip_tracking":false,"_monsterinsights_sitenote_active":false,"_monsterinsights_sitenote_note":"","_monsterinsights_sitenote_category":0,"_kadence_starter_templates_imported_post":false,"_kad_post_transparent":"","_kad_post_title":"","_kad_post_layout":"","_kad_post_sidebar_id":"","_kad_post_content_style":"","_kad_post_vertical_padding":"","_kad_post_feature":"","_kad_post_feature_position":"","_kad_post_header":false,"_kad_post_footer":false,"_kad_post_classname":""},"product_brand":[],"product_cat":[51,16],"product_tag":[],"class_list":{"0":"post-22323","1":"product","2":"type-product","3":"status-publish","4":"has-post-thumbnail","6":"product_cat-male","7":"product_cat-wszystko","9":"first","10":"instock","11":"taxable","12":"shipping-taxable","13":"purchasable","14":"product-type-simple","15":"entry","16":"content-bg","17":"loop-entry"},"jetpack_sharing_enabled":true,"_links":{"self":[{"href":"https:\/\/herbaltattoo.eu\/pl\/wp-json\/wp\/v2\/product\/22323","targetHints":{"allow":["GET"]}}],"collection":[{"href":"https:\/\/herbaltattoo.eu\/pl\/wp-json\/wp\/v2\/product"}],"about":[{"href":"https:\/\/herbaltattoo.eu\/pl\/wp-json\/wp\/v2\/types\/product"}],"wp:featuredmedia":[{"embeddable":true,"href":"https:\/\/herbaltattoo.eu\/pl\/wp-json\/wp\/v2\/media\/22322"}],"wp:attachment":[{"href":"https:\/\/herbaltattoo.eu\/pl\/wp-json\/wp\/v2\/media?parent=22323"}],"wp:term":[{"taxonomy":"product_brand","embeddable":true,"href":"https:\/\/herbaltattoo.eu\/pl\/wp-json\/wp\/v2\/product_brand?post=22323"},{"taxonomy":"product_cat","embeddable":true,"href":"https:\/\/herbaltattoo.eu\/pl\/wp-json\/wp\/v2\/product_cat?post=22323"},{"taxonomy":"product_tag","embeddable":true,"href":"https:\/\/herbaltattoo.eu\/pl\/wp-json\/wp\/v2\/product_tag?post=22323"}],"curies":[{"name":"wp","href":"https:\/\/api.w.org\/{rel}","templated":true}]}}