{"id":22321,"date":"2026-03-09T16:24:13","date_gmt":"2026-03-09T15:24:13","guid":{"rendered":"https:\/\/herbaltattoo.eu\/produkt\/wanted\/"},"modified":"2026-03-09T16:26:17","modified_gmt":"2026-03-09T15:26:17","slug":"wanted","status":"publish","type":"product","link":"https:\/\/herbaltattoo.eu\/pl\/produkt\/wanted\/","title":{"rendered":"Wanted"},"content":{"rendered":"<article class=\"text-token-text-primary w-full focus:outline-none [--shadow-height:45px] has-data-writing-block:pointer-events-none has-data-writing-block:-mt-(--shadow-height) has-data-writing-block:pt-(--shadow-height) [&amp;:has([data-writing-block])&gt;*]:pointer-events-auto scroll-mt-(--header-height)\" dir=\"auto\" tabindex=\"-1\" data-turn-id=\"0a2ebf3e-9288-48b9-a0dc-052105f2f453\" data-testid=\"conversation-turn-47\" data-scroll-anchor=\"false\" data-turn=\"user\"><\/article>\n<article class=\"text-token-text-primary w-full focus:outline-none [--shadow-height:45px] has-data-writing-block:pointer-events-none has-data-writing-block:-mt-(--shadow-height) has-data-writing-block:pt-(--shadow-height) [&amp;:has([data-writing-block])&gt;*]:pointer-events-auto scroll-mt-[calc(var(--header-height)+min(200px,max(70px,20svh)))]\" dir=\"auto\" tabindex=\"-1\" data-turn-id=\"request-698390c8-a3e4-8396-aac0-1b9adbe4dbd8-0\" data-testid=\"conversation-turn-48\" data-scroll-anchor=\"true\" data-turn=\"assistant\">\n<div class=\"text-base my-auto mx-auto pb-10 [--thread-content-margin:--spacing(4)] @w-sm\/main:[--thread-content-margin:--spacing(6)] @w-lg\/main:[--thread-content-margin:--spacing(16)] px-(--thread-content-margin)\">\n<div class=\"[--thread-content-max-width:40rem] @w-lg\/main:[--thread-content-max-width:48rem] mx-auto max-w-(--thread-content-max-width) flex-1 group\/turn-messages focus-visible:outline-hidden relative flex w-full min-w-0 flex-col agent-turn\" tabindex=\"-1\">\n<div class=\"flex max-w-full flex-col grow\">\n<div class=\"min-h-8 text-message relative flex w-full flex-col items-end gap-2 text-start break-words whitespace-normal [.text-message+&amp;]:mt-1\" dir=\"auto\" data-message-author-role=\"assistant\" data-message-id=\"b17e48ce-50d1-4d31-a1c5-0635145d1935\" data-message-model-slug=\"gpt-5-2\">\n<div class=\"flex w-full flex-col gap-1 empty:hidden first:pt-[1px]\">\n<div class=\"markdown prose dark:prose-invert w-full wrap-break-word light markdown-new-styling\">\n<p data-start=\"0\" data-end=\"277\" data-is-last-node=\"\" data-is-only-node=\"\"><strong data-start=\"0\" data-end=\"12\" data-is-only-node=\"\">\u201eWanted\u201d<\/strong> jako tatua\u017c symbolizuje niezale\u017cno\u015b\u0107, bunt i \u017cycie na w\u0142asnych zasadach. Mo\u017ce oznacza\u0107 kogo\u015b, kto jest \u201eposzukiwany\u201d za swoj\u0105 wyj\u0105tkowo\u015b\u0107 lub niepokorny charakter. Cz\u0119sto ma te\u017c znaczenie ironiczne \u2014 podkre\u015bla tajemniczo\u015b\u0107, pewno\u015b\u0107 siebie i odwag\u0119 wyr\u00f3\u017cniania si\u0119.<\/p>\n<\/div>\n<\/div>\n<\/div>\n<\/div>\n<\/div>\n<\/div>\n<\/article>\n","protected":false},"excerpt":{"rendered":"<p>\u201eWanted\u201d jako tatua\u017c symbolizuje niezale\u017cno\u015b\u0107, bunt i \u017cycie na w\u0142asnych zasadach. Mo\u017ce oznacza\u0107 kogo\u015b, kto jest \u201eposzukiwany\u201d za swoj\u0105 wyj\u0105tkowo\u015b\u0107 lub niepokorny charakter. Cz\u0119sto ma te\u017c znaczenie ironiczne \u2014 podkre\u015bla tajemniczo\u015b\u0107, pewno\u015b\u0107 siebie i odwag\u0119 wyr\u00f3\u017cniania si\u0119.<\/p>\n","protected":false},"featured_media":22320,"template":"","meta":{"_monsterinsights_skip_tracking":false,"_monsterinsights_sitenote_active":false,"_monsterinsights_sitenote_note":"","_monsterinsights_sitenote_category":0,"_kadence_starter_templates_imported_post":false,"_kad_post_transparent":"","_kad_post_title":"","_kad_post_layout":"","_kad_post_sidebar_id":"","_kad_post_content_style":"","_kad_post_vertical_padding":"","_kad_post_feature":"","_kad_post_feature_position":"","_kad_post_header":false,"_kad_post_footer":false,"_kad_post_classname":""},"product_brand":[],"product_cat":[51,16],"product_tag":[],"class_list":{"0":"post-22321","1":"product","2":"type-product","3":"status-publish","4":"has-post-thumbnail","6":"product_cat-male","7":"product_cat-wszystko","9":"first","10":"instock","11":"taxable","12":"shipping-taxable","13":"purchasable","14":"product-type-simple","15":"entry","16":"content-bg","17":"loop-entry"},"jetpack_sharing_enabled":true,"_links":{"self":[{"href":"https:\/\/herbaltattoo.eu\/pl\/wp-json\/wp\/v2\/product\/22321","targetHints":{"allow":["GET"]}}],"collection":[{"href":"https:\/\/herbaltattoo.eu\/pl\/wp-json\/wp\/v2\/product"}],"about":[{"href":"https:\/\/herbaltattoo.eu\/pl\/wp-json\/wp\/v2\/types\/product"}],"wp:featuredmedia":[{"embeddable":true,"href":"https:\/\/herbaltattoo.eu\/pl\/wp-json\/wp\/v2\/media\/22320"}],"wp:attachment":[{"href":"https:\/\/herbaltattoo.eu\/pl\/wp-json\/wp\/v2\/media?parent=22321"}],"wp:term":[{"taxonomy":"product_brand","embeddable":true,"href":"https:\/\/herbaltattoo.eu\/pl\/wp-json\/wp\/v2\/product_brand?post=22321"},{"taxonomy":"product_cat","embeddable":true,"href":"https:\/\/herbaltattoo.eu\/pl\/wp-json\/wp\/v2\/product_cat?post=22321"},{"taxonomy":"product_tag","embeddable":true,"href":"https:\/\/herbaltattoo.eu\/pl\/wp-json\/wp\/v2\/product_tag?post=22321"}],"curies":[{"name":"wp","href":"https:\/\/api.w.org\/{rel}","templated":true}]}}