{"id":22311,"date":"2026-03-09T16:24:07","date_gmt":"2026-03-09T15:24:07","guid":{"rendered":"https:\/\/herbaltattoo.eu\/produkt\/motyle-2\/"},"modified":"2026-03-09T16:26:18","modified_gmt":"2026-03-09T15:26:18","slug":"motyle-2","status":"publish","type":"product","link":"https:\/\/herbaltattoo.eu\/pl\/produkt\/motyle-2\/","title":{"rendered":"Motyle"},"content":{"rendered":"<p><strong data-start=\"0\" data-end=\"10\" data-is-only-node=\"\">Motyle<\/strong> jako tatua\u017c symbolizuj\u0105 przemian\u0119, wolno\u015b\u0107 i nowe pocz\u0105tki. Cz\u0119sto oznaczaj\u0105 rozw\u00f3j osobisty, wyj\u015bcie z trudnego okresu i odrodzenie. S\u0105 te\u017c znakiem lekko\u015bci, pi\u0119kna oraz ulotnych, ale wa\u017cnych chwil w \u017cyciu.<\/p>\n","protected":false},"excerpt":{"rendered":"<p>Motyle jako tatua\u017c symbolizuj\u0105 przemian\u0119, wolno\u015b\u0107 i nowe pocz\u0105tki. Cz\u0119sto oznaczaj\u0105 rozw\u00f3j osobisty, wyj\u015bcie z trudnego okresu i odrodzenie. S\u0105 te\u017c znakiem lekko\u015bci, pi\u0119kna oraz ulotnych, ale wa\u017cnych chwil w \u017cyciu.<\/p>\n","protected":false},"featured_media":22310,"template":"","meta":{"_monsterinsights_skip_tracking":false,"_monsterinsights_sitenote_active":false,"_monsterinsights_sitenote_note":"","_monsterinsights_sitenote_category":0,"_kadence_starter_templates_imported_post":false,"_kad_post_transparent":"","_kad_post_title":"","_kad_post_layout":"","_kad_post_sidebar_id":"","_kad_post_content_style":"","_kad_post_vertical_padding":"","_kad_post_feature":"","_kad_post_feature_position":"","_kad_post_header":false,"_kad_post_footer":false,"_kad_post_classname":""},"product_brand":[],"product_cat":[51,16],"product_tag":[],"class_list":{"0":"post-22311","1":"product","2":"type-product","3":"status-publish","4":"has-post-thumbnail","6":"product_cat-male","7":"product_cat-wszystko","9":"first","10":"instock","11":"taxable","12":"shipping-taxable","13":"purchasable","14":"product-type-simple","15":"entry","16":"content-bg","17":"loop-entry"},"jetpack_sharing_enabled":true,"_links":{"self":[{"href":"https:\/\/herbaltattoo.eu\/pl\/wp-json\/wp\/v2\/product\/22311","targetHints":{"allow":["GET"]}}],"collection":[{"href":"https:\/\/herbaltattoo.eu\/pl\/wp-json\/wp\/v2\/product"}],"about":[{"href":"https:\/\/herbaltattoo.eu\/pl\/wp-json\/wp\/v2\/types\/product"}],"wp:featuredmedia":[{"embeddable":true,"href":"https:\/\/herbaltattoo.eu\/pl\/wp-json\/wp\/v2\/media\/22310"}],"wp:attachment":[{"href":"https:\/\/herbaltattoo.eu\/pl\/wp-json\/wp\/v2\/media?parent=22311"}],"wp:term":[{"taxonomy":"product_brand","embeddable":true,"href":"https:\/\/herbaltattoo.eu\/pl\/wp-json\/wp\/v2\/product_brand?post=22311"},{"taxonomy":"product_cat","embeddable":true,"href":"https:\/\/herbaltattoo.eu\/pl\/wp-json\/wp\/v2\/product_cat?post=22311"},{"taxonomy":"product_tag","embeddable":true,"href":"https:\/\/herbaltattoo.eu\/pl\/wp-json\/wp\/v2\/product_tag?post=22311"}],"curies":[{"name":"wp","href":"https:\/\/api.w.org\/{rel}","templated":true}]}}