{"id":22303,"date":"2026-03-09T16:24:03","date_gmt":"2026-03-09T15:24:03","guid":{"rendered":"https:\/\/herbaltattoo.eu\/produkt\/no-drama-llama\/"},"modified":"2026-03-09T16:26:18","modified_gmt":"2026-03-09T15:26:18","slug":"no-drama-llama","status":"publish","type":"product","link":"https:\/\/herbaltattoo.eu\/pl\/produkt\/no-drama-llama\/","title":{"rendered":"No Drama LLama"},"content":{"rendered":"<p><strong data-start=\"0\" data-end=\"20\" data-is-only-node=\"\">\u201eNo Drama Llama\u201d<\/strong> to zabawny tatua\u017c oznaczaj\u0105cy spok\u00f3j, dystans i \u017cycie bez niepotrzebnych konflikt\u00f3w. Symbolizuje osob\u0119, kt\u00f3ra unika dram, stresu i toksycznych sytuacji. To te\u017c lekki, pozytywny przekaz: <em data-start=\"207\" data-end=\"245\">\u201echc\u0119 tylko chillu i dobrej energii\u201d<\/em> .<\/p>\n","protected":false},"excerpt":{"rendered":"<p>\u201eNo Drama Llama\u201d to zabawny tatua\u017c oznaczaj\u0105cy spok\u00f3j, dystans i \u017cycie bez niepotrzebnych konflikt\u00f3w. Symbolizuje osob\u0119, kt\u00f3ra unika dram, stresu i toksycznych sytuacji. To te\u017c lekki, pozytywny przekaz: \u201echc\u0119 tylko chillu i dobrej energii\u201d .<\/p>\n","protected":false},"featured_media":22302,"template":"","meta":{"_monsterinsights_skip_tracking":false,"_monsterinsights_sitenote_active":false,"_monsterinsights_sitenote_note":"","_monsterinsights_sitenote_category":0,"_kadence_starter_templates_imported_post":false,"_kad_post_transparent":"","_kad_post_title":"","_kad_post_layout":"","_kad_post_sidebar_id":"","_kad_post_content_style":"","_kad_post_vertical_padding":"","_kad_post_feature":"","_kad_post_feature_position":"","_kad_post_header":false,"_kad_post_footer":false,"_kad_post_classname":""},"product_brand":[],"product_cat":[51,16],"product_tag":[],"class_list":{"0":"post-22303","1":"product","2":"type-product","3":"status-publish","4":"has-post-thumbnail","6":"product_cat-male","7":"product_cat-wszystko","9":"first","10":"instock","11":"taxable","12":"shipping-taxable","13":"purchasable","14":"product-type-simple","15":"entry","16":"content-bg","17":"loop-entry"},"jetpack_sharing_enabled":true,"_links":{"self":[{"href":"https:\/\/herbaltattoo.eu\/pl\/wp-json\/wp\/v2\/product\/22303","targetHints":{"allow":["GET"]}}],"collection":[{"href":"https:\/\/herbaltattoo.eu\/pl\/wp-json\/wp\/v2\/product"}],"about":[{"href":"https:\/\/herbaltattoo.eu\/pl\/wp-json\/wp\/v2\/types\/product"}],"wp:featuredmedia":[{"embeddable":true,"href":"https:\/\/herbaltattoo.eu\/pl\/wp-json\/wp\/v2\/media\/22302"}],"wp:attachment":[{"href":"https:\/\/herbaltattoo.eu\/pl\/wp-json\/wp\/v2\/media?parent=22303"}],"wp:term":[{"taxonomy":"product_brand","embeddable":true,"href":"https:\/\/herbaltattoo.eu\/pl\/wp-json\/wp\/v2\/product_brand?post=22303"},{"taxonomy":"product_cat","embeddable":true,"href":"https:\/\/herbaltattoo.eu\/pl\/wp-json\/wp\/v2\/product_cat?post=22303"},{"taxonomy":"product_tag","embeddable":true,"href":"https:\/\/herbaltattoo.eu\/pl\/wp-json\/wp\/v2\/product_tag?post=22303"}],"curies":[{"name":"wp","href":"https:\/\/api.w.org\/{rel}","templated":true}]}}