{"id":22296,"date":"2026-03-09T16:16:34","date_gmt":"2026-03-09T15:16:34","guid":{"rendered":"https:\/\/herbaltattoo.eu\/produkt\/amor\/"},"modified":"2026-03-09T16:19:31","modified_gmt":"2026-03-09T15:19:31","slug":"amor","status":"publish","type":"product","link":"https:\/\/herbaltattoo.eu\/pl\/produkt\/amor\/","title":{"rendered":"Amor"},"content":{"rendered":"<p><strong data-start=\"0\" data-end=\"10\" data-is-only-node=\"\">\u201eAmor\u201d<\/strong> to po \u0142acinie \u201emi\u0142o\u015b\u0107\u201d i bardzo popularny motyw w tatua\u017cach. Symbolizuje uczucie, pasj\u0119 oraz si\u0142\u0119 emocji, kt\u00f3re mog\u0105 prowadzi\u0107 cz\u0142owieka przez \u017cycie. Taki tatua\u017c cz\u0119sto oznacza mi\u0142o\u015b\u0107 wieczn\u0105, romantyczn\u0105 albo mi\u0142o\u015b\u0107 do samego \u017cycia.<\/p>\n","protected":false},"excerpt":{"rendered":"<p>\u201eAmor\u201d to po \u0142acinie \u201emi\u0142o\u015b\u0107\u201d i bardzo popularny motyw w tatua\u017cach. Symbolizuje uczucie, pasj\u0119 oraz si\u0142\u0119 emocji, kt\u00f3re mog\u0105 prowadzi\u0107 cz\u0142owieka przez \u017cycie. Taki tatua\u017c cz\u0119sto oznacza mi\u0142o\u015b\u0107 wieczn\u0105, romantyczn\u0105 albo mi\u0142o\u015b\u0107 do samego \u017cycia.<\/p>\n","protected":false},"featured_media":22295,"template":"","meta":{"_monsterinsights_skip_tracking":false,"_monsterinsights_sitenote_active":false,"_monsterinsights_sitenote_note":"","_monsterinsights_sitenote_category":0,"_kadence_starter_templates_imported_post":false,"_kad_post_transparent":"","_kad_post_title":"","_kad_post_layout":"","_kad_post_sidebar_id":"","_kad_post_content_style":"","_kad_post_vertical_padding":"","_kad_post_feature":"","_kad_post_feature_position":"","_kad_post_header":false,"_kad_post_footer":false,"_kad_post_classname":""},"product_brand":[],"product_cat":[51,16],"product_tag":[],"class_list":{"0":"post-22296","1":"product","2":"type-product","3":"status-publish","4":"has-post-thumbnail","6":"product_cat-male","7":"product_cat-wszystko","9":"first","10":"instock","11":"taxable","12":"shipping-taxable","13":"purchasable","14":"product-type-simple","15":"entry","16":"content-bg","17":"loop-entry"},"jetpack_sharing_enabled":true,"_links":{"self":[{"href":"https:\/\/herbaltattoo.eu\/pl\/wp-json\/wp\/v2\/product\/22296","targetHints":{"allow":["GET"]}}],"collection":[{"href":"https:\/\/herbaltattoo.eu\/pl\/wp-json\/wp\/v2\/product"}],"about":[{"href":"https:\/\/herbaltattoo.eu\/pl\/wp-json\/wp\/v2\/types\/product"}],"wp:featuredmedia":[{"embeddable":true,"href":"https:\/\/herbaltattoo.eu\/pl\/wp-json\/wp\/v2\/media\/22295"}],"wp:attachment":[{"href":"https:\/\/herbaltattoo.eu\/pl\/wp-json\/wp\/v2\/media?parent=22296"}],"wp:term":[{"taxonomy":"product_brand","embeddable":true,"href":"https:\/\/herbaltattoo.eu\/pl\/wp-json\/wp\/v2\/product_brand?post=22296"},{"taxonomy":"product_cat","embeddable":true,"href":"https:\/\/herbaltattoo.eu\/pl\/wp-json\/wp\/v2\/product_cat?post=22296"},{"taxonomy":"product_tag","embeddable":true,"href":"https:\/\/herbaltattoo.eu\/pl\/wp-json\/wp\/v2\/product_tag?post=22296"}],"curies":[{"name":"wp","href":"https:\/\/api.w.org\/{rel}","templated":true}]}}