{"id":22294,"date":"2026-03-09T16:16:33","date_gmt":"2026-03-09T15:16:33","guid":{"rendered":"https:\/\/herbaltattoo.eu\/produkt\/777\/"},"modified":"2026-03-09T16:19:20","modified_gmt":"2026-03-09T15:19:20","slug":"777","status":"publish","type":"product","link":"https:\/\/herbaltattoo.eu\/pl\/produkt\/777\/","title":{"rendered":"777"},"content":{"rendered":"<p>Liczba <strong data-start=\"7\" data-end=\"14\">777<\/strong> symbolizuje szcz\u0119\u015bcie, pomy\u015blno\u015b\u0107 i pozytywn\u0105 energi\u0119. Jest te\u017c znakiem duchowej ochrony oraz tego, \u017ce jeste\u015b na w\u0142a\u015bciwej drodze. W numerologii oznacza rozw\u00f3j, intuicj\u0119 i wewn\u0119trzn\u0105 si\u0142\u0119.<\/p>\n","protected":false},"excerpt":{"rendered":"<p>Liczba 777 symbolizuje szcz\u0119\u015bcie, pomy\u015blno\u015b\u0107 i pozytywn\u0105 energi\u0119. Jest te\u017c znakiem duchowej ochrony oraz tego, \u017ce jeste\u015b na w\u0142a\u015bciwej drodze. W numerologii oznacza rozw\u00f3j, intuicj\u0119 i wewn\u0119trzn\u0105 si\u0142\u0119.<\/p>\n","protected":false},"featured_media":22293,"template":"","meta":{"_monsterinsights_skip_tracking":false,"_monsterinsights_sitenote_active":false,"_monsterinsights_sitenote_note":"","_monsterinsights_sitenote_category":0,"_kadence_starter_templates_imported_post":false,"_kad_post_transparent":"","_kad_post_title":"","_kad_post_layout":"","_kad_post_sidebar_id":"","_kad_post_content_style":"","_kad_post_vertical_padding":"","_kad_post_feature":"","_kad_post_feature_position":"","_kad_post_header":false,"_kad_post_footer":false,"_kad_post_classname":""},"product_brand":[],"product_cat":[51,16],"product_tag":[],"class_list":{"0":"post-22294","1":"product","2":"type-product","3":"status-publish","4":"has-post-thumbnail","6":"product_cat-male","7":"product_cat-wszystko","9":"first","10":"instock","11":"taxable","12":"shipping-taxable","13":"purchasable","14":"product-type-simple","15":"entry","16":"content-bg","17":"loop-entry"},"jetpack_sharing_enabled":true,"_links":{"self":[{"href":"https:\/\/herbaltattoo.eu\/pl\/wp-json\/wp\/v2\/product\/22294","targetHints":{"allow":["GET"]}}],"collection":[{"href":"https:\/\/herbaltattoo.eu\/pl\/wp-json\/wp\/v2\/product"}],"about":[{"href":"https:\/\/herbaltattoo.eu\/pl\/wp-json\/wp\/v2\/types\/product"}],"wp:featuredmedia":[{"embeddable":true,"href":"https:\/\/herbaltattoo.eu\/pl\/wp-json\/wp\/v2\/media\/22293"}],"wp:attachment":[{"href":"https:\/\/herbaltattoo.eu\/pl\/wp-json\/wp\/v2\/media?parent=22294"}],"wp:term":[{"taxonomy":"product_brand","embeddable":true,"href":"https:\/\/herbaltattoo.eu\/pl\/wp-json\/wp\/v2\/product_brand?post=22294"},{"taxonomy":"product_cat","embeddable":true,"href":"https:\/\/herbaltattoo.eu\/pl\/wp-json\/wp\/v2\/product_cat?post=22294"},{"taxonomy":"product_tag","embeddable":true,"href":"https:\/\/herbaltattoo.eu\/pl\/wp-json\/wp\/v2\/product_tag?post=22294"}],"curies":[{"name":"wp","href":"https:\/\/api.w.org\/{rel}","templated":true}]}}