{"id":22292,"date":"2026-03-09T16:16:33","date_gmt":"2026-03-09T15:16:33","guid":{"rendered":"https:\/\/herbaltattoo.eu\/produkt\/224\/"},"modified":"2026-03-09T16:19:01","modified_gmt":"2026-03-09T15:19:01","slug":"224","status":"publish","type":"product","link":"https:\/\/herbaltattoo.eu\/pl\/produkt\/224\/","title":{"rendered":"224"},"content":{"rendered":"<p>\u017bycie chwil\u0105 dzisiaj, my\u015blenie o jutrze i uczucie albo pami\u0119\u0107, kt\u00f3ra zostaje na zawsze.<br data-start=\"175\" data-end=\"178\" \/>To symbol lojalno\u015bci, mi\u0142o\u015bci i czego\u015b, co trwa mimo czasu.<\/p>\n","protected":false},"excerpt":{"rendered":"<p>\u017bycie chwil\u0105 dzisiaj, my\u015blenie o jutrze i uczucie albo pami\u0119\u0107, kt\u00f3ra zostaje na zawsze.To symbol lojalno\u015bci, mi\u0142o\u015bci i czego\u015b, co trwa mimo czasu.<\/p>\n","protected":false},"featured_media":22291,"template":"","meta":{"_monsterinsights_skip_tracking":false,"_monsterinsights_sitenote_active":false,"_monsterinsights_sitenote_note":"","_monsterinsights_sitenote_category":0,"_kadence_starter_templates_imported_post":false,"_kad_post_transparent":"","_kad_post_title":"","_kad_post_layout":"","_kad_post_sidebar_id":"","_kad_post_content_style":"","_kad_post_vertical_padding":"","_kad_post_feature":"","_kad_post_feature_position":"","_kad_post_header":false,"_kad_post_footer":false,"_kad_post_classname":""},"product_brand":[],"product_cat":[51,16],"product_tag":[],"class_list":{"0":"post-22292","1":"product","2":"type-product","3":"status-publish","4":"has-post-thumbnail","6":"product_cat-male","7":"product_cat-wszystko","9":"first","10":"instock","11":"taxable","12":"shipping-taxable","13":"purchasable","14":"product-type-simple","15":"entry","16":"content-bg","17":"loop-entry"},"jetpack_sharing_enabled":true,"_links":{"self":[{"href":"https:\/\/herbaltattoo.eu\/pl\/wp-json\/wp\/v2\/product\/22292","targetHints":{"allow":["GET"]}}],"collection":[{"href":"https:\/\/herbaltattoo.eu\/pl\/wp-json\/wp\/v2\/product"}],"about":[{"href":"https:\/\/herbaltattoo.eu\/pl\/wp-json\/wp\/v2\/types\/product"}],"wp:featuredmedia":[{"embeddable":true,"href":"https:\/\/herbaltattoo.eu\/pl\/wp-json\/wp\/v2\/media\/22291"}],"wp:attachment":[{"href":"https:\/\/herbaltattoo.eu\/pl\/wp-json\/wp\/v2\/media?parent=22292"}],"wp:term":[{"taxonomy":"product_brand","embeddable":true,"href":"https:\/\/herbaltattoo.eu\/pl\/wp-json\/wp\/v2\/product_brand?post=22292"},{"taxonomy":"product_cat","embeddable":true,"href":"https:\/\/herbaltattoo.eu\/pl\/wp-json\/wp\/v2\/product_cat?post=22292"},{"taxonomy":"product_tag","embeddable":true,"href":"https:\/\/herbaltattoo.eu\/pl\/wp-json\/wp\/v2\/product_tag?post=22292"}],"curies":[{"name":"wp","href":"https:\/\/api.w.org\/{rel}","templated":true}]}}