{"id":13379,"date":"2025-07-26T22:04:52","date_gmt":"2025-07-26T20:04:52","guid":{"rendered":"https:\/\/herbaltattoo.eu\/?post_type=product&#038;p=13379"},"modified":"2026-02-25T12:50:16","modified_gmt":"2026-02-25T11:50:16","slug":"wazka","status":"publish","type":"product","link":"https:\/\/herbaltattoo.eu\/pl\/produkt\/wazka\/","title":{"rendered":"Wa\u017cka"},"content":{"rendered":"<article class=\"text-token-text-primary w-full focus:outline-none scroll-mt-[calc(var(--header-height)+min(200px,max(70px,20svh)))]\" dir=\"auto\" tabindex=\"-1\" data-testid=\"conversation-turn-30\" data-scroll-anchor=\"true\" data-turn=\"assistant\">\n<div class=\"text-base my-auto mx-auto pb-10 [--thread-content-margin:--spacing(4)] @[37rem]:[--thread-content-margin:--spacing(6)] @[72rem]:[--thread-content-margin:--spacing(16)] px-(--thread-content-margin)\">\n<div class=\"[--thread-content-max-width:32rem] @[34rem]:[--thread-content-max-width:40rem] @[64rem]:[--thread-content-max-width:48rem] mx-auto max-w-(--thread-content-max-width) flex-1 group\/turn-messages focus-visible:outline-hidden relative flex w-full min-w-0 flex-col agent-turn\" tabindex=\"-1\">\n<div class=\"flex max-w-full flex-col grow\">\n<div class=\"min-h-8 text-message relative flex w-full flex-col items-end gap-2 text-start break-words whitespace-normal [.text-message+&amp;]:mt-5\" dir=\"auto\" data-message-author-role=\"assistant\" data-message-id=\"45b18400-f792-4cc5-8c4b-ea2e3607e4d9\" data-message-model-slug=\"gpt-4-1-mini\">\n<div class=\"flex w-full flex-col gap-1 empty:hidden first:pt-[3px]\">\n<div class=\"markdown prose dark:prose-invert w-full break-words light\">\n<p data-start=\"0\" data-end=\"415\" data-is-last-node=\"\" data-is-only-node=\"\">Tatua\u017c z wa\u017ck\u0105 symbolizuje przemian\u0119, lekko\u015b\u0107 oraz zdolno\u015b\u0107 do szybkiego dostosowania si\u0119 do zmian w \u017cyciu. Wa\u017cka kojarzy si\u0119 te\u017c z wolno\u015bci\u0105 i duchowo\u015bci\u0105, cz\u0119sto reprezentuj\u0105c r\u00f3wnowag\u0119 mi\u0119dzy \u015bwiatem materialnym a duchowym. W wielu kulturach wa\u017cka jest symbolem odwagi i magii, a tak\u017ce kr\u00f3tkotrwa\u0142o\u015bci chwili, przypominaj\u0105c o ulotno\u015bci \u017cycia. Taki tatua\u017c mo\u017ce wyra\u017ca\u0107 si\u0142\u0119 wewn\u0119trzn\u0105 i gotowo\u015b\u0107 na nowe wyzwania.<\/p>\n<\/div>\n<\/div>\n<\/div>\n<\/div>\n<div class=\"mx-[var(--mini-thread-content-inset)]\">\n<div class=\"flex min-h-[46px] justify-start\"><\/div>\n<\/div>\n<div class=\"aria-live=polite absolute\">\n<div class=\"flex items-center justify-center\"><\/div>\n<\/div>\n<\/div>\n<\/div>\n<\/article>\n<div class=\"pointer-events-none h-px w-px\" aria-hidden=\"true\" data-edge=\"true\"><\/div>\n","protected":false},"excerpt":{"rendered":"<p>Tatua\u017c z wa\u017ck\u0105 symbolizuje przemian\u0119, lekko\u015b\u0107 oraz zdolno\u015b\u0107 do szybkiego dostosowania si\u0119 do zmian w \u017cyciu. Wa\u017cka kojarzy si\u0119 te\u017c z wolno\u015bci\u0105 i duchowo\u015bci\u0105, cz\u0119sto reprezentuj\u0105c r\u00f3wnowag\u0119 mi\u0119dzy \u015bwiatem materialnym a duchowym. W wielu kulturach wa\u017cka jest symbolem odwagi i magii, a tak\u017ce kr\u00f3tkotrwa\u0142o\u015bci chwili, przypominaj\u0105c o ulotno\u015bci \u017cycia. Taki tatua\u017c mo\u017ce wyra\u017ca\u0107 si\u0142\u0119 wewn\u0119trzn\u0105&#8230;<\/p>\n","protected":false},"featured_media":13380,"template":"","meta":{"_monsterinsights_skip_tracking":false,"_monsterinsights_sitenote_active":false,"_monsterinsights_sitenote_note":"","_monsterinsights_sitenote_category":0,"_kadence_starter_templates_imported_post":false,"_kad_post_transparent":"default","_kad_post_title":"","_kad_post_layout":"default","_kad_post_sidebar_id":"","_kad_post_content_style":"default","_kad_post_vertical_padding":"default","_kad_post_feature":"","_kad_post_feature_position":"","_kad_post_header":false,"_kad_post_footer":false,"_kad_post_classname":""},"product_brand":[],"product_cat":[51,16],"product_tag":[],"class_list":{"0":"post-13379","1":"product","2":"type-product","3":"status-publish","4":"has-post-thumbnail","6":"product_cat-male","7":"product_cat-wszystko","9":"first","10":"outofstock","11":"taxable","12":"shipping-taxable","13":"purchasable","14":"product-type-simple","15":"entry","16":"content-bg","17":"loop-entry"},"jetpack_sharing_enabled":true,"_links":{"self":[{"href":"https:\/\/herbaltattoo.eu\/pl\/wp-json\/wp\/v2\/product\/13379","targetHints":{"allow":["GET"]}}],"collection":[{"href":"https:\/\/herbaltattoo.eu\/pl\/wp-json\/wp\/v2\/product"}],"about":[{"href":"https:\/\/herbaltattoo.eu\/pl\/wp-json\/wp\/v2\/types\/product"}],"wp:featuredmedia":[{"embeddable":true,"href":"https:\/\/herbaltattoo.eu\/pl\/wp-json\/wp\/v2\/media\/13380"}],"wp:attachment":[{"href":"https:\/\/herbaltattoo.eu\/pl\/wp-json\/wp\/v2\/media?parent=13379"}],"wp:term":[{"taxonomy":"product_brand","embeddable":true,"href":"https:\/\/herbaltattoo.eu\/pl\/wp-json\/wp\/v2\/product_brand?post=13379"},{"taxonomy":"product_cat","embeddable":true,"href":"https:\/\/herbaltattoo.eu\/pl\/wp-json\/wp\/v2\/product_cat?post=13379"},{"taxonomy":"product_tag","embeddable":true,"href":"https:\/\/herbaltattoo.eu\/pl\/wp-json\/wp\/v2\/product_tag?post=13379"}],"curies":[{"name":"wp","href":"https:\/\/api.w.org\/{rel}","templated":true}]}}