{"id":13351,"date":"2025-07-26T21:50:07","date_gmt":"2025-07-26T19:50:07","guid":{"rendered":"https:\/\/herbaltattoo.eu\/?post_type=product&#038;p=13351"},"modified":"2026-02-25T13:01:49","modified_gmt":"2026-02-25T12:01:49","slug":"ptasi-rekaw","status":"publish","type":"product","link":"https:\/\/herbaltattoo.eu\/pl\/produkt\/ptasi-rekaw\/","title":{"rendered":"Magiczny R\u0118KAW"},"content":{"rendered":"<article class=\"text-token-text-primary w-full focus:outline-none scroll-mt-[calc(var(--header-height)+min(200px,max(70px,20svh)))]\" dir=\"auto\" tabindex=\"-1\" data-testid=\"conversation-turn-8\" data-scroll-anchor=\"true\" data-turn=\"assistant\">\n<div class=\"text-base my-auto mx-auto pb-10 [--thread-content-margin:--spacing(4)] @[37rem]:[--thread-content-margin:--spacing(6)] @[72rem]:[--thread-content-margin:--spacing(16)] px-(--thread-content-margin)\">\n<div class=\"[--thread-content-max-width:32rem] @[34rem]:[--thread-content-max-width:40rem] @[64rem]:[--thread-content-max-width:48rem] mx-auto max-w-(--thread-content-max-width) flex-1 group\/turn-messages focus-visible:outline-hidden relative flex w-full min-w-0 flex-col agent-turn\" tabindex=\"-1\">\n<div class=\"flex max-w-full flex-col grow\">\n<div class=\"min-h-8 text-message relative flex w-full flex-col items-end gap-2 text-start break-words whitespace-normal [.text-message+&amp;]:mt-5\" dir=\"auto\" data-message-author-role=\"assistant\" data-message-id=\"fd3daf50-1351-42c9-be37-9fdd8bfca9c7\" data-message-model-slug=\"gpt-4o\">\n<div class=\"flex w-full flex-col gap-1 empty:hidden first:pt-[3px]\">\n<div class=\"markdown prose dark:prose-invert w-full break-words light\">\n<p data-start=\"0\" data-end=\"426\" data-is-last-node=\"\" data-is-only-node=\"\">Tatua\u017c r\u0119kaw z motywami ptak\u00f3w symbolizuje wolno\u015b\u0107, duchowo\u015b\u0107 i d\u0105\u017cenie do wy\u017cszych cel\u00f3w. R\u00f3\u017cne gatunki nios\u0105 ze sob\u0105 odmienne znaczenia \u2013 jask\u00f3\u0142ki kojarz\u0105 si\u0119 z lojalno\u015bci\u0105 i powrotem do domu, a or\u0142y z si\u0142\u0105 i niezale\u017cno\u015bci\u0105. Taki projekt mo\u017ce te\u017c odzwierciedla\u0107 pragnienie ucieczki od ogranicze\u0144 lub \u017cycie zgodne z w\u0142asnymi zasadami. Ptasi r\u0119kaw to cz\u0119sto osobista opowie\u015b\u0107 o podr\u00f3\u017cy, marzeniach i t\u0119sknocie za przestrzeni\u0105.<\/p>\n<\/div>\n<\/div>\n<\/div>\n<\/div>\n<\/div>\n<\/div>\n<\/article>\n","protected":false},"excerpt":{"rendered":"<p>Tatua\u017c r\u0119kaw z motywami ptak\u00f3w symbolizuje wolno\u015b\u0107, duchowo\u015b\u0107 i d\u0105\u017cenie do wy\u017cszych cel\u00f3w. R\u00f3\u017cne gatunki nios\u0105 ze sob\u0105 odmienne znaczenia \u2013 jask\u00f3\u0142ki kojarz\u0105 si\u0119 z lojalno\u015bci\u0105 i powrotem do domu, a or\u0142y z si\u0142\u0105 i niezale\u017cno\u015bci\u0105. Taki projekt mo\u017ce te\u017c odzwierciedla\u0107 pragnienie ucieczki od ogranicze\u0144 lub \u017cycie zgodne z w\u0142asnymi zasadami. Ptasi r\u0119kaw to cz\u0119sto&#8230;<\/p>\n","protected":false},"featured_media":13352,"template":"","meta":{"_monsterinsights_skip_tracking":false,"_monsterinsights_sitenote_active":false,"_monsterinsights_sitenote_note":"","_monsterinsights_sitenote_category":0,"_kadence_starter_templates_imported_post":false,"_kad_post_transparent":"default","_kad_post_title":"","_kad_post_layout":"default","_kad_post_sidebar_id":"","_kad_post_content_style":"default","_kad_post_vertical_padding":"default","_kad_post_feature":"","_kad_post_feature_position":"","_kad_post_header":false,"_kad_post_footer":false,"_kad_post_classname":""},"product_brand":[],"product_cat":[56,16],"product_tag":[],"class_list":{"0":"post-13351","1":"product","2":"type-product","3":"status-publish","4":"has-post-thumbnail","6":"product_cat-rekawy","7":"product_cat-wszystko","9":"first","10":"outofstock","11":"taxable","12":"shipping-taxable","13":"purchasable","14":"product-type-simple","15":"entry","16":"content-bg","17":"loop-entry"},"jetpack_sharing_enabled":true,"_links":{"self":[{"href":"https:\/\/herbaltattoo.eu\/pl\/wp-json\/wp\/v2\/product\/13351","targetHints":{"allow":["GET"]}}],"collection":[{"href":"https:\/\/herbaltattoo.eu\/pl\/wp-json\/wp\/v2\/product"}],"about":[{"href":"https:\/\/herbaltattoo.eu\/pl\/wp-json\/wp\/v2\/types\/product"}],"wp:featuredmedia":[{"embeddable":true,"href":"https:\/\/herbaltattoo.eu\/pl\/wp-json\/wp\/v2\/media\/13352"}],"wp:attachment":[{"href":"https:\/\/herbaltattoo.eu\/pl\/wp-json\/wp\/v2\/media?parent=13351"}],"wp:term":[{"taxonomy":"product_brand","embeddable":true,"href":"https:\/\/herbaltattoo.eu\/pl\/wp-json\/wp\/v2\/product_brand?post=13351"},{"taxonomy":"product_cat","embeddable":true,"href":"https:\/\/herbaltattoo.eu\/pl\/wp-json\/wp\/v2\/product_cat?post=13351"},{"taxonomy":"product_tag","embeddable":true,"href":"https:\/\/herbaltattoo.eu\/pl\/wp-json\/wp\/v2\/product_tag?post=13351"}],"curies":[{"name":"wp","href":"https:\/\/api.w.org\/{rel}","templated":true}]}}