{"id":12582,"date":"2025-07-22T21:09:20","date_gmt":"2025-07-22T19:09:20","guid":{"rendered":"https:\/\/herbaltattoo.eu\/?post_type=product&#038;p=12582"},"modified":"2026-02-25T13:01:50","modified_gmt":"2026-02-25T12:01:50","slug":"dollarsowy-rekaw","status":"publish","type":"product","link":"https:\/\/herbaltattoo.eu\/pl\/produkt\/dollarsowy-rekaw\/","title":{"rendered":"Dollar&#8217;sowy R\u0118KAW"},"content":{"rendered":"<article class=\"text-token-text-primary w-full\" dir=\"auto\" data-testid=\"conversation-turn-22\" data-scroll-anchor=\"true\">\n<div class=\"text-base my-auto mx-auto pb-10 [--thread-content-margin:--spacing(4)] @[37rem]:[--thread-content-margin:--spacing(6)] @[72rem]:[--thread-content-margin:--spacing(16)] px-(--thread-content-margin)\">\n<div class=\"[--thread-content-max-width:32rem] @[34rem]:[--thread-content-max-width:40rem] @[64rem]:[--thread-content-max-width:48rem] mx-auto flex max-w-(--thread-content-max-width) flex-1 text-base gap-4 md:gap-5 lg:gap-6 group\/turn-messages focus-visible:outline-hidden\" tabindex=\"-1\">\n<div class=\"group\/conversation-turn relative flex w-full min-w-0 flex-col agent-turn\">\n<div class=\"relative flex-col gap-1 md:gap-3\">\n<div class=\"flex max-w-full flex-col grow\">\n<div class=\"min-h-8 text-message relative flex w-full flex-col items-end gap-2 text-start break-words whitespace-normal [.text-message+&amp;]:mt-5\" dir=\"auto\" data-message-author-role=\"assistant\" data-message-id=\"57ec1e79-c630-471e-8801-d1f1ce7d7d7e\" data-message-model-slug=\"gpt-4-1-mini\">\n<div class=\"flex w-full flex-col gap-1 empty:hidden first:pt-[3px]\">\n<div class=\"markdown prose dark:prose-invert w-full break-words light\">\n<p data-start=\"0\" data-end=\"501\" data-is-last-node=\"\" data-is-only-node=\"\">Tatua\u017cowy dollarowy r\u0119kaw to pe\u0142en r\u0119kaw na ramieniu lub ca\u0142ym przedramieniu, kt\u00f3rego motywem przewodnim s\u0105 symbole zwi\u0105zane z pieni\u0119dzmi i bogactwem, takie jak banknoty, monety, symbole dolara czy luksusowe elementy. Taki wz\u00f3r cz\u0119sto wyra\u017ca ambicj\u0119, d\u0105\u017cenie do sukcesu finansowego oraz si\u0142\u0119 materialn\u0105. Styl mo\u017ce by\u0107 realistyczny, graficzny lub z elementami graffiti, tworz\u0105c dynamiczn\u0105 i wyrazist\u0105 kompozycj\u0119. To tatua\u017c dla os\u00f3b, kt\u00f3re chc\u0105 podkre\u015bli\u0107 swoj\u0105 determinacj\u0119 i warto\u015b\u0107 pieni\u0105dza w \u017cyciu.<\/p>\n<\/div>\n<\/div>\n<\/div>\n<\/div>\n<div class=\"mx-[var(--mini-thread-content-inset)]\">\n<div class=\"flex min-h-[46px] justify-start\">\n<div class=\"touch:-me-2 touch:-ms-3.5 -ms-2.5 -me-1 flex flex-wrap items-center gap-y-4 p-1 select-none touch:w-[calc(100%+--spacing(3.5))] -mt-1 w-[calc(100%+--spacing(2.5))] duration-[1.5s] focus-within:transition-none hover:transition-none pointer-events-none [mask-image:linear-gradient(to_right,black_33%,transparent_66%)] [mask-size:300%_100%] [mask-position:100%_0%] motion-safe:transition-[mask-position] group-hover\/turn-messages:pointer-events-auto group-hover\/turn-messages:[mask-position:0_0] group-focus-within\/turn-messages:pointer-events-auto group-focus-within\/turn-messages:[mask-position:0_0] has-data-[state=open]:pointer-events-auto has-data-[state=open]:[mask-position:0_0]\"><\/div>\n<\/div>\n<\/div>\n<\/div>\n<\/div>\n<\/div>\n<\/div>\n<\/article>\n","protected":false},"excerpt":{"rendered":"<p>Tatua\u017cowy dollarowy r\u0119kaw to pe\u0142en r\u0119kaw na ramieniu lub ca\u0142ym przedramieniu, kt\u00f3rego motywem przewodnim s\u0105 symbole zwi\u0105zane z pieni\u0119dzmi i bogactwem, takie jak banknoty, monety, symbole dolara czy luksusowe elementy. Taki wz\u00f3r cz\u0119sto wyra\u017ca ambicj\u0119, d\u0105\u017cenie do sukcesu finansowego oraz si\u0142\u0119 materialn\u0105. Styl mo\u017ce by\u0107 realistyczny, graficzny lub z elementami graffiti, tworz\u0105c dynamiczn\u0105 i wyrazist\u0105&#8230;<\/p>\n","protected":false},"featured_media":12583,"template":"","meta":{"_monsterinsights_skip_tracking":false,"_monsterinsights_sitenote_active":false,"_monsterinsights_sitenote_note":"","_monsterinsights_sitenote_category":0,"_kadence_starter_templates_imported_post":false,"_kad_post_transparent":"default","_kad_post_title":"","_kad_post_layout":"default","_kad_post_sidebar_id":"","_kad_post_content_style":"default","_kad_post_vertical_padding":"default","_kad_post_feature":"","_kad_post_feature_position":"","_kad_post_header":false,"_kad_post_footer":false,"_kad_post_classname":""},"product_brand":[],"product_cat":[56,16],"product_tag":[],"class_list":{"0":"post-12582","1":"product","2":"type-product","3":"status-publish","4":"has-post-thumbnail","6":"product_cat-rekawy","7":"product_cat-wszystko","9":"first","10":"instock","11":"taxable","12":"shipping-taxable","13":"purchasable","14":"product-type-simple","15":"entry","16":"content-bg","17":"loop-entry"},"jetpack_sharing_enabled":true,"_links":{"self":[{"href":"https:\/\/herbaltattoo.eu\/pl\/wp-json\/wp\/v2\/product\/12582","targetHints":{"allow":["GET"]}}],"collection":[{"href":"https:\/\/herbaltattoo.eu\/pl\/wp-json\/wp\/v2\/product"}],"about":[{"href":"https:\/\/herbaltattoo.eu\/pl\/wp-json\/wp\/v2\/types\/product"}],"wp:featuredmedia":[{"embeddable":true,"href":"https:\/\/herbaltattoo.eu\/pl\/wp-json\/wp\/v2\/media\/12583"}],"wp:attachment":[{"href":"https:\/\/herbaltattoo.eu\/pl\/wp-json\/wp\/v2\/media?parent=12582"}],"wp:term":[{"taxonomy":"product_brand","embeddable":true,"href":"https:\/\/herbaltattoo.eu\/pl\/wp-json\/wp\/v2\/product_brand?post=12582"},{"taxonomy":"product_cat","embeddable":true,"href":"https:\/\/herbaltattoo.eu\/pl\/wp-json\/wp\/v2\/product_cat?post=12582"},{"taxonomy":"product_tag","embeddable":true,"href":"https:\/\/herbaltattoo.eu\/pl\/wp-json\/wp\/v2\/product_tag?post=12582"}],"curies":[{"name":"wp","href":"https:\/\/api.w.org\/{rel}","templated":true}]}}