{"id":12578,"date":"2025-07-22T21:09:22","date_gmt":"2025-07-22T19:09:22","guid":{"rendered":"https:\/\/herbaltattoo.eu\/?post_type=product&#038;p=12578"},"modified":"2026-02-25T12:57:53","modified_gmt":"2026-02-25T11:57:53","slug":"meska-blansoleta","status":"publish","type":"product","link":"https:\/\/herbaltattoo.eu\/pl\/produkt\/meska-blansoleta\/","title":{"rendered":"M\u0119ska blansoleta"},"content":{"rendered":"<article class=\"text-token-text-primary w-full\" dir=\"auto\" data-testid=\"conversation-turn-18\" data-scroll-anchor=\"true\">\n<div class=\"text-base my-auto mx-auto pb-10 [--thread-content-margin:--spacing(4)] @[37rem]:[--thread-content-margin:--spacing(6)] @[72rem]:[--thread-content-margin:--spacing(16)] px-(--thread-content-margin)\">\n<div class=\"[--thread-content-max-width:32rem] @[34rem]:[--thread-content-max-width:40rem] @[64rem]:[--thread-content-max-width:48rem] mx-auto flex max-w-(--thread-content-max-width) flex-1 text-base gap-4 md:gap-5 lg:gap-6 group\/turn-messages focus-visible:outline-hidden\" tabindex=\"-1\">\n<div class=\"group\/conversation-turn relative flex w-full min-w-0 flex-col agent-turn\">\n<div class=\"relative flex-col gap-1 md:gap-3\">\n<div class=\"flex max-w-full flex-col grow\">\n<div class=\"min-h-8 text-message relative flex w-full flex-col items-end gap-2 text-start break-words whitespace-normal [.text-message+&amp;]:mt-5\" dir=\"auto\" data-message-author-role=\"assistant\" data-message-id=\"44461e8d-219d-4fbc-9bd2-9126208617fd\" data-message-model-slug=\"gpt-4o\">\n<div class=\"flex w-full flex-col gap-1 empty:hidden first:pt-[3px]\">\n<div class=\"markdown prose dark:prose-invert w-full break-words light\">\n<p data-start=\"0\" data-end=\"399\" data-is-last-node=\"\" data-is-only-node=\"\">Tatua\u017c m\u0119skiej bransolety cz\u0119sto symbolizuje si\u0142\u0119, wytrwa\u0142o\u015b\u0107 i osobist\u0105 to\u017csamo\u015b\u0107. Mo\u017ce przyjmowa\u0107 form\u0119 geometrycznych wzor\u00f3w, tribalowych pas\u00f3w, \u0142a\u0144cuch\u00f3w lub symbolicznych motyw\u00f3w jak runy czy krzy\u017ce. Umieszczany zazwyczaj wok\u00f3\u0142 nadgarstka, przedramienia lub bicepsa, tworzy efekt trwa\u0142ej ozdoby. Dla wielu m\u0119\u017cczyzn to nie tylko element estetyczny, ale te\u017c wyraz \u017cyciowych przekona\u0144 lub prze\u017cy\u0107.<\/p>\n<\/div>\n<\/div>\n<\/div>\n<\/div>\n<div class=\"mx-[var(--mini-thread-content-inset)]\">\n<div class=\"flex min-h-[46px] justify-start\">\n<div class=\"touch:-me-2 touch:-ms-3.5 -ms-2.5 -me-1 flex flex-wrap items-center gap-y-4 p-1 select-none touch:w-[calc(100%+--spacing(3.5))] -mt-1 w-[calc(100%+--spacing(2.5))] duration-[1.5s] focus-within:transition-none hover:transition-none pointer-events-none [mask-image:linear-gradient(to_right,black_33%,transparent_66%)] [mask-size:300%_100%] [mask-position:100%_0%] motion-safe:transition-[mask-position] group-hover\/turn-messages:pointer-events-auto group-hover\/turn-messages:[mask-position:0_0] group-focus-within\/turn-messages:pointer-events-auto group-focus-within\/turn-messages:[mask-position:0_0] has-data-[state=open]:pointer-events-auto has-data-[state=open]:[mask-position:0_0]\"><\/div>\n<\/div>\n<\/div>\n<\/div>\n<\/div>\n<\/div>\n<\/div>\n<\/article>\n<div class=\"pointer-events-none h-px w-px\" aria-hidden=\"true\" data-edge=\"true\"><\/div>\n","protected":false},"excerpt":{"rendered":"<p>Tatua\u017c m\u0119skiej bransolety cz\u0119sto symbolizuje si\u0142\u0119, wytrwa\u0142o\u015b\u0107 i osobist\u0105 to\u017csamo\u015b\u0107. Mo\u017ce przyjmowa\u0107 form\u0119 geometrycznych wzor\u00f3w, tribalowych pas\u00f3w, \u0142a\u0144cuch\u00f3w lub symbolicznych motyw\u00f3w jak runy czy krzy\u017ce. Umieszczany zazwyczaj wok\u00f3\u0142 nadgarstka, przedramienia lub bicepsa, tworzy efekt trwa\u0142ej ozdoby. Dla wielu m\u0119\u017cczyzn to nie tylko element estetyczny, ale te\u017c wyraz \u017cyciowych przekona\u0144 lub prze\u017cy\u0107.<\/p>\n","protected":false},"featured_media":12579,"template":"","meta":{"_monsterinsights_skip_tracking":false,"_monsterinsights_sitenote_active":false,"_monsterinsights_sitenote_note":"","_monsterinsights_sitenote_category":0,"_kadence_starter_templates_imported_post":false,"_kad_post_transparent":"default","_kad_post_title":"","_kad_post_layout":"default","_kad_post_sidebar_id":"","_kad_post_content_style":"default","_kad_post_vertical_padding":"default","_kad_post_feature":"","_kad_post_feature_position":"","_kad_post_header":false,"_kad_post_footer":false,"_kad_post_classname":""},"product_brand":[],"product_cat":[49,16],"product_tag":[],"class_list":{"0":"post-12578","1":"product","2":"type-product","3":"status-publish","4":"has-post-thumbnail","6":"product_cat-pelne","7":"product_cat-wszystko","9":"first","10":"instock","11":"taxable","12":"shipping-taxable","13":"purchasable","14":"product-type-simple","15":"entry","16":"content-bg","17":"loop-entry"},"jetpack_sharing_enabled":true,"_links":{"self":[{"href":"https:\/\/herbaltattoo.eu\/pl\/wp-json\/wp\/v2\/product\/12578","targetHints":{"allow":["GET"]}}],"collection":[{"href":"https:\/\/herbaltattoo.eu\/pl\/wp-json\/wp\/v2\/product"}],"about":[{"href":"https:\/\/herbaltattoo.eu\/pl\/wp-json\/wp\/v2\/types\/product"}],"wp:featuredmedia":[{"embeddable":true,"href":"https:\/\/herbaltattoo.eu\/pl\/wp-json\/wp\/v2\/media\/12579"}],"wp:attachment":[{"href":"https:\/\/herbaltattoo.eu\/pl\/wp-json\/wp\/v2\/media?parent=12578"}],"wp:term":[{"taxonomy":"product_brand","embeddable":true,"href":"https:\/\/herbaltattoo.eu\/pl\/wp-json\/wp\/v2\/product_brand?post=12578"},{"taxonomy":"product_cat","embeddable":true,"href":"https:\/\/herbaltattoo.eu\/pl\/wp-json\/wp\/v2\/product_cat?post=12578"},{"taxonomy":"product_tag","embeddable":true,"href":"https:\/\/herbaltattoo.eu\/pl\/wp-json\/wp\/v2\/product_tag?post=12578"}],"curies":[{"name":"wp","href":"https:\/\/api.w.org\/{rel}","templated":true}]}}