{"id":12562,"date":"2025-07-22T21:09:37","date_gmt":"2025-07-22T19:09:37","guid":{"rendered":"https:\/\/herbaltattoo.eu\/?post_type=product&#038;p=12562"},"modified":"2026-02-25T12:57:52","modified_gmt":"2026-02-25T11:57:52","slug":"ksiezyc-w-pelni-drzew","status":"publish","type":"product","link":"https:\/\/herbaltattoo.eu\/pl\/produkt\/ksiezyc-w-pelni-drzew\/","title":{"rendered":"Ksi\u0119\u017cyc w pe\u0142ni drzew&#8230;"},"content":{"rendered":"<article class=\"text-token-text-primary w-full\" dir=\"auto\" data-testid=\"conversation-turn-4\" data-scroll-anchor=\"true\">\n<div class=\"text-base my-auto mx-auto pb-10 [--thread-content-margin:--spacing(4)] @[37rem]:[--thread-content-margin:--spacing(6)] @[72rem]:[--thread-content-margin:--spacing(16)] px-(--thread-content-margin)\">\n<div class=\"[--thread-content-max-width:32rem] @[34rem]:[--thread-content-max-width:40rem] @[64rem]:[--thread-content-max-width:48rem] mx-auto flex max-w-(--thread-content-max-width) flex-1 text-base gap-4 md:gap-5 lg:gap-6 group\/turn-messages focus-visible:outline-hidden\" tabindex=\"-1\">\n<div class=\"group\/conversation-turn relative flex w-full min-w-0 flex-col agent-turn\">\n<div class=\"relative flex-col gap-1 md:gap-3\">\n<div class=\"flex max-w-full flex-col grow\">\n<div class=\"min-h-8 text-message relative flex w-full flex-col items-end gap-2 text-start break-words whitespace-normal [.text-message+&amp;]:mt-5\" dir=\"auto\" data-message-author-role=\"assistant\" data-message-id=\"550e1798-e988-45e4-b859-2d99dac08ace\" data-message-model-slug=\"gpt-4o\">\n<div class=\"flex w-full flex-col gap-1 empty:hidden first:pt-[3px]\">\n<div class=\"markdown prose dark:prose-invert w-full break-words light\">\n<p data-start=\"0\" data-end=\"457\" data-is-last-node=\"\" data-is-only-node=\"\">Ksi\u0119\u017cyc w pe\u0142ni w towarzystwie drzew jako motyw tatua\u017cu symbolizuje harmoni\u0119 natury, cykliczno\u015b\u0107 \u017cycia i duchow\u0105 r\u00f3wnowag\u0119. Drzewa mog\u0105 reprezentowa\u0107 si\u0142\u0119, zakorzenienie oraz rozw\u00f3j, a pe\u0142nia ksi\u0119\u017cyca \u2013 kulminacj\u0119 i intuicj\u0119. Taki wz\u00f3r bywa wybierany przez osoby ceni\u0105ce kontakt z natur\u0105 lub przechodz\u0105ce wa\u017cne zmiany w \u017cyciu. Styl mo\u017ce by\u0107 realistyczny, linearny albo w formie cienia (silhouette), cz\u0119sto umieszczany na plecach, ramieniu lub przedramieniu.<\/p>\n<\/div>\n<\/div>\n<\/div>\n<\/div>\n<\/div>\n<\/div>\n<\/div>\n<\/div>\n<\/article>\n<div class=\"pointer-events-none h-px w-px\" aria-hidden=\"true\" data-edge=\"true\"><\/div>\n","protected":false},"excerpt":{"rendered":"<p>Ksi\u0119\u017cyc w pe\u0142ni w towarzystwie drzew jako motyw tatua\u017cu symbolizuje harmoni\u0119 natury, cykliczno\u015b\u0107 \u017cycia i duchow\u0105 r\u00f3wnowag\u0119. Drzewa mog\u0105 reprezentowa\u0107 si\u0142\u0119, zakorzenienie oraz rozw\u00f3j, a pe\u0142nia ksi\u0119\u017cyca \u2013 kulminacj\u0119 i intuicj\u0119. Taki wz\u00f3r bywa wybierany przez osoby ceni\u0105ce kontakt z natur\u0105 lub przechodz\u0105ce wa\u017cne zmiany w \u017cyciu. Styl mo\u017ce by\u0107 realistyczny, linearny albo w formie&#8230;<\/p>\n","protected":false},"featured_media":12563,"template":"","meta":{"_monsterinsights_skip_tracking":false,"_monsterinsights_sitenote_active":false,"_monsterinsights_sitenote_note":"","_monsterinsights_sitenote_category":0,"_kadence_starter_templates_imported_post":false,"_kad_post_transparent":"default","_kad_post_title":"","_kad_post_layout":"default","_kad_post_sidebar_id":"","_kad_post_content_style":"default","_kad_post_vertical_padding":"default","_kad_post_feature":"","_kad_post_feature_position":"","_kad_post_header":false,"_kad_post_footer":false,"_kad_post_classname":""},"product_brand":[],"product_cat":[49,16],"product_tag":[],"class_list":{"0":"post-12562","1":"product","2":"type-product","3":"status-publish","4":"has-post-thumbnail","6":"product_cat-pelne","7":"product_cat-wszystko","9":"first","10":"instock","11":"taxable","12":"shipping-taxable","13":"purchasable","14":"product-type-simple","15":"entry","16":"content-bg","17":"loop-entry"},"jetpack_sharing_enabled":true,"_links":{"self":[{"href":"https:\/\/herbaltattoo.eu\/pl\/wp-json\/wp\/v2\/product\/12562","targetHints":{"allow":["GET"]}}],"collection":[{"href":"https:\/\/herbaltattoo.eu\/pl\/wp-json\/wp\/v2\/product"}],"about":[{"href":"https:\/\/herbaltattoo.eu\/pl\/wp-json\/wp\/v2\/types\/product"}],"wp:featuredmedia":[{"embeddable":true,"href":"https:\/\/herbaltattoo.eu\/pl\/wp-json\/wp\/v2\/media\/12563"}],"wp:attachment":[{"href":"https:\/\/herbaltattoo.eu\/pl\/wp-json\/wp\/v2\/media?parent=12562"}],"wp:term":[{"taxonomy":"product_brand","embeddable":true,"href":"https:\/\/herbaltattoo.eu\/pl\/wp-json\/wp\/v2\/product_brand?post=12562"},{"taxonomy":"product_cat","embeddable":true,"href":"https:\/\/herbaltattoo.eu\/pl\/wp-json\/wp\/v2\/product_cat?post=12562"},{"taxonomy":"product_tag","embeddable":true,"href":"https:\/\/herbaltattoo.eu\/pl\/wp-json\/wp\/v2\/product_tag?post=12562"}],"curies":[{"name":"wp","href":"https:\/\/api.w.org\/{rel}","templated":true}]}}