{"id":12557,"date":"2025-07-22T21:09:39","date_gmt":"2025-07-22T19:09:39","guid":{"rendered":"https:\/\/herbaltattoo.eu\/?post_type=product&#038;p=12557"},"modified":"2026-02-25T13:00:29","modified_gmt":"2026-02-25T12:00:29","slug":"bransoletki-na-reke","status":"publish","type":"product","link":"https:\/\/herbaltattoo.eu\/pl\/produkt\/bransoletki-na-reke\/","title":{"rendered":"Bransoletki na r\u0119k\u0119"},"content":{"rendered":"<article class=\"text-token-text-primary w-full\" dir=\"auto\" data-testid=\"conversation-turn-2\" data-scroll-anchor=\"true\">\n<div class=\"text-base my-auto mx-auto pb-10 [--thread-content-margin:--spacing(4)] @[37rem]:[--thread-content-margin:--spacing(6)] @[72rem]:[--thread-content-margin:--spacing(16)] px-(--thread-content-margin)\">\n<div class=\"[--thread-content-max-width:32rem] @[34rem]:[--thread-content-max-width:40rem] @[64rem]:[--thread-content-max-width:48rem] mx-auto flex max-w-(--thread-content-max-width) flex-1 text-base gap-4 md:gap-5 lg:gap-6 group\/turn-messages focus-visible:outline-hidden\" tabindex=\"-1\">\n<div class=\"group\/conversation-turn relative flex w-full min-w-0 flex-col agent-turn\">\n<div class=\"relative flex-col gap-1 md:gap-3\">\n<div class=\"flex max-w-full flex-col grow\">\n<div class=\"min-h-8 text-message relative flex w-full flex-col items-end gap-2 text-start break-words whitespace-normal [.text-message+&amp;]:mt-5\" dir=\"auto\" data-message-author-role=\"assistant\" data-message-id=\"489c7c21-cd83-4e2e-b8e4-cbc45f8dbabd\" data-message-model-slug=\"gpt-4o\">\n<div class=\"flex w-full flex-col gap-1 empty:hidden first:pt-[3px]\">\n<div class=\"markdown prose dark:prose-invert w-full break-words light\">\n<p data-start=\"0\" data-end=\"401\" data-is-last-node=\"\" data-is-only-node=\"\">Bransoletka na r\u0119k\u0119 jako tatua\u017c symbolizuje cz\u0119sto niesko\u0144czono\u015b\u0107, ochron\u0119 lub wi\u0119\u017a z kim\u015b bliskim. Styl mo\u017ce by\u0107 minimalistyczny, etniczny, tribalowy albo geometryczny, w zale\u017cno\u015bci od upodoba\u0144. Popularne s\u0105 motywy sznurka, koralik\u00f3w lub ornament\u00f3w przypominaj\u0105cych bi\u017cuteri\u0119. Taki tatua\u017c nosi si\u0119 zazwyczaj wok\u00f3\u0142 nadgarstka lub przedramienia i mo\u017ce mie\u0107 zar\u00f3wno znaczenie estetyczne, jak i osobiste.<\/p>\n<\/div>\n<\/div>\n<\/div>\n<\/div>\n<div class=\"mx-[var(--mini-thread-content-inset)]\">\n<div class=\"flex min-h-[46px] justify-start\"><\/div>\n<\/div>\n<\/div>\n<\/div>\n<\/div>\n<\/div>\n<\/article>\n<div class=\"pointer-events-none h-px w-px\" aria-hidden=\"true\" data-edge=\"true\"><\/div>\n","protected":false},"excerpt":{"rendered":"<p>Bransoletka na r\u0119k\u0119 jako tatua\u017c symbolizuje cz\u0119sto niesko\u0144czono\u015b\u0107, ochron\u0119 lub wi\u0119\u017a z kim\u015b bliskim. Styl mo\u017ce by\u0107 minimalistyczny, etniczny, tribalowy albo geometryczny, w zale\u017cno\u015bci od upodoba\u0144. Popularne s\u0105 motywy sznurka, koralik\u00f3w lub ornament\u00f3w przypominaj\u0105cych bi\u017cuteri\u0119. Taki tatua\u017c nosi si\u0119 zazwyczaj wok\u00f3\u0142 nadgarstka lub przedramienia i mo\u017ce mie\u0107 zar\u00f3wno znaczenie estetyczne, jak i osobiste.<\/p>\n","protected":false},"featured_media":12558,"template":"","meta":{"_monsterinsights_skip_tracking":false,"_monsterinsights_sitenote_active":false,"_monsterinsights_sitenote_note":"","_monsterinsights_sitenote_category":0,"_kadence_starter_templates_imported_post":false,"_kad_post_transparent":"default","_kad_post_title":"","_kad_post_layout":"default","_kad_post_sidebar_id":"","_kad_post_content_style":"default","_kad_post_vertical_padding":"default","_kad_post_feature":"","_kad_post_feature_position":"","_kad_post_header":false,"_kad_post_footer":false,"_kad_post_classname":""},"product_brand":[],"product_cat":[50,16],"product_tag":[],"class_list":{"0":"post-12557","1":"product","2":"type-product","3":"status-publish","4":"has-post-thumbnail","6":"product_cat-tatuaze-do-wycinania","7":"product_cat-wszystko","9":"first","10":"instock","11":"taxable","12":"shipping-taxable","13":"purchasable","14":"product-type-simple","15":"entry","16":"content-bg","17":"loop-entry"},"jetpack_sharing_enabled":true,"_links":{"self":[{"href":"https:\/\/herbaltattoo.eu\/pl\/wp-json\/wp\/v2\/product\/12557","targetHints":{"allow":["GET"]}}],"collection":[{"href":"https:\/\/herbaltattoo.eu\/pl\/wp-json\/wp\/v2\/product"}],"about":[{"href":"https:\/\/herbaltattoo.eu\/pl\/wp-json\/wp\/v2\/types\/product"}],"wp:featuredmedia":[{"embeddable":true,"href":"https:\/\/herbaltattoo.eu\/pl\/wp-json\/wp\/v2\/media\/12558"}],"wp:attachment":[{"href":"https:\/\/herbaltattoo.eu\/pl\/wp-json\/wp\/v2\/media?parent=12557"}],"wp:term":[{"taxonomy":"product_brand","embeddable":true,"href":"https:\/\/herbaltattoo.eu\/pl\/wp-json\/wp\/v2\/product_brand?post=12557"},{"taxonomy":"product_cat","embeddable":true,"href":"https:\/\/herbaltattoo.eu\/pl\/wp-json\/wp\/v2\/product_cat?post=12557"},{"taxonomy":"product_tag","embeddable":true,"href":"https:\/\/herbaltattoo.eu\/pl\/wp-json\/wp\/v2\/product_tag?post=12557"}],"curies":[{"name":"wp","href":"https:\/\/api.w.org\/{rel}","templated":true}]}}