{"id":492,"date":"2020-10-26T11:38:49","date_gmt":"2020-10-26T08:38:49","guid":{"rendered":"http:\/\/www.grafas.org\/demo02\/?page_id=492"},"modified":"2025-10-28T13:39:46","modified_gmt":"2025-10-28T12:39:46","slug":"about","status":"publish","type":"page","link":"https:\/\/herbaltattoo.eu\/pl\/about\/","title":{"rendered":"O nas"},"content":{"rendered":"\t\t<div data-elementor-type=\"wp-page\" data-elementor-id=\"492\" class=\"elementor elementor-492\">\n\t\t\t\t\t\t<section class=\"elementor-section elementor-top-section elementor-element elementor-element-447bb11 elementor-section-content-middle elementor-section-boxed elementor-section-height-default elementor-section-height-default\" data-id=\"447bb11\" data-element_type=\"section\" data-e-type=\"section\" data-settings=\"{&quot;background_background&quot;:&quot;classic&quot;}\">\n\t\t\t\t\t\t\t<div class=\"elementor-background-overlay\"><\/div>\n\t\t\t\t\t\t\t<div class=\"elementor-container elementor-column-gap-default\">\n\t\t\t\t\t<div class=\"elementor-column elementor-col-100 elementor-top-column elementor-element elementor-element-01b2a2e\" data-id=\"01b2a2e\" data-element_type=\"column\" data-e-type=\"column\">\n\t\t\t<div class=\"elementor-widget-wrap elementor-element-populated\">\n\t\t\t\t\t\t<div class=\"elementor-element elementor-element-5cf34b4 elementor-widget elementor-widget-heading\" data-id=\"5cf34b4\" data-element_type=\"widget\" data-e-type=\"widget\" data-widget_type=\"heading.default\">\n\t\t\t\t<div class=\"elementor-widget-container\">\n\t\t\t\t\t<h2 class=\"elementor-heading-title elementor-size-default\">Tatua\u017ce<br> p\u00f3\u0142trwa\u0142e <br>na sk\u00f3rze dwa tygodnie!<\/h2>\t\t\t\t<\/div>\n\t\t\t\t<\/div>\n\t\t\t\t\t<\/div>\n\t\t<\/div>\n\t\t\t\t\t<\/div>\n\t\t<\/section>\n\t\t\t\t<section class=\"elementor-section elementor-top-section elementor-element elementor-element-f4ff7ab elementor-section-boxed elementor-section-height-default elementor-section-height-default\" data-id=\"f4ff7ab\" data-element_type=\"section\" data-e-type=\"section\">\n\t\t\t\t\t\t<div class=\"elementor-container elementor-column-gap-default\">\n\t\t\t\t\t<div class=\"elementor-column elementor-col-50 elementor-top-column elementor-element elementor-element-44539d7\" data-id=\"44539d7\" data-element_type=\"column\" data-e-type=\"column\">\n\t\t\t<div class=\"elementor-widget-wrap elementor-element-populated\">\n\t\t\t\t\t\t<div class=\"elementor-element elementor-element-59203da elementor-widget elementor-widget-heading\" data-id=\"59203da\" data-element_type=\"widget\" data-e-type=\"widget\" data-widget_type=\"heading.default\">\n\t\t\t\t<div class=\"elementor-widget-container\">\n\t\t\t\t\t<h3 class=\"elementor-heading-title elementor-size-default\">Tatua\u017ce zio\u0142owe<\/h3>\t\t\t\t<\/div>\n\t\t\t\t<\/div>\n\t\t\t\t<div class=\"elementor-element elementor-element-2583fa7 elementor-widget elementor-widget-text-editor\" data-id=\"2583fa7\" data-element_type=\"widget\" data-e-type=\"widget\" data-widget_type=\"text-editor.default\">\n\t\t\t\t<div class=\"elementor-widget-container\">\n\t\t\t\t\t\t\t\t\t<h5 data-start=\"182\" data-end=\"457\">Hej! Tu herbaltattoo.eu \u2014 miejsce dla tych, kt\u00f3rzy lubi\u0105 si\u0119 wyr\u00f3\u017cnia\u0107, zmienia\u0107 i bawi\u0107 stylem. Tworzymy <strong data-start=\"299\" data-end=\"320\">p\u00f3\u0142trwa\u0142e tatua\u017ce<\/strong>, kt\u00f3re wygl\u0105daj\u0105 jak prawdziwe i zostaj\u0105 z Tob\u0105 na oko\u0142o <strong data-start=\"378\" data-end=\"394\">dwa tygodnie<\/strong>. Zero b\u00f3lu, zero stresu \u2014 tylko czysta frajda i kreatywno\u015b\u0107!<\/h5><h5 data-start=\"459\" data-end=\"696\">Nasze tatua\u017ce s\u0105 <strong data-start=\"476\" data-end=\"500\">bezpieczne dla sk\u00f3ry<\/strong>, <strong data-start=\"502\" data-end=\"533\">przebadane dermatologicznie<\/strong> i maj\u0105 <strong data-start=\"541\" data-end=\"566\">raport bezpiecze\u0144stwa<\/strong> oraz <strong data-start=\"572\" data-end=\"594\">rejestracj\u0119 w CPNP<\/strong>. Dzi\u0119ki temu mo\u017cesz mie\u0107 pewno\u015b\u0107, \u017ce to nie tylko \u015bwietny look, ale te\u017c produkt w pe\u0142ni bezpieczny.<\/h5><h5 data-start=\"698\" data-end=\"870\">S\u0105 delikatne i odpowiednie tak\u017ce <strong data-start=\"731\" data-end=\"761\">dla dzieci od 3 roku \u017cycia<\/strong> (pod opiek\u0105 doros\u0142ych) \u2014 wi\u0119c sprawdz\u0105 si\u0119 zar\u00f3wno na imprezie, wakacjach, jak i podczas rodzinnej zabawy.<\/h5><h5 data-start=\"872\" data-end=\"1093\">W herbaltattoo.eu wierzymy, \u017ce tatua\u017c to spos\u00f3b na pokazanie siebie \u2014 dzi\u015b mo\u017cesz by\u0107 artyst\u0105, jutro minimalist\u0105. Zmieniaj styl tak cz\u0119sto, jak chcesz. My zadbamy o to, \u017ceby\u015b zawsze czu\u0142_a si\u0119 dobrze we w\u0142asnej sk\u00f3rze. \u2728<\/h5>\t\t\t\t\t\t\t\t<\/div>\n\t\t\t\t<\/div>\n\t\t\t\t\t<\/div>\n\t\t<\/div>\n\t\t\t\t<div class=\"elementor-column elementor-col-50 elementor-top-column elementor-element elementor-element-6d4acba\" data-id=\"6d4acba\" data-element_type=\"column\" data-e-type=\"column\">\n\t\t\t<div class=\"elementor-widget-wrap elementor-element-populated\">\n\t\t\t\t\t\t<div class=\"elementor-element elementor-element-07f52d4 elementor-widget elementor-widget-image\" data-id=\"07f52d4\" data-element_type=\"widget\" data-e-type=\"widget\" data-widget_type=\"image.default\">\n\t\t\t\t<div class=\"elementor-widget-container\">\n\t\t\t\t\t\t\t\t\t\t\t\t\t\t\t<img decoding=\"async\" src=\"https:\/\/herbaltattoo.eu\/wp-content\/uploads\/2025\/03\/19.webp\" title=\"19\" alt=\"19\" loading=\"lazy\" \/>\t\t\t\t\t\t\t\t\t\t\t\t\t\t\t<\/div>\n\t\t\t\t<\/div>\n\t\t\t\t\t<\/div>\n\t\t<\/div>\n\t\t\t\t\t<\/div>\n\t\t<\/section>\n\t\t\t\t<\/div>\n\t\t","protected":false},"excerpt":{"rendered":"<p>Tatua\u017ce p\u00f3\u0142trwa\u0142e na sk\u00f3rze dwa tygodnie! Tatua\u017ce zio\u0142owe Hej! Tu herbaltattoo.eu \u2014 miejsce dla tych, kt\u00f3rzy lubi\u0105 si\u0119 wyr\u00f3\u017cnia\u0107, zmienia\u0107 i bawi\u0107 stylem. Tworzymy p\u00f3\u0142trwa\u0142e tatua\u017ce, kt\u00f3re wygl\u0105daj\u0105 jak prawdziwe i zostaj\u0105 z Tob\u0105 na oko\u0142o dwa tygodnie. Zero b\u00f3lu, zero stresu \u2014 tylko czysta frajda i kreatywno\u015b\u0107! Nasze tatua\u017ce s\u0105 bezpieczne dla sk\u00f3ry, przebadane&#8230;<\/p>\n","protected":false},"author":1,"featured_media":0,"parent":0,"menu_order":0,"comment_status":"closed","ping_status":"closed","template":"","meta":{"_monsterinsights_skip_tracking":false,"_monsterinsights_sitenote_active":false,"_monsterinsights_sitenote_note":"","_monsterinsights_sitenote_category":0,"_kadence_starter_templates_imported_post":true,"_kad_post_transparent":"","_kad_post_title":"hide","_kad_post_layout":"fullwidth","_kad_post_sidebar_id":"","_kad_post_content_style":"unboxed","_kad_post_vertical_padding":"hide","_kad_post_feature":"hide","_kad_post_feature_position":"","_kad_post_header":false,"_kad_post_footer":false,"_kad_post_classname":"","footnotes":""},"class_list":["post-492","page","type-page","status-publish","hentry"],"jetpack_sharing_enabled":true,"_links":{"self":[{"href":"https:\/\/herbaltattoo.eu\/pl\/wp-json\/wp\/v2\/pages\/492","targetHints":{"allow":["GET"]}}],"collection":[{"href":"https:\/\/herbaltattoo.eu\/pl\/wp-json\/wp\/v2\/pages"}],"about":[{"href":"https:\/\/herbaltattoo.eu\/pl\/wp-json\/wp\/v2\/types\/page"}],"author":[{"embeddable":true,"href":"https:\/\/herbaltattoo.eu\/pl\/wp-json\/wp\/v2\/users\/1"}],"replies":[{"embeddable":true,"href":"https:\/\/herbaltattoo.eu\/pl\/wp-json\/wp\/v2\/comments?post=492"}],"version-history":[{"count":3,"href":"https:\/\/herbaltattoo.eu\/pl\/wp-json\/wp\/v2\/pages\/492\/revisions"}],"predecessor-version":[{"id":18496,"href":"https:\/\/herbaltattoo.eu\/pl\/wp-json\/wp\/v2\/pages\/492\/revisions\/18496"}],"wp:attachment":[{"href":"https:\/\/herbaltattoo.eu\/pl\/wp-json\/wp\/v2\/media?parent=492"}],"curies":[{"name":"wp","href":"https:\/\/api.w.org\/{rel}","templated":true}]}}