{"id":3571,"date":"2025-03-05T21:10:28","date_gmt":"2025-03-05T20:10:28","guid":{"rendered":"https:\/?page_id=3571"},"modified":"2025-08-18T21:46:31","modified_gmt":"2025-08-18T19:46:31","slug":"instrukcja","status":"publish","type":"page","link":"https:\/\/herbaltattoo.eu\/pl\/instrukcja\/","title":{"rendered":"Instrukcja"},"content":{"rendered":"\t\t<div data-elementor-type=\"wp-page\" data-elementor-id=\"3571\" class=\"elementor elementor-3571\">\n\t\t\t\t<div class=\"elementor-element elementor-element-5e6369d e-grid e-con-boxed e-con e-parent\" data-id=\"5e6369d\" data-element_type=\"container\" data-e-type=\"container\">\n\t\t\t\t\t<div class=\"e-con-inner\">\n\t\t\t\t<div class=\"elementor-element elementor-element-1167ab3 elementor-widget elementor-widget-image\" data-id=\"1167ab3\" data-element_type=\"widget\" data-e-type=\"widget\" data-widget_type=\"image.default\">\n\t\t\t\t<div class=\"elementor-widget-container\">\n\t\t\t\t\t\t\t\t\t\t\t\t\t\t\t<img fetchpriority=\"high\" decoding=\"async\" width=\"200\" height=\"300\" src=\"https:\/\/herbaltattoo.eu\/wp-content\/uploads\/2025\/03\/1.webp\" class=\"attachment-full size-full wp-image-3573\" alt=\"\" \/>\t\t\t\t\t\t\t\t\t\t\t\t\t\t\t<\/div>\n\t\t\t\t<\/div>\n\t\t\t\t<div class=\"elementor-element elementor-element-2101c7b elementor-widget elementor-widget-text-editor\" data-id=\"2101c7b\" data-element_type=\"widget\" data-e-type=\"widget\" data-widget_type=\"text-editor.default\">\n\t\t\t\t<div class=\"elementor-widget-container\">\n\t\t\t\t\t\t\t\t\t<h3 style=\"text-align: center;\" data-start=\"113\" data-end=\"139\"><strong>PRZYGOTOWANIE SK\u00d3RY:<\/strong><\/h3><h6>\u00a0<\/h6><ul data-start=\"143\" data-end=\"416\"><li data-start=\"99\" data-end=\"186\"><strong>Umyj miejsce aplikacji wod\u0105 z myd\u0142em, aby usun\u0105\u0107 brud, olejki i resztki kosmetyk\u00f3w.<\/strong><\/li><li data-start=\"187\" data-end=\"222\"><strong>Osusz sk\u00f3r\u0119 czystym r\u0119cznikiem.<\/strong><\/li><li data-start=\"223\" data-end=\"303\"><strong>Wybierz g\u0142adki, bezw\u0142osy obszar sk\u00f3ry lub delikatnie ogol miejsce aplikacji.<\/strong><\/li><\/ul>\t\t\t\t\t\t\t\t<\/div>\n\t\t\t\t<\/div>\n\t\t\t\t<div class=\"elementor-element elementor-element-16ff04f elementor-widget elementor-widget-image\" data-id=\"16ff04f\" data-element_type=\"widget\" data-e-type=\"widget\" data-widget_type=\"image.default\">\n\t\t\t\t<div class=\"elementor-widget-container\">\n\t\t\t\t\t\t\t\t\t\t\t\t\t\t\t<img decoding=\"async\" width=\"200\" height=\"300\" src=\"https:\/\/herbaltattoo.eu\/wp-content\/uploads\/2025\/03\/2.webp\" class=\"attachment-full size-full wp-image-3574\" alt=\"\" \/>\t\t\t\t\t\t\t\t\t\t\t\t\t\t\t<\/div>\n\t\t\t\t<\/div>\n\t\t\t\t<div class=\"elementor-element elementor-element-f909832 elementor-widget elementor-widget-text-editor\" data-id=\"f909832\" data-element_type=\"widget\" data-e-type=\"widget\" data-widget_type=\"text-editor.default\">\n\t\t\t\t<div class=\"elementor-widget-container\">\n\t\t\t\t\t\t\t\t\t<h3 style=\"text-align: center;\" data-start=\"113\" data-end=\"139\"><strong>PRZYGOTOWANIE TATUA\u017bU:<\/strong><\/h3><h6>\u00a0<\/h6><ul data-start=\"143\" data-end=\"416\"><li data-start=\"35\" data-end=\"92\"><p><strong>Ostro\u017cnie otw\u00f3rz opakowanie z gotowym tatua\u017cem zio\u0142owym.<\/strong><\/p><\/li><li data-start=\"93\" data-end=\"172\" data-is-only-node=\"\"><p><strong>Delikatnie usu\u0144 przezroczyst\u0105 foli\u0119 ochronn\u0105, aby ods\u0142oni\u0107 stron\u0119 z wzorem (nie naklejaj folii ponownie na tatua\u017c).<\/strong><\/p><\/li><li data-start=\"173\" data-end=\"235\" data-is-last-node=\"\"><p><strong>Uwa\u017caj, aby nie dotkn\u0105\u0107 wzoru, aby unikn\u0105\u0107 jego uszkodzenia.<\/strong><\/p><\/li><\/ul>\t\t\t\t\t\t\t\t<\/div>\n\t\t\t\t<\/div>\n\t\t\t\t<div class=\"elementor-element elementor-element-5f46bee elementor-widget elementor-widget-image\" data-id=\"5f46bee\" data-element_type=\"widget\" data-e-type=\"widget\" data-widget_type=\"image.default\">\n\t\t\t\t<div class=\"elementor-widget-container\">\n\t\t\t\t\t\t\t\t\t\t\t\t\t\t\t<img decoding=\"async\" width=\"200\" height=\"300\" src=\"https:\/\/herbaltattoo.eu\/wp-content\/uploads\/2025\/03\/3.webp\" class=\"attachment-full size-full wp-image-3575\" alt=\"\" \/>\t\t\t\t\t\t\t\t\t\t\t\t\t\t\t<\/div>\n\t\t\t\t<\/div>\n\t\t\t\t<div class=\"elementor-element elementor-element-862bada elementor-widget elementor-widget-text-editor\" data-id=\"862bada\" data-element_type=\"widget\" data-e-type=\"widget\" data-widget_type=\"text-editor.default\">\n\t\t\t\t<div class=\"elementor-widget-container\">\n\t\t\t\t\t\t\t\t\t<h3 style=\"text-align: center;\" data-start=\"113\" data-end=\"139\"><strong>NAKLEJENIE TATUA\u017bU:<\/strong><\/h3><h6>\u00a0<\/h6><ul data-start=\"143\" data-end=\"416\"><li data-start=\"99\" data-end=\"186\"><strong>Precyzyjnie ustaw tatua\u017c nad wybranym miejscu, dbaj\u0105c o prawid\u0142owe wyr\u00f3wnanie i kierunek wzoru.<\/strong><\/li><li data-start=\"959\" data-end=\"1076\" data-is-only-node=\"\"><strong>Zwil\u017c papierowy r\u0119cznik lub g\u0105bk\u0119 wod\u0105 i delikatnie przyci\u015bnij do tatua\u017cu. Utrzymuj nacisk przez oko\u0142o 30 sekund.<\/strong><\/li><\/ul>\t\t\t\t\t\t\t\t<\/div>\n\t\t\t\t<\/div>\n\t\t\t\t<div class=\"elementor-element elementor-element-24d05da elementor-widget elementor-widget-image\" data-id=\"24d05da\" data-element_type=\"widget\" data-e-type=\"widget\" data-widget_type=\"image.default\">\n\t\t\t\t<div class=\"elementor-widget-container\">\n\t\t\t\t\t\t\t\t\t\t\t\t\t\t\t<img loading=\"lazy\" decoding=\"async\" width=\"200\" height=\"300\" src=\"https:\/\/herbaltattoo.eu\/wp-content\/uploads\/2025\/03\/4.webp\" class=\"attachment-full size-full wp-image-3576\" alt=\"\" \/>\t\t\t\t\t\t\t\t\t\t\t\t\t\t\t<\/div>\n\t\t\t\t<\/div>\n\t\t\t\t<div class=\"elementor-element elementor-element-b09ae00 elementor-widget elementor-widget-text-editor\" data-id=\"b09ae00\" data-element_type=\"widget\" data-e-type=\"widget\" data-widget_type=\"text-editor.default\">\n\t\t\t\t<div class=\"elementor-widget-container\">\n\t\t\t\t\t\t\t\t\t<h3 style=\"text-align: center;\" data-start=\"113\" data-end=\"139\"><strong>ODKLEJANIE TATUA\u017bU:<\/strong><\/h3><p data-start=\"0\" data-end=\"31\">\u00a0<\/p><ul><li style=\"list-style-type: none;\"><ul data-start=\"32\" data-end=\"307\" data-is-last-node=\"\" data-is-only-node=\"\"><li data-start=\"32\" data-end=\"138\"><p><strong>Po przyci\u015bni\u0119ciu tatua\u017cu do sk\u00f3ry, ostro\u017cnie zdejmij papierowy podk\u0142ad, zaczynaj\u0105c od jednego z rog\u00f3w.<\/strong><\/p><\/li><li data-start=\"139\" data-end=\"259\" data-is-only-node=\"\"><p><strong>Upewnij si\u0119, \u017ce wz\u00f3r pozosta\u0142 na sk\u00f3rze. Je\u015bli co\u015b nie przesz\u0142o, delikatnie doci\u015bnij tatua\u017c i ponownie usu\u0144 podk\u0142ad.<\/strong><\/p><\/li><li data-start=\"260\" data-end=\"307\" data-is-last-node=\"\"><p><strong>Zr\u00f3b to powoli, aby unikn\u0105\u0107 rozmazania wzoru.<\/strong><\/p><\/li><\/ul><\/li><\/ul>\t\t\t\t\t\t\t\t<\/div>\n\t\t\t\t<\/div>\n\t\t\t\t<div class=\"elementor-element elementor-element-999d511 elementor-widget elementor-widget-image\" data-id=\"999d511\" data-element_type=\"widget\" data-e-type=\"widget\" data-widget_type=\"image.default\">\n\t\t\t\t<div class=\"elementor-widget-container\">\n\t\t\t\t\t\t\t\t\t\t\t\t\t\t\t<img loading=\"lazy\" decoding=\"async\" width=\"200\" height=\"300\" src=\"https:\/\/herbaltattoo.eu\/wp-content\/uploads\/2025\/03\/5.webp\" class=\"attachment-full size-full wp-image-3577\" alt=\"\" \/>\t\t\t\t\t\t\t\t\t\t\t\t\t\t\t<\/div>\n\t\t\t\t<\/div>\n\t\t\t\t<div class=\"elementor-element elementor-element-b43c822 elementor-widget elementor-widget-text-editor\" data-id=\"b43c822\" data-element_type=\"widget\" data-e-type=\"widget\" data-widget_type=\"text-editor.default\">\n\t\t\t\t<div class=\"elementor-widget-container\">\n\t\t\t\t\t\t\t\t\t<h3 style=\"text-align: center;\" data-start=\"113\" data-end=\"139\"><strong>WYBARWIANIE TATUA\u017bU:<\/strong><\/h3><h6>\u00a0<\/h6><ul><li data-start=\"33\" data-end=\"113\"><strong>Po usuni\u0119ciu papierowego podk\u0142adu, tatua\u017c mo\u017ce pocz\u0105tkowo wygl\u0105da\u0107 na blady.<\/strong><\/li><li data-start=\"114\" data-end=\"244\"><strong>Wz\u00f3r zacznie ciemnie\u0107 i nabiera\u0107 pe\u0142nego koloru w ci\u0105gu 24-48 godzin, osi\u0105gaj\u0105c ostateczny, ciemnoniebieski lub czarny odcie\u0144.<\/strong><\/li><li data-start=\"245\" data-end=\"323\"><strong>Proces wybarwiania zale\u017cy od indywidualnych cech sk\u00f3ry oraz jej piel\u0119gnacji.<\/strong><\/li><\/ul>\t\t\t\t\t\t\t\t<\/div>\n\t\t\t\t<\/div>\n\t\t\t\t<div class=\"elementor-element elementor-element-7f01697 elementor-widget elementor-widget-image\" data-id=\"7f01697\" data-element_type=\"widget\" data-e-type=\"widget\" data-widget_type=\"image.default\">\n\t\t\t\t<div class=\"elementor-widget-container\">\n\t\t\t\t\t\t\t\t\t\t\t\t\t\t\t<img loading=\"lazy\" decoding=\"async\" width=\"200\" height=\"300\" src=\"https:\/\/herbaltattoo.eu\/wp-content\/uploads\/2025\/03\/6-1.webp\" class=\"attachment-large size-large wp-image-3582\" alt=\"\" \/>\t\t\t\t\t\t\t\t\t\t\t\t\t\t\t<\/div>\n\t\t\t\t<\/div>\n\t\t\t\t<div class=\"elementor-element elementor-element-2a37e82 elementor-widget elementor-widget-text-editor\" data-id=\"2a37e82\" data-element_type=\"widget\" data-e-type=\"widget\" data-widget_type=\"text-editor.default\">\n\t\t\t\t<div class=\"elementor-widget-container\">\n\t\t\t\t\t\t\t\t\t<h3 style=\"text-align: center;\" data-start=\"113\" data-end=\"139\"><strong>OSTRZE\u017bENIA:<\/strong><\/h3>\n<h6 style=\"text-align: left;\">&nbsp;<\/h6>\n<ul>\n<li style=\"list-style-type: none;\">\n<ul style=\"text-align: left;\" data-start=\"292\" data-end=\"716\">\n<li data-start=\"292\" data-end=\"384\"><strong>Zakrywaj tatua\u017c na noc lu\u017anym, przewiewnym ubraniem, aby unikn\u0105\u0107 przenoszenia tuszu.<\/strong><\/li>\n<li data-start=\"385\" data-end=\"442\"><strong>Unikaj kontaktu z wod\u0105 przez pierwsze 24 godziny.<\/strong><\/li>\n<li data-start=\"443\" data-end=\"485\"><strong>Nie pocieraj ani nie drap tatua\u017cu.<\/strong><\/li>\n<li data-start=\"486\" data-end=\"554\" data-is-only-node=\"\"><strong>Unikaj pocenia si\u0119 i nadmiernego tarcia w pierwszych dniach.<\/strong><\/li>\n<li data-start=\"555\" data-end=\"636\"><strong>Po wybarwieniu zachowaj ostro\u017cno\u015b\u0107 i u\u017cywaj delikatnych \u015brodk\u00f3w myj\u0105cych.<\/strong><\/li>\n<li data-start=\"555\" data-end=\"636\"><strong>Po zerwaniu folii, nie naklejaj jej ponownie na tatua\u017c.<\/strong><\/li>\n<li data-start=\"555\" data-end=\"636\"><strong>Tatua\u017ce p\u00f3\u0142trwa\u0142e mog\u0105 wywo\u0142a\u0107 reakcje alergiczn\u0105 na sk\u00f3rze. Je\u017celi jeste\u015b alergikiem zalecamy ostro\u017cno\u015b\u0107. Nie stosuj je\u017celi jeste\u015b uczulony na jakikolwiek sk\u0142adnik produktu.<\/strong><\/li>\n<li data-start=\"555\" data-end=\"636\"><strong>Nie stosowa\u0107 u dzieci poni\u017cej 3 roku \u017cycia!<\/strong><\/li>\n<\/ul>\n<\/li>\n<\/ul>\t\t\t\t\t\t\t\t<\/div>\n\t\t\t\t<\/div>\n\t\t\t\t\t<\/div>\n\t\t\t\t<\/div>\n\t\t<div class=\"elementor-element elementor-element-a6e5494 e-flex e-con-boxed e-con e-parent\" data-id=\"a6e5494\" data-element_type=\"container\" data-e-type=\"container\">\n\t\t\t\t\t<div class=\"e-con-inner\">\n\t\t<div class=\"elementor-element elementor-element-80ba82b e-con-full e-flex e-con e-child\" data-id=\"80ba82b\" data-element_type=\"container\" data-e-type=\"container\">\n\t\t<div class=\"elementor-element elementor-element-8951964 e-con-full e-flex e-con e-child\" data-id=\"8951964\" data-element_type=\"container\" data-e-type=\"container\">\n\t\t\t\t<div class=\"elementor-element elementor-element-b2c7fcd elementor-widget elementor-widget-video\" data-id=\"b2c7fcd\" data-element_type=\"widget\" data-e-type=\"widget\" data-settings=\"{&quot;youtube_url&quot;:&quot;https:\\\/\\\/youtu.be\\\/KRqLT0VWX-o&quot;,&quot;video_type&quot;:&quot;youtube&quot;,&quot;controls&quot;:&quot;yes&quot;}\" data-widget_type=\"video.default\">\n\t\t\t\t<div class=\"elementor-widget-container\">\n\t\t\t\t\t\t\t<div class=\"elementor-wrapper elementor-open-inline\">\n\t\t\t<div class=\"elementor-video\"><\/div>\t\t<\/div>\n\t\t\t\t\t\t<\/div>\n\t\t\t\t<\/div>\n\t\t\t\t<\/div>\n\t\t\t\t<div class=\"elementor-element elementor-element-6779149 elementor-widget elementor-widget-text-editor\" data-id=\"6779149\" data-element_type=\"widget\" data-e-type=\"widget\" data-widget_type=\"text-editor.default\">\n\t\t\t\t<div class=\"elementor-widget-container\">\n\t\t\t\t\t\t\t\t\t<p>\u00a0<\/p><h3 style=\"text-align: center;\"><strong>SK\u0141ADNIKI:<\/strong><\/h3><p style=\"text-align: center;\"><strong>Acrylates Copolymer \u2013 kopolimer akrylan\u00f3w \u2013 88,02%<\/strong><br data-start=\"119\" data-end=\"122\" data-is-only-node=\"\" \/><strong>Cellulose Acetate Butyrate \u2013 octanoma\u015blan celulozy \u2013 9,10%<\/strong><br data-start=\"184\" data-end=\"187\" \/><strong>Sucrose Acetate Isobutyrate \u2013 izoma\u015blan octanu sacharozy \u2013 1,04%<\/strong><br data-start=\"255\" data-end=\"258\" \/><strong>Dipropylene Glycol Dibenzoate \u2013 dibenzoesan glikolu dipropylenowego \u2013 0,68%<\/strong><br data-start=\"337\" data-end=\"340\" \/><strong>Polyvinyl Butyral \u2013 polibutyral winylu \u2013 0,65%<\/strong><br data-start=\"390\" data-end=\"393\" \/><strong>Rosin Acrylate \u2013 akrylan kalafonii \u2013 0,17%<\/strong><br data-start=\"439\" data-end=\"442\" \/><strong>Paraffinum Liquidum \/ Mineral Oil \u2013 parafina ciek\u0142a \/ olej mineralny \u2013 0,10%<\/strong><br data-start=\"522\" data-end=\"525\" \/><strong>Glycine Soja (Soybean) Oil \u2013 olej sojowy (Glycine soja) \u2013 0,10%<\/strong><br data-start=\"592\" data-end=\"595\" \/><strong>Synthetic Wax \u2013 wosk syntetyczny \u2013 0,08%<\/strong><br data-start=\"639\" data-end=\"642\" \/><strong>Genipin \u2013 genipina \u2013 0,04%<\/strong><br data-start=\"672\" data-end=\"675\" \/><strong>Polyoxymethylene Melamine \u2013 polioximetylenomelamina \u2013 0,02%<\/strong><\/p>\t\t\t\t\t\t\t\t<\/div>\n\t\t\t\t<\/div>\n\t\t\t\t<\/div>\n\t\t\t\t\t<\/div>\n\t\t\t\t<\/div>\n\t\t\t\t<\/div>\n\t\t","protected":false},"excerpt":{"rendered":"<p>PRZYGOTOWANIE SK\u00d3RY: \u00a0 Umyj miejsce aplikacji wod\u0105 z myd\u0142em, aby usun\u0105\u0107 brud, olejki i resztki kosmetyk\u00f3w. Osusz sk\u00f3r\u0119 czystym r\u0119cznikiem. Wybierz g\u0142adki, bezw\u0142osy obszar sk\u00f3ry lub delikatnie ogol miejsce aplikacji. PRZYGOTOWANIE TATUA\u017bU: \u00a0 Ostro\u017cnie otw\u00f3rz opakowanie z gotowym tatua\u017cem zio\u0142owym. Delikatnie usu\u0144 przezroczyst\u0105 foli\u0119 ochronn\u0105, aby ods\u0142oni\u0107 stron\u0119 z wzorem (nie naklejaj folii ponownie na&#8230;<\/p>\n","protected":false},"author":1,"featured_media":0,"parent":0,"menu_order":0,"comment_status":"closed","ping_status":"closed","template":"","meta":{"_monsterinsights_skip_tracking":false,"_monsterinsights_sitenote_active":false,"_monsterinsights_sitenote_note":"","_monsterinsights_sitenote_category":0,"_kadence_starter_templates_imported_post":false,"_kad_post_transparent":"","_kad_post_title":"hide","_kad_post_layout":"fullwidth","_kad_post_sidebar_id":"","_kad_post_content_style":"unboxed","_kad_post_vertical_padding":"hide","_kad_post_feature":"hide","_kad_post_feature_position":"","_kad_post_header":false,"_kad_post_footer":false,"_kad_post_classname":"","footnotes":""},"class_list":["post-3571","page","type-page","status-publish","hentry"],"jetpack_sharing_enabled":true,"_links":{"self":[{"href":"https:\/\/herbaltattoo.eu\/pl\/wp-json\/wp\/v2\/pages\/3571","targetHints":{"allow":["GET"]}}],"collection":[{"href":"https:\/\/herbaltattoo.eu\/pl\/wp-json\/wp\/v2\/pages"}],"about":[{"href":"https:\/\/herbaltattoo.eu\/pl\/wp-json\/wp\/v2\/types\/page"}],"author":[{"embeddable":true,"href":"https:\/\/herbaltattoo.eu\/pl\/wp-json\/wp\/v2\/users\/1"}],"replies":[{"embeddable":true,"href":"https:\/\/herbaltattoo.eu\/pl\/wp-json\/wp\/v2\/comments?post=3571"}],"version-history":[{"count":15,"href":"https:\/\/herbaltattoo.eu\/pl\/wp-json\/wp\/v2\/pages\/3571\/revisions"}],"predecessor-version":[{"id":16440,"href":"https:\/\/herbaltattoo.eu\/pl\/wp-json\/wp\/v2\/pages\/3571\/revisions\/16440"}],"wp:attachment":[{"href":"https:\/\/herbaltattoo.eu\/pl\/wp-json\/wp\/v2\/media?parent=3571"}],"curies":[{"name":"wp","href":"https:\/\/api.w.org\/{rel}","templated":true}]}}