{"id":2199,"date":"2025-01-15T17:53:36","date_gmt":"2025-01-15T16:53:36","guid":{"rendered":"https:\/?page_id=2199"},"modified":"2025-08-18T20:59:43","modified_gmt":"2025-08-18T18:59:43","slug":"polityka-wysylki","status":"publish","type":"page","link":"https:\/\/herbaltattoo.eu\/pl\/polityka-wysylki\/","title":{"rendered":"Polityka wysy\u0142ki"},"content":{"rendered":"\t\t<div data-elementor-type=\"wp-page\" data-elementor-id=\"2199\" class=\"elementor elementor-2199\">\n\t\t\t\t<div class=\"elementor-element elementor-element-17220f78 e-flex e-con-boxed e-con e-parent\" data-id=\"17220f78\" data-element_type=\"container\" data-e-type=\"container\">\n\t\t\t\t\t<div class=\"e-con-inner\">\n\t\t\t\t<div class=\"elementor-element elementor-element-50cab4e6 elementor-widget elementor-widget-text-editor\" data-id=\"50cab4e6\" data-element_type=\"widget\" data-e-type=\"widget\" data-widget_type=\"text-editor.default\">\n\t\t\t\t<div class=\"elementor-widget-container\">\n\t\t\t\t\t\t\t\t\t<h1 data-start=\"258\" data-end=\"289\">Polityka wysy\u0142ki<\/h1><div><br><\/div>\n<h2 data-start=\"291\" data-end=\"322\">Czas realizacji zam\u00f3wienia<\/h2>\n<p data-start=\"323\" data-end=\"474\">Zam\u00f3wienia s\u0105 realizowane w ci\u0105gu <strong data-start=\"357\" data-end=\"378\">1\u20133 dni roboczych<\/strong> od momentu zakupu, pod warunkiem, \u017ce wszystkie produkty w zam\u00f3wieniu s\u0105 dost\u0119pne w magazynie.<\/p>\n<p data-start=\"476\" data-end=\"722\">W przypadku zam\u00f3wie\u0144 obejmuj\u0105cych produkty na specjalne zam\u00f3wienie lub w sytuacjach, gdy dostawa zale\u017cy od czynnik\u00f3w niezale\u017cnych od sklepu, czas realizacji mo\u017ce si\u0119 wyd\u0142u\u017cy\u0107. O wszelkich op\u00f3\u017anieniach Klient zostanie niezw\u0142ocznie poinformowany.<\/p>\n<h2 data-start=\"724\" data-end=\"743\">Metody wysy\u0142ki<\/h2>\n<p data-start=\"744\" data-end=\"827\">Oferujemy nast\u0119puj\u0105ce opcje dostawy (czas dostawy wynosi zwykle 1\u20133 dni robocze):<\/p>\n<ul data-start=\"828\" data-end=\"901\">\n<li data-start=\"828\" data-end=\"846\">\n<p data-start=\"830\" data-end=\"846\">Kurier InPost,<\/p>\n<\/li>\n<li data-start=\"847\" data-end=\"869\">\n<p data-start=\"849\" data-end=\"869\">Paczkomaty InPost,<\/p>\n<\/li>\n<li data-start=\"870\" data-end=\"885\">\n<p data-start=\"872\" data-end=\"885\">DPD Pickup,<\/p>\n<\/li>\n<li data-start=\"886\" data-end=\"901\">\n<p data-start=\"888\" data-end=\"901\">DPD Kurier.<\/p>\n<\/li>\n<\/ul>\n<h2 data-start=\"903\" data-end=\"922\">Koszty wysy\u0142ki<\/h2>\n<p data-start=\"923\" data-end=\"1117\">Koszty wysy\u0142ki zale\u017c\u0105 od wagi i rozmiaru zam\u00f3wienia oraz wybranej metody dostawy. Pe\u0142na informacja o kosztach jest prezentowana w trakcie sk\u0142adania zam\u00f3wienia \u2013 <strong data-start=\"1084\" data-end=\"1114\">przed dokonaniem p\u0142atno\u015bci<\/strong>.<\/p>\n<h2 data-start=\"1119\" data-end=\"1145\">Op\u00f3\u017anienia w dostawie<\/h2>\n<p data-start=\"1146\" data-end=\"1456\">Dok\u0142adamy wszelkich stara\u0144, aby zam\u00f3wienia by\u0142y realizowane terminowo. Nie ponosimy jednak odpowiedzialno\u015bci za op\u00f3\u017anienia w dostawie wynikaj\u0105ce z przyczyn le\u017c\u0105cych po stronie przewo\u017anik\u00f3w (np. firmy kurierskie, poczta) lub innych okoliczno\u015bci niezale\u017cnych od nas (np. warunki atmosferyczne, problemy celne).<\/p>\n<h2 data-start=\"1458\" data-end=\"1481\">Problemy z dostaw\u0105<\/h2>\n<p data-start=\"1482\" data-end=\"1775\">Je\u015bli paczka nie dotrze w przewidywanym czasie lub posiada widoczne uszkodzenia zewn\u0119trzne opakowania, Klient powinien niezw\u0142ocznie skontaktowa\u0107 si\u0119 ze sklepem pod adresem: <strong data-start=\"1655\" data-end=\"1684\"><a class=\"cursor-pointer\" rel=\"noopener\" data-start=\"1657\" data-end=\"1682\">kontakt@herbaltattoo.eu<\/a><\/strong>. Sklep podejmie wszelkie dzia\u0142ania, aby rozwi\u0105za\u0107 problem we wsp\u00f3\u0142pracy z przewo\u017anikiem.<\/p>\n<h2 data-start=\"1777\" data-end=\"1803\">Termin odbioru paczki<\/h2>\n<p data-start=\"1804\" data-end=\"2109\">Klient zobowi\u0105zany jest do odebrania paczki w terminie ustalonym przez przewo\u017anika. W przypadku nieodebrania przesy\u0142ki i jej zwrotu do sklepu, zam\u00f3wienie zostanie uznane za <strong data-start=\"1977\" data-end=\"1995\">niedostarczone<\/strong>. Sklep skontaktuje si\u0119 z Klientem w celu ustalenia dalszego post\u0119powania (ponowna wysy\u0142ka lub zwrot pieni\u0119dzy).<\/p>\n<p data-start=\"2111\" data-end=\"2198\"><img decoding=\"async\" draggable=\"false\" role=\"img\" class=\"emoji\" alt=\"\ud83d\udc49\" src=\"https:\/\/s.w.org\/images\/core\/emoji\/16.0.1\/svg\/1f449.svg\"> <strong data-start=\"2114\" data-end=\"2196\">Sklep nie potr\u0105ca \u017cadnych dodatkowych koszt\u00f3w z tytu\u0142u nieodebranej przesy\u0142ki.<\/strong><\/p>\n<h2 data-start=\"2200\" data-end=\"2237\">Odpowiedzialno\u015b\u0107 klienta za dane<\/h2>\n<p data-start=\"2238\" data-end=\"2461\">Klient jest zobowi\u0105zany do podania prawid\u0142owych danych kontaktowych (adres dostawy, adres e-mail, numer telefonu). Sklep nie ponosi odpowiedzialno\u015bci za niedostarczenie przesy\u0142ki wynikaj\u0105ce z b\u0142\u0119dnie wprowadzonych danych.<\/p>\n<h2 data-start=\"2463\" data-end=\"2488\">Reklamacje i wyj\u0105tki<\/h2>\n<p data-start=\"2489\" data-end=\"2700\">W przypadku problem\u00f3w z dor\u0119czeniem paczki (np. zagubienie, uszkodzenie przesy\u0142ki), Klient ma prawo do z\u0142o\u017cenia reklamacji. Reklamacje rozpatrywane s\u0105 w terminie do <strong data-start=\"2654\" data-end=\"2679\">14 dni kalendarzowych<\/strong> od ich otrzymania.<\/p>\n<p data-start=\"2702\" data-end=\"2845\">Koszty zwi\u0105zane z reklamacj\u0105 i ewentualnym zwrotem przesy\u0142ki nie obci\u0105\u017caj\u0105 Klienta, o ile problem wynika z winy sklepu lub firmy kurierskiej.<\/p>\n<p data-start=\"2900\" data-end=\"3254\">\n<\/p><p><!-- \/wp:list-item --><\/p>\n<p><!-- \/wp:list --><\/p>\t\t\t\t\t\t\t\t<\/div>\n\t\t\t\t<\/div>\n\t\t\t\t\t<\/div>\n\t\t\t\t<\/div>\n\t\t\t\t<\/div>\n\t\t","protected":false},"excerpt":{"rendered":"<p>Polityka wysy\u0142ki Czas realizacji zam\u00f3wienia Zam\u00f3wienia s\u0105 realizowane w ci\u0105gu 1\u20133 dni roboczych od momentu zakupu, pod warunkiem, \u017ce wszystkie produkty w zam\u00f3wieniu s\u0105 dost\u0119pne w magazynie. W przypadku zam\u00f3wie\u0144 obejmuj\u0105cych produkty na specjalne zam\u00f3wienie lub w sytuacjach, gdy dostawa zale\u017cy od czynnik\u00f3w niezale\u017cnych od sklepu, czas realizacji mo\u017ce si\u0119 wyd\u0142u\u017cy\u0107. O wszelkich op\u00f3\u017anieniach Klient&#8230;<\/p>\n","protected":false},"author":1,"featured_media":0,"parent":0,"menu_order":0,"comment_status":"closed","ping_status":"closed","template":"","meta":{"_monsterinsights_skip_tracking":false,"_monsterinsights_sitenote_active":false,"_monsterinsights_sitenote_note":"","_monsterinsights_sitenote_category":0,"_kadence_starter_templates_imported_post":false,"_kad_post_transparent":"","_kad_post_title":"","_kad_post_layout":"","_kad_post_sidebar_id":"","_kad_post_content_style":"","_kad_post_vertical_padding":"","_kad_post_feature":"","_kad_post_feature_position":"","_kad_post_header":false,"_kad_post_footer":false,"_kad_post_classname":"","footnotes":""},"class_list":["post-2199","page","type-page","status-publish","hentry"],"jetpack_sharing_enabled":true,"_links":{"self":[{"href":"https:\/\/herbaltattoo.eu\/pl\/wp-json\/wp\/v2\/pages\/2199","targetHints":{"allow":["GET"]}}],"collection":[{"href":"https:\/\/herbaltattoo.eu\/pl\/wp-json\/wp\/v2\/pages"}],"about":[{"href":"https:\/\/herbaltattoo.eu\/pl\/wp-json\/wp\/v2\/types\/page"}],"author":[{"embeddable":true,"href":"https:\/\/herbaltattoo.eu\/pl\/wp-json\/wp\/v2\/users\/1"}],"replies":[{"embeddable":true,"href":"https:\/\/herbaltattoo.eu\/pl\/wp-json\/wp\/v2\/comments?post=2199"}],"version-history":[{"count":12,"href":"https:\/\/herbaltattoo.eu\/pl\/wp-json\/wp\/v2\/pages\/2199\/revisions"}],"predecessor-version":[{"id":16412,"href":"https:\/\/herbaltattoo.eu\/pl\/wp-json\/wp\/v2\/pages\/2199\/revisions\/16412"}],"wp:attachment":[{"href":"https:\/\/herbaltattoo.eu\/pl\/wp-json\/wp\/v2\/media?parent=2199"}],"curies":[{"name":"wp","href":"https:\/\/api.w.org\/{rel}","templated":true}]}}