{"id":22637,"date":"2026-03-09T16:30:20","date_gmt":"2026-03-09T15:30:20","guid":{"rendered":"https:\/\/herbaltattoo.eu\/produkt\/nordisches-lebens-und-rabentotem\/"},"modified":"2026-03-09T16:30:20","modified_gmt":"2026-03-09T15:30:20","slug":"nordisches-lebens-und-rabentotem","status":"publish","type":"product","link":"https:\/\/herbaltattoo.eu\/de\/produkt\/nordisches-lebens-und-rabentotem\/","title":{"rendered":"Nordisches Lebens- und Rabentotem"},"content":{"rendered":"<p>Das Tattoo verbindet den Lebensbaum mit Runen und Wikingersymbolen und steht f\u00fcr <strong data-start=\"267\" data-end=\"344\">St\u00e4rke, Wurzeln, Entwicklung sowie die Verbindung der spirituellen Welt mit der Realit\u00e4t<\/strong>. Die Raben an den Seiten symbolisieren <strong data-start=\"374\" data-end=\"411\">Weisheit, Wachsamkeit und F\u00fchrung<\/strong> (in Anlehnung an Odin). Das Ganze bildet ein sch\u00fctzendes Zeichen \u2013 einen Talisman f\u00fcr den Weg, Transformation und innere St\u00e4rke.  <\/p>\n","protected":false},"excerpt":{"rendered":"<p>Das Tattoo verbindet den Lebensbaum mit Runen und Wikingersymbolen und steht f\u00fcr St\u00e4rke, Wurzeln, Entwicklung sowie die Verbindung der spirituellen Welt mit der Realit\u00e4t. Die Raben an den Seiten symbolisieren Weisheit, Wachsamkeit und F\u00fchrung (in Anlehnung an Odin). Das Ganze bildet ein sch\u00fctzendes Zeichen \u2013 einen Talisman f\u00fcr den Weg, Transformation und innere St\u00e4rke.<\/p>\n","protected":false},"featured_media":22361,"template":"","meta":{"_monsterinsights_skip_tracking":false,"_monsterinsights_sitenote_active":false,"_monsterinsights_sitenote_note":"","_monsterinsights_sitenote_category":0,"_kadence_starter_templates_imported_post":false,"_kad_post_transparent":"","_kad_post_title":"","_kad_post_layout":"","_kad_post_sidebar_id":"","_kad_post_content_style":"","_kad_post_vertical_padding":"","_kad_post_feature":"","_kad_post_feature_position":"","_kad_post_header":false,"_kad_post_footer":false,"_kad_post_classname":""},"product_brand":[],"product_cat":[78,82],"product_tag":[],"class_list":{"0":"post-22637","1":"product","2":"type-product","3":"status-publish","4":"has-post-thumbnail","6":"product_cat-alles","7":"product_cat-volle-tattoos","9":"first","10":"instock","11":"taxable","12":"shipping-taxable","13":"purchasable","14":"product-type-simple","15":"entry","16":"content-bg","17":"loop-entry"},"jetpack_sharing_enabled":true,"_links":{"self":[{"href":"https:\/\/herbaltattoo.eu\/de\/wp-json\/wp\/v2\/product\/22637","targetHints":{"allow":["GET"]}}],"collection":[{"href":"https:\/\/herbaltattoo.eu\/de\/wp-json\/wp\/v2\/product"}],"about":[{"href":"https:\/\/herbaltattoo.eu\/de\/wp-json\/wp\/v2\/types\/product"}],"wp:featuredmedia":[{"embeddable":true,"href":"https:\/\/herbaltattoo.eu\/de\/wp-json\/wp\/v2\/media\/22361"}],"wp:attachment":[{"href":"https:\/\/herbaltattoo.eu\/de\/wp-json\/wp\/v2\/media?parent=22637"}],"wp:term":[{"taxonomy":"product_brand","embeddable":true,"href":"https:\/\/herbaltattoo.eu\/de\/wp-json\/wp\/v2\/product_brand?post=22637"},{"taxonomy":"product_cat","embeddable":true,"href":"https:\/\/herbaltattoo.eu\/de\/wp-json\/wp\/v2\/product_cat?post=22637"},{"taxonomy":"product_tag","embeddable":true,"href":"https:\/\/herbaltattoo.eu\/de\/wp-json\/wp\/v2\/product_tag?post=22637"}],"curies":[{"name":"wp","href":"https:\/\/api.w.org\/{rel}","templated":true}]}}