{"id":22628,"date":"2026-03-09T16:30:22","date_gmt":"2026-03-09T15:30:22","guid":{"rendered":"https:\/\/herbaltattoo.eu\/produkt\/flammenschatten\/"},"modified":"2026-03-09T16:30:22","modified_gmt":"2026-03-09T15:30:22","slug":"flammenschatten","status":"publish","type":"product","link":"https:\/\/herbaltattoo.eu\/de\/produkt\/flammenschatten\/","title":{"rendered":"Flammenschatten"},"content":{"rendered":"<p>Das Tattoo erinnert an eine Flamme oder einen Riss, gezeichnet mit schwarzen Tuschestrichen, und symbolisiert <strong data-start=\"266\" data-end=\"302\">Energie, Leidenschaft und innere St\u00e4rke<\/strong>. Dynamische Linien stehen f\u00fcr Bewegung, Freiheit und das Verlassen ausgetretener Pfade. Es ist ein Zeichen f\u00fcr jemanden, der Feuer, Unabh\u00e4ngigkeit und einen unaufhaltsamen Charakter in sich tr\u00e4gt.  <\/p>\n","protected":false},"excerpt":{"rendered":"<p>Das Tattoo erinnert an eine Flamme oder einen Riss, gezeichnet mit schwarzen Tuschestrichen, und symbolisiert Energie, Leidenschaft und innere St\u00e4rke. Dynamische Linien stehen f\u00fcr Bewegung, Freiheit und das Verlassen ausgetretener Pfade. Es ist ein Zeichen f\u00fcr jemanden, der Feuer, Unabh\u00e4ngigkeit und einen unaufhaltsamen Charakter in sich tr\u00e4gt.<\/p>\n","protected":false},"featured_media":22363,"template":"","meta":{"_monsterinsights_skip_tracking":false,"_monsterinsights_sitenote_active":false,"_monsterinsights_sitenote_note":"","_monsterinsights_sitenote_category":0,"_kadence_starter_templates_imported_post":false,"_kad_post_transparent":"","_kad_post_title":"","_kad_post_layout":"","_kad_post_sidebar_id":"","_kad_post_content_style":"","_kad_post_vertical_padding":"","_kad_post_feature":"","_kad_post_feature_position":"","_kad_post_header":false,"_kad_post_footer":false,"_kad_post_classname":""},"product_brand":[],"product_cat":[78,82],"product_tag":[],"class_list":{"0":"post-22628","1":"product","2":"type-product","3":"status-publish","4":"has-post-thumbnail","6":"product_cat-alles","7":"product_cat-volle-tattoos","9":"first","10":"instock","11":"taxable","12":"shipping-taxable","13":"purchasable","14":"product-type-simple","15":"entry","16":"content-bg","17":"loop-entry"},"jetpack_sharing_enabled":true,"_links":{"self":[{"href":"https:\/\/herbaltattoo.eu\/de\/wp-json\/wp\/v2\/product\/22628","targetHints":{"allow":["GET"]}}],"collection":[{"href":"https:\/\/herbaltattoo.eu\/de\/wp-json\/wp\/v2\/product"}],"about":[{"href":"https:\/\/herbaltattoo.eu\/de\/wp-json\/wp\/v2\/types\/product"}],"wp:featuredmedia":[{"embeddable":true,"href":"https:\/\/herbaltattoo.eu\/de\/wp-json\/wp\/v2\/media\/22363"}],"wp:attachment":[{"href":"https:\/\/herbaltattoo.eu\/de\/wp-json\/wp\/v2\/media?parent=22628"}],"wp:term":[{"taxonomy":"product_brand","embeddable":true,"href":"https:\/\/herbaltattoo.eu\/de\/wp-json\/wp\/v2\/product_brand?post=22628"},{"taxonomy":"product_cat","embeddable":true,"href":"https:\/\/herbaltattoo.eu\/de\/wp-json\/wp\/v2\/product_cat?post=22628"},{"taxonomy":"product_tag","embeddable":true,"href":"https:\/\/herbaltattoo.eu\/de\/wp-json\/wp\/v2\/product_tag?post=22628"}],"curies":[{"name":"wp","href":"https:\/\/api.w.org\/{rel}","templated":true}]}}