{"id":22623,"date":"2026-03-09T16:30:15","date_gmt":"2026-03-09T15:30:15","guid":{"rendered":"https:\/\/herbaltattoo.eu\/produkt\/siegel-der-mondkraft\/"},"modified":"2026-03-09T16:30:15","modified_gmt":"2026-03-09T15:30:15","slug":"siegel-der-mondkraft","status":"publish","type":"product","link":"https:\/\/herbaltattoo.eu\/de\/produkt\/siegel-der-mondkraft\/","title":{"rendered":"Siegel der Mondkraft"},"content":{"rendered":"<p>Das Tattoo zeigt ein abstraktes Zeichen mit einem Halbmond an der Spitze, das <strong data-start=\"268\" data-end=\"307\">Intuition, Geheimnis und n\u00e4chtliche Energie<\/strong> symbolisiert. Die geometrischen, runischen Formen stehen f\u00fcr <strong data-start=\"348\" data-end=\"403\">Schutz, innere St\u00e4rke und spirituelle Transformation<\/strong>. Das Ganze erinnert an ein magisches Siegel \u2013 das Zeichen einer Person, die ihren eigenen Weg geht und Kraft aus der Stille, der Dunkelheit und den Symbolen sch\u00f6pft.  <\/p>\n","protected":false},"excerpt":{"rendered":"<p>Das Tattoo zeigt ein abstraktes Zeichen mit einem Halbmond an der Spitze, das Intuition, Geheimnis und n\u00e4chtliche Energie symbolisiert. Die geometrischen, runischen Formen stehen f\u00fcr Schutz, innere St\u00e4rke und spirituelle Transformation. Das Ganze erinnert an ein magisches Siegel \u2013 das Zeichen einer Person, die ihren eigenen Weg geht und Kraft aus der Stille, der Dunkelheit&#8230;<\/p>\n","protected":false},"featured_media":22359,"template":"","meta":{"_monsterinsights_skip_tracking":false,"_monsterinsights_sitenote_active":false,"_monsterinsights_sitenote_note":"","_monsterinsights_sitenote_category":0,"_kadence_starter_templates_imported_post":false,"_kad_post_transparent":"","_kad_post_title":"","_kad_post_layout":"","_kad_post_sidebar_id":"","_kad_post_content_style":"","_kad_post_vertical_padding":"","_kad_post_feature":"","_kad_post_feature_position":"","_kad_post_header":false,"_kad_post_footer":false,"_kad_post_classname":""},"product_brand":[],"product_cat":[78,82],"product_tag":[],"class_list":{"0":"post-22623","1":"product","2":"type-product","3":"status-publish","4":"has-post-thumbnail","6":"product_cat-alles","7":"product_cat-volle-tattoos","9":"first","10":"instock","11":"taxable","12":"shipping-taxable","13":"purchasable","14":"product-type-simple","15":"entry","16":"content-bg","17":"loop-entry"},"jetpack_sharing_enabled":true,"_links":{"self":[{"href":"https:\/\/herbaltattoo.eu\/de\/wp-json\/wp\/v2\/product\/22623","targetHints":{"allow":["GET"]}}],"collection":[{"href":"https:\/\/herbaltattoo.eu\/de\/wp-json\/wp\/v2\/product"}],"about":[{"href":"https:\/\/herbaltattoo.eu\/de\/wp-json\/wp\/v2\/types\/product"}],"wp:featuredmedia":[{"embeddable":true,"href":"https:\/\/herbaltattoo.eu\/de\/wp-json\/wp\/v2\/media\/22359"}],"wp:attachment":[{"href":"https:\/\/herbaltattoo.eu\/de\/wp-json\/wp\/v2\/media?parent=22623"}],"wp:term":[{"taxonomy":"product_brand","embeddable":true,"href":"https:\/\/herbaltattoo.eu\/de\/wp-json\/wp\/v2\/product_brand?post=22623"},{"taxonomy":"product_cat","embeddable":true,"href":"https:\/\/herbaltattoo.eu\/de\/wp-json\/wp\/v2\/product_cat?post=22623"},{"taxonomy":"product_tag","embeddable":true,"href":"https:\/\/herbaltattoo.eu\/de\/wp-json\/wp\/v2\/product_tag?post=22623"}],"curies":[{"name":"wp","href":"https:\/\/api.w.org\/{rel}","templated":true}]}}