{"id":22547,"date":"2026-03-09T16:24:07","date_gmt":"2026-03-09T15:24:07","guid":{"rendered":"https:\/\/herbaltattoo.eu\/produkt\/schmetterlinge\/"},"modified":"2026-03-09T16:24:07","modified_gmt":"2026-03-09T15:24:07","slug":"schmetterlinge","status":"publish","type":"product","link":"https:\/\/herbaltattoo.eu\/de\/produkt\/schmetterlinge\/","title":{"rendered":"Schmetterlinge"},"content":{"rendered":"<p><strong data-start=\"0\" data-end=\"10\" data-is-only-node=\"\">Schmetterlinge<\/strong> als Tattoo symbolisieren Verwandlung, Freiheit und neue Anf\u00e4nge. Sie stehen oft f\u00fcr pers\u00f6nliche Entwicklung, das \u00dcberwinden schwieriger Zeiten und Wiedergeburt. Sie sind auch ein Zeichen von Leichtigkeit, Sch\u00f6nheit sowie fl\u00fcchtiger, aber wichtiger Momente im Leben.  <\/p>\n","protected":false},"excerpt":{"rendered":"<p>Schmetterlinge als Tattoo symbolisieren Verwandlung, Freiheit und neue Anf\u00e4nge. Sie stehen oft f\u00fcr pers\u00f6nliche Entwicklung, das \u00dcberwinden schwieriger Zeiten und Wiedergeburt. Sie sind auch ein Zeichen von Leichtigkeit, Sch\u00f6nheit sowie fl\u00fcchtiger, aber wichtiger Momente im Leben.<\/p>\n","protected":false},"featured_media":22310,"template":"","meta":{"_monsterinsights_skip_tracking":false,"_monsterinsights_sitenote_active":false,"_monsterinsights_sitenote_note":"","_monsterinsights_sitenote_category":0,"_kadence_starter_templates_imported_post":false,"_kad_post_transparent":"","_kad_post_title":"","_kad_post_layout":"","_kad_post_sidebar_id":"","_kad_post_content_style":"","_kad_post_vertical_padding":"","_kad_post_feature":"","_kad_post_feature_position":"","_kad_post_header":false,"_kad_post_footer":false,"_kad_post_classname":""},"product_brand":[],"product_cat":[78,83],"product_tag":[],"class_list":{"0":"post-22547","1":"product","2":"type-product","3":"status-publish","4":"has-post-thumbnail","6":"product_cat-alles","7":"product_cat-minimalistisch","9":"first","10":"instock","11":"taxable","12":"shipping-taxable","13":"purchasable","14":"product-type-simple","15":"entry","16":"content-bg","17":"loop-entry"},"jetpack_sharing_enabled":true,"_links":{"self":[{"href":"https:\/\/herbaltattoo.eu\/de\/wp-json\/wp\/v2\/product\/22547","targetHints":{"allow":["GET"]}}],"collection":[{"href":"https:\/\/herbaltattoo.eu\/de\/wp-json\/wp\/v2\/product"}],"about":[{"href":"https:\/\/herbaltattoo.eu\/de\/wp-json\/wp\/v2\/types\/product"}],"wp:featuredmedia":[{"embeddable":true,"href":"https:\/\/herbaltattoo.eu\/de\/wp-json\/wp\/v2\/media\/22310"}],"wp:attachment":[{"href":"https:\/\/herbaltattoo.eu\/de\/wp-json\/wp\/v2\/media?parent=22547"}],"wp:term":[{"taxonomy":"product_brand","embeddable":true,"href":"https:\/\/herbaltattoo.eu\/de\/wp-json\/wp\/v2\/product_brand?post=22547"},{"taxonomy":"product_cat","embeddable":true,"href":"https:\/\/herbaltattoo.eu\/de\/wp-json\/wp\/v2\/product_cat?post=22547"},{"taxonomy":"product_tag","embeddable":true,"href":"https:\/\/herbaltattoo.eu\/de\/wp-json\/wp\/v2\/product_tag?post=22547"}],"curies":[{"name":"wp","href":"https:\/\/api.w.org\/{rel}","templated":true}]}}