{"id":22517,"date":"2026-03-09T16:24:25","date_gmt":"2026-03-09T15:24:25","guid":{"rendered":"https:\/\/herbaltattoo.eu\/produkt\/love-mom\/"},"modified":"2026-03-09T16:24:25","modified_gmt":"2026-03-09T15:24:25","slug":"love-mom","status":"publish","type":"product","link":"https:\/\/herbaltattoo.eu\/de\/produkt\/love-mom\/","title":{"rendered":"LOVE MOM"},"content":{"rendered":"<p>Das Tattoo <strong data-start=\"55\" data-end=\"69\">\u201eLOVE MOM\u201c<\/strong> ist ein einfaches, aber sehr starkes Symbol f\u00fcr <strong data-start=\"105\" data-end=\"150\">Liebe, Dankbarkeit und Respekt f\u00fcr die Mutter<\/strong>. Es steht f\u00fcr eine starke famili\u00e4re Bindung und die Wertsch\u00e4tzung der Person, die im Leben Unterst\u00fctzung und Fundament war. Oft ist es auch ein Zeichen der Erinnerung, des Schutzes und der ewigen Liebe.  <\/p>\n","protected":false},"excerpt":{"rendered":"<p>Das Tattoo \u201eLOVE MOM\u201c ist ein einfaches, aber sehr starkes Symbol f\u00fcr Liebe, Dankbarkeit und Respekt f\u00fcr die Mutter. Es steht f\u00fcr eine starke famili\u00e4re Bindung und die Wertsch\u00e4tzung der Person, die im Leben Unterst\u00fctzung und Fundament war. Oft ist es auch ein Zeichen der Erinnerung, des Schutzes und der ewigen Liebe.<\/p>\n","protected":false},"featured_media":22334,"template":"","meta":{"_monsterinsights_skip_tracking":false,"_monsterinsights_sitenote_active":false,"_monsterinsights_sitenote_note":"","_monsterinsights_sitenote_category":0,"_kadence_starter_templates_imported_post":false,"_kad_post_transparent":"","_kad_post_title":"","_kad_post_layout":"","_kad_post_sidebar_id":"","_kad_post_content_style":"","_kad_post_vertical_padding":"","_kad_post_feature":"","_kad_post_feature_position":"","_kad_post_header":false,"_kad_post_footer":false,"_kad_post_classname":""},"product_brand":[],"product_cat":[78,82],"product_tag":[],"class_list":{"0":"post-22517","1":"product","2":"type-product","3":"status-publish","4":"has-post-thumbnail","6":"product_cat-alles","7":"product_cat-volle-tattoos","9":"first","10":"instock","11":"taxable","12":"shipping-taxable","13":"purchasable","14":"product-type-simple","15":"entry","16":"content-bg","17":"loop-entry"},"jetpack_sharing_enabled":true,"_links":{"self":[{"href":"https:\/\/herbaltattoo.eu\/de\/wp-json\/wp\/v2\/product\/22517","targetHints":{"allow":["GET"]}}],"collection":[{"href":"https:\/\/herbaltattoo.eu\/de\/wp-json\/wp\/v2\/product"}],"about":[{"href":"https:\/\/herbaltattoo.eu\/de\/wp-json\/wp\/v2\/types\/product"}],"wp:featuredmedia":[{"embeddable":true,"href":"https:\/\/herbaltattoo.eu\/de\/wp-json\/wp\/v2\/media\/22334"}],"wp:attachment":[{"href":"https:\/\/herbaltattoo.eu\/de\/wp-json\/wp\/v2\/media?parent=22517"}],"wp:term":[{"taxonomy":"product_brand","embeddable":true,"href":"https:\/\/herbaltattoo.eu\/de\/wp-json\/wp\/v2\/product_brand?post=22517"},{"taxonomy":"product_cat","embeddable":true,"href":"https:\/\/herbaltattoo.eu\/de\/wp-json\/wp\/v2\/product_cat?post=22517"},{"taxonomy":"product_tag","embeddable":true,"href":"https:\/\/herbaltattoo.eu\/de\/wp-json\/wp\/v2\/product_tag?post=22517"}],"curies":[{"name":"wp","href":"https:\/\/api.w.org\/{rel}","templated":true}]}}