{"id":22451,"date":"2026-03-09T16:24:04","date_gmt":"2026-03-09T15:24:04","guid":{"rendered":"https:\/\/herbaltattoo.eu\/produkt\/mama\/"},"modified":"2026-03-09T16:24:04","modified_gmt":"2026-03-09T15:24:04","slug":"mama","status":"publish","type":"product","link":"https:\/\/herbaltattoo.eu\/de\/produkt\/mama\/","title":{"rendered":"Mama"},"content":{"rendered":"<p><strong data-start=\"0\" data-end=\"10\" data-is-only-node=\"\">\u201eMama\u201c<\/strong> als Tattoo ist ein Symbol f\u00fcr Liebe, Dankbarkeit und eine starke Bindung zur Mutter. Es dr\u00fcckt oft Respekt f\u00fcr die Person aus, die dir das Leben geschenkt hat und deine gr\u00f6\u00dfte Unterst\u00fctzung war. F\u00fcr viele ist es auch ein Zeichen der Erinnerung, des Schutzes und ewiger Familienwerte.  <\/p>\n","protected":false},"excerpt":{"rendered":"<p>\u201eMama\u201c als Tattoo ist ein Symbol f\u00fcr Liebe, Dankbarkeit und eine starke Bindung zur Mutter. Es dr\u00fcckt oft Respekt f\u00fcr die Person aus, die dir das Leben geschenkt hat und deine gr\u00f6\u00dfte Unterst\u00fctzung war. F\u00fcr viele ist es auch ein Zeichen der Erinnerung, des Schutzes und ewiger Familienwerte.<\/p>\n","protected":false},"featured_media":22304,"template":"","meta":{"_monsterinsights_skip_tracking":false,"_monsterinsights_sitenote_active":false,"_monsterinsights_sitenote_note":"","_monsterinsights_sitenote_category":0,"_kadence_starter_templates_imported_post":false,"_kad_post_transparent":"","_kad_post_title":"","_kad_post_layout":"","_kad_post_sidebar_id":"","_kad_post_content_style":"","_kad_post_vertical_padding":"","_kad_post_feature":"","_kad_post_feature_position":"","_kad_post_header":false,"_kad_post_footer":false,"_kad_post_classname":""},"product_brand":[],"product_cat":[78,83],"product_tag":[],"class_list":{"0":"post-22451","1":"product","2":"type-product","3":"status-publish","4":"has-post-thumbnail","6":"product_cat-alles","7":"product_cat-minimalistisch","9":"first","10":"instock","11":"taxable","12":"shipping-taxable","13":"purchasable","14":"product-type-simple","15":"entry","16":"content-bg","17":"loop-entry"},"jetpack_sharing_enabled":true,"_links":{"self":[{"href":"https:\/\/herbaltattoo.eu\/de\/wp-json\/wp\/v2\/product\/22451","targetHints":{"allow":["GET"]}}],"collection":[{"href":"https:\/\/herbaltattoo.eu\/de\/wp-json\/wp\/v2\/product"}],"about":[{"href":"https:\/\/herbaltattoo.eu\/de\/wp-json\/wp\/v2\/types\/product"}],"wp:featuredmedia":[{"embeddable":true,"href":"https:\/\/herbaltattoo.eu\/de\/wp-json\/wp\/v2\/media\/22304"}],"wp:attachment":[{"href":"https:\/\/herbaltattoo.eu\/de\/wp-json\/wp\/v2\/media?parent=22451"}],"wp:term":[{"taxonomy":"product_brand","embeddable":true,"href":"https:\/\/herbaltattoo.eu\/de\/wp-json\/wp\/v2\/product_brand?post=22451"},{"taxonomy":"product_cat","embeddable":true,"href":"https:\/\/herbaltattoo.eu\/de\/wp-json\/wp\/v2\/product_cat?post=22451"},{"taxonomy":"product_tag","embeddable":true,"href":"https:\/\/herbaltattoo.eu\/de\/wp-json\/wp\/v2\/product_tag?post=22451"}],"curies":[{"name":"wp","href":"https:\/\/api.w.org\/{rel}","templated":true}]}}