{"id":22401,"date":"2026-03-09T16:30:29","date_gmt":"2026-03-09T15:30:29","guid":{"rendered":"https:\/\/herbaltattoo.eu\/produkt\/schatten-der-bestie\/"},"modified":"2026-03-09T16:30:29","modified_gmt":"2026-03-09T15:30:29","slug":"schatten-der-bestie","status":"publish","type":"product","link":"https:\/\/herbaltattoo.eu\/de\/produkt\/schatten-der-bestie\/","title":{"rendered":"Schatten der Bestie"},"content":{"rendered":"<p>Das Tattoo zeigt eine dunkle, r\u00e4uberische Kreatur mit einem scharfen L\u00e4cheln, die <strong data-start=\"237\" data-end=\"285\">verborgene St\u00e4rke, Instinkt und den inneren D\u00e4mon<\/strong> symbolisiert. Verschlungene, organische Linien stehen f\u00fcr Chaos, Transformation und dunkle Energie, die sowohl eine Bedrohung als auch eine St\u00e4rke sein kann. Es ist ein Zeichen f\u00fcr jemanden, der seine wilde Seite nicht f\u00fcrchtet und selbst in der Dunkelheit \u00fcberleben kann.  <\/p>\n","protected":false},"excerpt":{"rendered":"<p>Das Tattoo zeigt eine dunkle, r\u00e4uberische Kreatur mit einem scharfen L\u00e4cheln, die verborgene St\u00e4rke, Instinkt und den inneren D\u00e4mon symbolisiert. Verschlungene, organische Linien stehen f\u00fcr Chaos, Transformation und dunkle Energie, die sowohl eine Bedrohung als auch eine St\u00e4rke sein kann. Es ist ein Zeichen f\u00fcr jemanden, der seine wilde Seite nicht f\u00fcrchtet und selbst in&#8230;<\/p>\n","protected":false},"featured_media":22373,"template":"","meta":{"_monsterinsights_skip_tracking":false,"_monsterinsights_sitenote_active":false,"_monsterinsights_sitenote_note":"","_monsterinsights_sitenote_category":0,"_kadence_starter_templates_imported_post":false,"_kad_post_transparent":"","_kad_post_title":"","_kad_post_layout":"","_kad_post_sidebar_id":"","_kad_post_content_style":"","_kad_post_vertical_padding":"","_kad_post_feature":"","_kad_post_feature_position":"","_kad_post_header":false,"_kad_post_footer":false,"_kad_post_classname":""},"product_brand":[],"product_cat":[78,87],"product_tag":[],"class_list":{"0":"post-22401","1":"product","2":"type-product","3":"status-publish","4":"has-post-thumbnail","6":"product_cat-alles","7":"product_cat-sleeves","9":"first","10":"instock","11":"taxable","12":"shipping-taxable","13":"purchasable","14":"product-type-simple","15":"entry","16":"content-bg","17":"loop-entry"},"jetpack_sharing_enabled":true,"_links":{"self":[{"href":"https:\/\/herbaltattoo.eu\/de\/wp-json\/wp\/v2\/product\/22401","targetHints":{"allow":["GET"]}}],"collection":[{"href":"https:\/\/herbaltattoo.eu\/de\/wp-json\/wp\/v2\/product"}],"about":[{"href":"https:\/\/herbaltattoo.eu\/de\/wp-json\/wp\/v2\/types\/product"}],"wp:featuredmedia":[{"embeddable":true,"href":"https:\/\/herbaltattoo.eu\/de\/wp-json\/wp\/v2\/media\/22373"}],"wp:attachment":[{"href":"https:\/\/herbaltattoo.eu\/de\/wp-json\/wp\/v2\/media?parent=22401"}],"wp:term":[{"taxonomy":"product_brand","embeddable":true,"href":"https:\/\/herbaltattoo.eu\/de\/wp-json\/wp\/v2\/product_brand?post=22401"},{"taxonomy":"product_cat","embeddable":true,"href":"https:\/\/herbaltattoo.eu\/de\/wp-json\/wp\/v2\/product_cat?post=22401"},{"taxonomy":"product_tag","embeddable":true,"href":"https:\/\/herbaltattoo.eu\/de\/wp-json\/wp\/v2\/product_tag?post=22401"}],"curies":[{"name":"wp","href":"https:\/\/api.w.org\/{rel}","templated":true}]}}