{"id":22393,"date":"2026-03-09T16:30:27","date_gmt":"2026-03-09T15:30:27","guid":{"rendered":"https:\/\/herbaltattoo.eu\/produkt\/abgrund-der-blicke\/"},"modified":"2026-03-09T16:30:27","modified_gmt":"2026-03-09T15:30:27","slug":"abgrund-der-blicke","status":"publish","type":"product","link":"https:\/\/herbaltattoo.eu\/de\/produkt\/abgrund-der-blicke\/","title":{"rendered":"Abgrund der Blicke"},"content":{"rendered":"<p>Das Tattoo zeigt verbundene Augen und M\u00fcnder in surrealer Form und symbolisiert dabei <strong data-start=\"241\" data-end=\"307\">inneres Chaos, verborgene Emotionen und den Kampf mit den eigenen D\u00e4monen<\/strong>. Die Augen stehen f\u00fcr Bewusstsein und Wachsamkeit, w\u00e4hrend die deformierten M\u00fcnder Angst, Wut oder unausgesprochene Gedanken darstellen. Das Ganze ist ein Zeichen f\u00fcr die Dunkelheit der Psyche, Transformation und die Kraft des \u00dcberlebens trotz schwieriger Erfahrungen.  <\/p>\n","protected":false},"excerpt":{"rendered":"<p>Das Tattoo zeigt verbundene Augen und M\u00fcnder in surrealer Form und symbolisiert dabei inneres Chaos, verborgene Emotionen und den Kampf mit den eigenen D\u00e4monen. Die Augen stehen f\u00fcr Bewusstsein und Wachsamkeit, w\u00e4hrend die deformierten M\u00fcnder Angst, Wut oder unausgesprochene Gedanken darstellen. Das Ganze ist ein Zeichen f\u00fcr die Dunkelheit der Psyche, Transformation und die Kraft&#8230;<\/p>\n","protected":false},"featured_media":22369,"template":"","meta":{"_monsterinsights_skip_tracking":false,"_monsterinsights_sitenote_active":false,"_monsterinsights_sitenote_note":"","_monsterinsights_sitenote_category":0,"_kadence_starter_templates_imported_post":false,"_kad_post_transparent":"","_kad_post_title":"","_kad_post_layout":"","_kad_post_sidebar_id":"","_kad_post_content_style":"","_kad_post_vertical_padding":"","_kad_post_feature":"","_kad_post_feature_position":"","_kad_post_header":false,"_kad_post_footer":false,"_kad_post_classname":""},"product_brand":[],"product_cat":[78,87],"product_tag":[],"class_list":{"0":"post-22393","1":"product","2":"type-product","3":"status-publish","4":"has-post-thumbnail","6":"product_cat-alles","7":"product_cat-sleeves","9":"first","10":"instock","11":"taxable","12":"shipping-taxable","13":"purchasable","14":"product-type-simple","15":"entry","16":"content-bg","17":"loop-entry"},"jetpack_sharing_enabled":true,"_links":{"self":[{"href":"https:\/\/herbaltattoo.eu\/de\/wp-json\/wp\/v2\/product\/22393","targetHints":{"allow":["GET"]}}],"collection":[{"href":"https:\/\/herbaltattoo.eu\/de\/wp-json\/wp\/v2\/product"}],"about":[{"href":"https:\/\/herbaltattoo.eu\/de\/wp-json\/wp\/v2\/types\/product"}],"wp:featuredmedia":[{"embeddable":true,"href":"https:\/\/herbaltattoo.eu\/de\/wp-json\/wp\/v2\/media\/22369"}],"wp:attachment":[{"href":"https:\/\/herbaltattoo.eu\/de\/wp-json\/wp\/v2\/media?parent=22393"}],"wp:term":[{"taxonomy":"product_brand","embeddable":true,"href":"https:\/\/herbaltattoo.eu\/de\/wp-json\/wp\/v2\/product_brand?post=22393"},{"taxonomy":"product_cat","embeddable":true,"href":"https:\/\/herbaltattoo.eu\/de\/wp-json\/wp\/v2\/product_cat?post=22393"},{"taxonomy":"product_tag","embeddable":true,"href":"https:\/\/herbaltattoo.eu\/de\/wp-json\/wp\/v2\/product_tag?post=22393"}],"curies":[{"name":"wp","href":"https:\/\/api.w.org\/{rel}","templated":true}]}}