{"id":22389,"date":"2026-03-09T16:29:57","date_gmt":"2026-03-09T15:29:57","guid":{"rendered":"https:\/\/herbaltattoo.eu\/produkt\/masken-der-emotionen\/"},"modified":"2026-03-09T16:29:57","modified_gmt":"2026-03-09T15:29:57","slug":"masken-der-emotionen","status":"publish","type":"product","link":"https:\/\/herbaltattoo.eu\/de\/produkt\/masken-der-emotionen\/","title":{"rendered":"Masken der Emotionen"},"content":{"rendered":"<p>Das Tattoo <strong data-start=\"59\" data-end=\"77\">\u201eMasken der Emotionen\u201c<\/strong> symbolisiert verborgene Gef\u00fchle und dass man der Welt oft ein anderes Gesicht zeigt, als man innerlich f\u00fchlt. Es steht f\u00fcr den Kampf zwischen Freude und Trauer, St\u00e4rke in schwierigen Momenten sowie die Komplexit\u00e4t der menschlichen Psyche. Es ist ein Zeichen f\u00fcr eine Person, die eine Tiefe und Geschichte besitzt, die auf den ersten Blick unsichtbar ist.  <\/p>\n","protected":false},"excerpt":{"rendered":"<p>Das Tattoo \u201eMasken der Emotionen\u201c symbolisiert verborgene Gef\u00fchle und dass man der Welt oft ein anderes Gesicht zeigt, als man innerlich f\u00fchlt. Es steht f\u00fcr den Kampf zwischen Freude und Trauer, St\u00e4rke in schwierigen Momenten sowie die Komplexit\u00e4t der menschlichen Psyche. Es ist ein Zeichen f\u00fcr eine Person, die eine Tiefe und Geschichte besitzt, die&#8230;<\/p>\n","protected":false},"featured_media":22339,"template":"","meta":{"_monsterinsights_skip_tracking":false,"_monsterinsights_sitenote_active":false,"_monsterinsights_sitenote_note":"","_monsterinsights_sitenote_category":0,"_kadence_starter_templates_imported_post":false,"_kad_post_transparent":"","_kad_post_title":"","_kad_post_layout":"","_kad_post_sidebar_id":"","_kad_post_content_style":"","_kad_post_vertical_padding":"","_kad_post_feature":"","_kad_post_feature_position":"","_kad_post_header":false,"_kad_post_footer":false,"_kad_post_classname":""},"product_brand":[],"product_cat":[78,82],"product_tag":[],"class_list":{"0":"post-22389","1":"product","2":"type-product","3":"status-publish","4":"has-post-thumbnail","6":"product_cat-alles","7":"product_cat-volle-tattoos","9":"first","10":"instock","11":"taxable","12":"shipping-taxable","13":"purchasable","14":"product-type-simple","15":"entry","16":"content-bg","17":"loop-entry"},"jetpack_sharing_enabled":true,"_links":{"self":[{"href":"https:\/\/herbaltattoo.eu\/de\/wp-json\/wp\/v2\/product\/22389","targetHints":{"allow":["GET"]}}],"collection":[{"href":"https:\/\/herbaltattoo.eu\/de\/wp-json\/wp\/v2\/product"}],"about":[{"href":"https:\/\/herbaltattoo.eu\/de\/wp-json\/wp\/v2\/types\/product"}],"wp:featuredmedia":[{"embeddable":true,"href":"https:\/\/herbaltattoo.eu\/de\/wp-json\/wp\/v2\/media\/22339"}],"wp:attachment":[{"href":"https:\/\/herbaltattoo.eu\/de\/wp-json\/wp\/v2\/media?parent=22389"}],"wp:term":[{"taxonomy":"product_brand","embeddable":true,"href":"https:\/\/herbaltattoo.eu\/de\/wp-json\/wp\/v2\/product_brand?post=22389"},{"taxonomy":"product_cat","embeddable":true,"href":"https:\/\/herbaltattoo.eu\/de\/wp-json\/wp\/v2\/product_cat?post=22389"},{"taxonomy":"product_tag","embeddable":true,"href":"https:\/\/herbaltattoo.eu\/de\/wp-json\/wp\/v2\/product_tag?post=22389"}],"curies":[{"name":"wp","href":"https:\/\/api.w.org\/{rel}","templated":true}]}}