{"id":22382,"date":"2026-03-09T16:24:26","date_gmt":"2026-03-09T15:24:26","guid":{"rendered":"https:\/\/herbaltattoo.eu\/produkt\/love-son\/"},"modified":"2026-03-09T16:24:26","modified_gmt":"2026-03-09T15:24:26","slug":"love-son","status":"publish","type":"product","link":"https:\/\/herbaltattoo.eu\/de\/produkt\/love-son\/","title":{"rendered":"LOVE SON"},"content":{"rendered":"<p>Das Tattoo <strong data-start=\"55\" data-end=\"69\">\u201eLOVE SON\u201c<\/strong> symbolisiert bedingungslose Liebe, Stolz und eine starke Bindung zum Sohn. Es steht f\u00fcr Hingabe an die Familie und ein Gef\u00fchl, das unabh\u00e4ngig von Zeit und Umst\u00e4nden Bestand hat. Es ist auch ein Zeichen f\u00fcr Schutz, F\u00fcrsorge und daf\u00fcr, dass der Sohn der wichtigste Teil deines Lebens ist.  <\/p>\n","protected":false},"excerpt":{"rendered":"<p>Das Tattoo \u201eLOVE SON\u201c symbolisiert bedingungslose Liebe, Stolz und eine starke Bindung zum Sohn. Es steht f\u00fcr Hingabe an die Familie und ein Gef\u00fchl, das unabh\u00e4ngig von Zeit und Umst\u00e4nden Bestand hat. Es ist auch ein Zeichen f\u00fcr Schutz, F\u00fcrsorge und daf\u00fcr, dass der Sohn der wichtigste Teil deines Lebens ist.<\/p>\n","protected":false},"featured_media":22336,"template":"","meta":{"_monsterinsights_skip_tracking":false,"_monsterinsights_sitenote_active":false,"_monsterinsights_sitenote_note":"","_monsterinsights_sitenote_category":0,"_kadence_starter_templates_imported_post":false,"_kad_post_transparent":"","_kad_post_title":"","_kad_post_layout":"","_kad_post_sidebar_id":"","_kad_post_content_style":"","_kad_post_vertical_padding":"","_kad_post_feature":"","_kad_post_feature_position":"","_kad_post_header":false,"_kad_post_footer":false,"_kad_post_classname":""},"product_brand":[],"product_cat":[78,82],"product_tag":[],"class_list":{"0":"post-22382","1":"product","2":"type-product","3":"status-publish","4":"has-post-thumbnail","6":"product_cat-alles","7":"product_cat-volle-tattoos","9":"first","10":"instock","11":"taxable","12":"shipping-taxable","13":"purchasable","14":"product-type-simple","15":"entry","16":"content-bg","17":"loop-entry"},"jetpack_sharing_enabled":true,"_links":{"self":[{"href":"https:\/\/herbaltattoo.eu\/de\/wp-json\/wp\/v2\/product\/22382","targetHints":{"allow":["GET"]}}],"collection":[{"href":"https:\/\/herbaltattoo.eu\/de\/wp-json\/wp\/v2\/product"}],"about":[{"href":"https:\/\/herbaltattoo.eu\/de\/wp-json\/wp\/v2\/types\/product"}],"wp:featuredmedia":[{"embeddable":true,"href":"https:\/\/herbaltattoo.eu\/de\/wp-json\/wp\/v2\/media\/22336"}],"wp:attachment":[{"href":"https:\/\/herbaltattoo.eu\/de\/wp-json\/wp\/v2\/media?parent=22382"}],"wp:term":[{"taxonomy":"product_brand","embeddable":true,"href":"https:\/\/herbaltattoo.eu\/de\/wp-json\/wp\/v2\/product_brand?post=22382"},{"taxonomy":"product_cat","embeddable":true,"href":"https:\/\/herbaltattoo.eu\/de\/wp-json\/wp\/v2\/product_cat?post=22382"},{"taxonomy":"product_tag","embeddable":true,"href":"https:\/\/herbaltattoo.eu\/de\/wp-json\/wp\/v2\/product_tag?post=22382"}],"curies":[{"name":"wp","href":"https:\/\/api.w.org\/{rel}","templated":true}]}}